{"id":10585,"date":"2016-02-02T09:51:53","date_gmt":"2016-02-02T08:51:53","guid":{"rendered":"http:\/\/klubmamgdynia.pl\/index.php\/produkt\/ses-creativ-farby-do-malowania-palcami-eco-4-kolory-24926\/"},"modified":"2026-04-23T14:12:53","modified_gmt":"2026-04-23T12:12:53","slug":"ses-creativ-farby-do-malowania-palcami-eco-4-kolory-24926","status":"publish","type":"product","link":"http:\/\/klubmamgdynia.pl\/index.php\/produkt\/ses-creativ-farby-do-malowania-palcami-eco-4-kolory-24926\/","title":{"rendered":"Ses Creativ Farby Do Malowania Palcami Eco 4 Kolory 24926"},"content":{"rendered":"<p>Zestaw Eco &#8211; zestaw ekologicznych farb do malowania palcami. W zestawie 4 tuby.Farby \u0142atwo zmywalne, nie powoduj\u0105 alergii ani uczulenia i maj\u0105 mi\u0142y zapach i ciep\u0142\u0105 kolorystyk\u0119.Malowanie palcami wzmaga motoryk\u0119 i pobudza wyobra\u017ani\u0119 m\u0142odych artyst\u00f3w.L 27.8 x l 7 x H 5.7 cm<\/p>\n<h2>Ses Creativ Farby Do Malowania Palcami Eco 4 Kolory 24926 Ses<\/h2>\n<p>psikusy na prima aprilis, gotowe zaproszenia na urodziny do wydrukowania, quiz z bajek, asiunia &#8211; test z lektury pdf, sara, zagatki, rozrywka dla dzieci, karty pracy dla dzieci z ukrainy klasa 3, rozrywka dla dzieci, ferie warszawa 2022, karty pracy dla dzieci z ukrainy pdf, rzadkie imiona dla dziewczynek, janusz korczak cytaty<\/p>\n<p>yyyyy<\/p>\n<p>&nbsp;<\/p>\n","protected":false},"excerpt":{"rendered":"<p>Zestaw Eco &#8211; zestaw ekologicznych farb do malowania palcami. W zestawie 4 tuby.Farby \u0142atwo zmywalne, nie powoduj\u0105 alergii ani uczulenia i maj\u0105 mi\u0142y zapach i ciep\u0142\u0105 kolorystyk\u0119.Malowanie palcami wzmaga motoryk\u0119 i pobudza wyobra\u017ani\u0119 m\u0142odych artyst\u00f3w.L 27.8 x l 7 x H 5.7 cm Ses Creativ Farby Do Malowania Palcami Eco 4 Kolory 24926 Ses psikusy [&hellip;]<\/p>\n","protected":false},"featured_media":10586,"comment_status":"closed","ping_status":"open","template":"","meta":[],"product_cat":[357,21],"product_tag":[780,818,649],"class_list":["post-10585","product","type-product","status-publish","has-post-thumbnail","hentry","product_cat-ses","product_cat-zabawki-plastyczne","product_tag-krecik-bajka","product_tag-oliwier","product_tag-zagadki-dla-nastolatkow"],"_links":{"self":[{"href":"http:\/\/klubmamgdynia.pl\/index.php\/wp-json\/wp\/v2\/product\/10585","targetHints":{"allow":["GET"]}}],"collection":[{"href":"http:\/\/klubmamgdynia.pl\/index.php\/wp-json\/wp\/v2\/product"}],"about":[{"href":"http:\/\/klubmamgdynia.pl\/index.php\/wp-json\/wp\/v2\/types\/product"}],"replies":[{"embeddable":true,"href":"http:\/\/klubmamgdynia.pl\/index.php\/wp-json\/wp\/v2\/comments?post=10585"}],"wp:featuredmedia":[{"embeddable":true,"href":"http:\/\/klubmamgdynia.pl\/index.php\/wp-json\/wp\/v2\/media\/10586"}],"wp:attachment":[{"href":"http:\/\/klubmamgdynia.pl\/index.php\/wp-json\/wp\/v2\/media?parent=10585"}],"wp:term":[{"taxonomy":"product_cat","embeddable":true,"href":"http:\/\/klubmamgdynia.pl\/index.php\/wp-json\/wp\/v2\/product_cat?post=10585"},{"taxonomy":"product_tag","embeddable":true,"href":"http:\/\/klubmamgdynia.pl\/index.php\/wp-json\/wp\/v2\/product_tag?post=10585"}],"curies":[{"name":"wp","href":"https:\/\/api.w.org\/{rel}","templated":true}]}}