{"id":10587,"date":"2023-07-31T20:21:35","date_gmt":"2023-07-31T18:21:35","guid":{"rendered":"http:\/\/klubmamgdynia.pl\/?post_type=product&#038;p=10587"},"modified":"2026-04-30T19:24:36","modified_gmt":"2026-04-30T17:24:36","slug":"lisciani-zestaw-edukacyjny-crazy-science-laboratorium-duchow","status":"publish","type":"product","link":"http:\/\/klubmamgdynia.pl\/index.php\/produkt\/lisciani-zestaw-edukacyjny-crazy-science-laboratorium-duchow\/","title":{"rendered":"Lisciani Zestaw Edukacyjny Crazy Science Laboratorium Duch\u00f3w"},"content":{"rendered":"<p>Lisciani Zestaw Edukacyjny Crazy Science Laboratorium Duch\u00f3w<\/p>\n<p>W Laboratorium<br \/>\nprzera\u017caj\u0105cych duch\u00f3w dziej\u0105 si\u0119 rzeczy niecodzienne! Cillo tym razem zabiera<br \/>\ndzieciaki w podr\u00f3\u017c do laboratorium Doktora Marazma, kt\u00f3ry od lat prowadzi<br \/>\neksperymenty na duchach! U\u017cywaj\u0105c tego zestawu dzieci mog\u0105 wykona\u0107 slime, kt\u00f3re<br \/>\n\u015bwiec\u0105 w ciemno\u015bci i inne eksperymenty naukowe u\u017cywaj\u0105c m.in. proszku<br \/>\nfluorescencyjnego, kt\u00f3ry sprawi, \u017ce ich twory b\u0119d\u0105 \u015bwie\u0107i\u0107 po zmroku. Crazy<br \/>\nScience to nowa seria gier Lisciani w kt\u00f3rej dzieci zag\u0142\u0119biaj\u0105 si\u0119 w naukowy<br \/>\n\u015bwiat z przymru\u017ceniem oka. Przez ca\u0142\u0105 seri\u0119 towarzyszy im Cillo &#8211; zabawna<br \/>\nbakteria, kt\u00f3ra przedstawia kolejnych naukowc\u00f3w i krok po kroku opisuje w jaki<br \/>\nspos\u00f3b bezpiecznie wykona\u0107 do\u015bwiadczenia.Wiek 8+<\/p>\n<h2>Lisciani Zestaw Edukacyjny Crazy Science Laboratorium Duch\u00f3w Lisciani Giochi<\/h2>\n<p>eksperyment dla dzieci wulkan, test wiedzy z lektury przygody tomka sawyera z odpowiedziami, kolorowanki samochody, lato, nauczyciel cytaty, niezapomniany prezent na roczek, opisy do zdj z dzieckiem, kr\u00f3tkie bajki na dobranoc do czytania, ko\u0142ysanki dla dzieci tekst, zagadki dla dzieci 10 lat<\/p>\n<p>yyyyy<\/p>\n<p>&nbsp;<\/p>\n","protected":false},"excerpt":{"rendered":"<p>Lisciani Zestaw Edukacyjny Crazy Science Laboratorium Duch\u00f3w W Laboratorium przera\u017caj\u0105cych duch\u00f3w dziej\u0105 si\u0119 rzeczy niecodzienne! Cillo tym razem zabiera dzieciaki w podr\u00f3\u017c do laboratorium Doktora Marazma, kt\u00f3ry od lat prowadzi eksperymenty na duchach! U\u017cywaj\u0105c tego zestawu dzieci mog\u0105 wykona\u0107 slime, kt\u00f3re \u015bwiec\u0105 w ciemno\u015bci i inne eksperymenty naukowe u\u017cywaj\u0105c m.in. proszku fluorescencyjnego, kt\u00f3ry sprawi, \u017ce [&hellip;]<\/p>\n","protected":false},"featured_media":10588,"comment_status":"closed","ping_status":"open","template":"","meta":[],"product_cat":[553,72],"product_tag":[854,589,798,794],"class_list":["post-10587","product","type-product","status-publish","has-post-thumbnail","hentry","product_cat-lisciani-giochi","product_cat-mali-naukowcy","product_tag-cytaty-rodzina","product_tag-prezent-dla-rocznego-dziecka","product_tag-prezenty-dla-nastolatki","product_tag-test-opowiesci-z-narnii-lew-czarownica-i-stara-szafa-do-druku"],"_links":{"self":[{"href":"http:\/\/klubmamgdynia.pl\/index.php\/wp-json\/wp\/v2\/product\/10587","targetHints":{"allow":["GET"]}}],"collection":[{"href":"http:\/\/klubmamgdynia.pl\/index.php\/wp-json\/wp\/v2\/product"}],"about":[{"href":"http:\/\/klubmamgdynia.pl\/index.php\/wp-json\/wp\/v2\/types\/product"}],"replies":[{"embeddable":true,"href":"http:\/\/klubmamgdynia.pl\/index.php\/wp-json\/wp\/v2\/comments?post=10587"}],"wp:featuredmedia":[{"embeddable":true,"href":"http:\/\/klubmamgdynia.pl\/index.php\/wp-json\/wp\/v2\/media\/10588"}],"wp:attachment":[{"href":"http:\/\/klubmamgdynia.pl\/index.php\/wp-json\/wp\/v2\/media?parent=10587"}],"wp:term":[{"taxonomy":"product_cat","embeddable":true,"href":"http:\/\/klubmamgdynia.pl\/index.php\/wp-json\/wp\/v2\/product_cat?post=10587"},{"taxonomy":"product_tag","embeddable":true,"href":"http:\/\/klubmamgdynia.pl\/index.php\/wp-json\/wp\/v2\/product_tag?post=10587"}],"curies":[{"name":"wp","href":"https:\/\/api.w.org\/{rel}","templated":true}]}}