{"id":10589,"date":"2011-06-29T14:43:18","date_gmt":"2011-06-29T12:43:18","guid":{"rendered":"http:\/\/klubmamgdynia.pl\/index.php\/produkt\/urwiskowo-tablet-graficzny-do-rysowania-znikopis-rozowy-10\/"},"modified":"2026-04-05T13:55:07","modified_gmt":"2026-04-05T11:55:07","slug":"urwiskowo-tablet-graficzny-do-rysowania-znikopis-rozowy-10","status":"publish","type":"product","link":"http:\/\/klubmamgdynia.pl\/index.php\/produkt\/urwiskowo-tablet-graficzny-do-rysowania-znikopis-rozowy-10\/","title":{"rendered":"Urwiskowo Tablet Graficzny Do Rysowania Znikopis R\u00f3\u017cowy 10&#8243;"},"content":{"rendered":"<p>Tablet graficzny to doskona\u0142a alternatywa dla tradycyjnych kredek lub d\u0142ugopisu. Urz\u0105dzenie mo\u017ce by\u0107 narz\u0119dziem do zabawy dla dzieci ale gdy zajdzie potrzeba spe\u0142ni funkcj\u0119 notesu dla Ciebie. \u015awietnie sprawdzi si\u0119 w d\u0142ugiej podr\u00f3\u017cy, umilaj\u0105c czas dziecku.Tablet do rysowania posiada 10 ekran LCD, po kt\u00f3rym mo\u017cna swobodnie pisa\u0107 lub rysowa\u0107 do\u0142\u0105czonym rysikiem. W celu wymazania zawarto\u015bci wystarczy wcisn\u0105\u0107 przycisk czyszczenia, a obraz zniknie.Odpowiedni wiek: 3 lata+Zasilanie: bateria CR2025 3V (w zestawie bateria testowa)D\u0142ugo\u015b\u0107 rysiku: 12 cmWymiary powierzchni do rysowania: 13,8 (szer.) x 21 (d\u0142.) cmWymiary tabletu:17 (szer.) x 0,5 (g\u0142.) x27,2 (d\u0142.) cmWymiary opakowania: 17 (szer.) x 1 (g\u0142.) x 27,5 (d\u0142.) cmInformacja od producenta: Nieodpowiednie dla dzieci poni\u017cej 3 lat ze wzgl\u0119du na wyst\u0119powanie ma\u0142ych cz\u0119\u015bci. Istnieje ryzyko po\u0142kni\u0119cia\/zad\u0142awienia i uszkodzenia cia\u0142a.<\/p>\n<h2>Urwiskowo Tablet Graficzny Do Rysowania Znikopis R\u00f3\u017cowy 10&#8243; Urwiskowo<\/h2>\n<p>prezent dla nastolatk\u00f3w, imiona dla ch\u0142opc\u00f3w, zagadki dla dzieci z odpowiedziami, skalne miasto, kolorowanki do druku dla dziewczynek, asiunia test z lektury, karty pracy po ukrai\u0144sku, gotowe zaproszenia na urodziny do wydrukowania, zagadki dla 4 latka, m\u0105dre cytaty dla dzieci, atrakcje dla dzieci mazowieckie, bajka o biedronce, kwiecie\u0144 plecie\u0144 wiersz, quiz pi\u0142karski, prezent na roczek dla chlopca, filmy wigilijne dla dzieci<\/p>\n<p>yyyyy<\/p>\n<p>&nbsp;<\/p>\n","protected":false},"excerpt":{"rendered":"<p>Tablet graficzny to doskona\u0142a alternatywa dla tradycyjnych kredek lub d\u0142ugopisu. Urz\u0105dzenie mo\u017ce by\u0107 narz\u0119dziem do zabawy dla dzieci ale gdy zajdzie potrzeba spe\u0142ni funkcj\u0119 notesu dla Ciebie. \u015awietnie sprawdzi si\u0119 w d\u0142ugiej podr\u00f3\u017cy, umilaj\u0105c czas dziecku.Tablet do rysowania posiada 10 ekran LCD, po kt\u00f3rym mo\u017cna swobodnie pisa\u0107 lub rysowa\u0107 do\u0142\u0105czonym rysikiem. W celu wymazania zawarto\u015bci [&hellip;]<\/p>\n","protected":false},"featured_media":10590,"comment_status":"closed","ping_status":"open","template":"","meta":[],"product_cat":[1123,21],"product_tag":[716,583,768],"class_list":["post-10589","product","type-product","status-publish","has-post-thumbnail","hentry","product_cat-urwiskowo","product_cat-zabawki-plastyczne","product_tag-filmy-animowane-o-swietach","product_tag-kolysanki-dla-dzieci-tekst","product_tag-krotkie-zagadki-logiczne"],"_links":{"self":[{"href":"http:\/\/klubmamgdynia.pl\/index.php\/wp-json\/wp\/v2\/product\/10589","targetHints":{"allow":["GET"]}}],"collection":[{"href":"http:\/\/klubmamgdynia.pl\/index.php\/wp-json\/wp\/v2\/product"}],"about":[{"href":"http:\/\/klubmamgdynia.pl\/index.php\/wp-json\/wp\/v2\/types\/product"}],"replies":[{"embeddable":true,"href":"http:\/\/klubmamgdynia.pl\/index.php\/wp-json\/wp\/v2\/comments?post=10589"}],"wp:featuredmedia":[{"embeddable":true,"href":"http:\/\/klubmamgdynia.pl\/index.php\/wp-json\/wp\/v2\/media\/10590"}],"wp:attachment":[{"href":"http:\/\/klubmamgdynia.pl\/index.php\/wp-json\/wp\/v2\/media?parent=10589"}],"wp:term":[{"taxonomy":"product_cat","embeddable":true,"href":"http:\/\/klubmamgdynia.pl\/index.php\/wp-json\/wp\/v2\/product_cat?post=10589"},{"taxonomy":"product_tag","embeddable":true,"href":"http:\/\/klubmamgdynia.pl\/index.php\/wp-json\/wp\/v2\/product_tag?post=10589"}],"curies":[{"name":"wp","href":"https:\/\/api.w.org\/{rel}","templated":true}]}}