{"id":10593,"date":"2023-12-17T15:27:17","date_gmt":"2023-12-17T14:27:17","guid":{"rendered":"http:\/\/klubmamgdynia.pl\/?post_type=product&#038;p=10593"},"modified":"2026-05-17T22:14:00","modified_gmt":"2026-05-17T20:14:00","slug":"crayola-washimals-safari-zwierzatka-do-kolorowania","status":"publish","type":"product","link":"http:\/\/klubmamgdynia.pl\/index.php\/produkt\/crayola-washimals-safari-zwierzatka-do-kolorowania\/","title":{"rendered":"Crayola Washimals Safari Zwierz\u0105tka Do Kolorowania"},"content":{"rendered":"<p>Crayola Washimals to zestaw ze zwierz\u0105tkami w tematyce d\u017cungli.Pokoloruj zwierz\u0105tka u\u017cywaj\u0105c specjalnych flamastr\u00f3w a nast\u0119pnie zmyj zdobienia w sadzawce&#8230;Pokoloruj jeszcze raz &#8230;Opakowanie zawiera4 zwierz\u0105tka w tematyce Safari do kolorowania6 flamastr\u00f3wSzczotkasadzawka(wanienka)wraz z palm\u0105<\/p>\n<h2>Crayola Washimals Safari Zwierz\u0105tka Do Kolorowania Crayola<\/h2>\n<p>pa\u0144stwa europy i ich stolice quiz, prezenty dla nastolatk\u00f3w do 50 z\u0142, kolorowanka lody, aneta, zagadki dla ma\u0142ych dzieci, prezent na urodziny dla nastolatki, laurka dla babci, kolorowanki miasto, co kupi\u0107 nastolatkowi, chase psi patrol kolorowanka, bajka o piesku do czytania, esmeralda, kolorowanka lego ninjago, podzi\u0119kowania dla nauczyciela cytaty, gabriel, pikachu kolorowanka, gwiazdka do druku, kolorowanki my little pony, prezent na dzie\u0144 dziecka dla nastolatk\u00f3w, kuku\u0142eczka kuka tekst, co na roczek dla ch\u0142opca<\/p>\n<p>yyyyy<\/p>\n<p>&nbsp;<\/p>\n","protected":false},"excerpt":{"rendered":"<p>Crayola Washimals to zestaw ze zwierz\u0105tkami w tematyce d\u017cungli.Pokoloruj zwierz\u0105tka u\u017cywaj\u0105c specjalnych flamastr\u00f3w a nast\u0119pnie zmyj zdobienia w sadzawce&#8230;Pokoloruj jeszcze raz &#8230;Opakowanie zawiera4 zwierz\u0105tka w tematyce Safari do kolorowania6 flamastr\u00f3wSzczotkasadzawka(wanienka)wraz z palm\u0105 Crayola Washimals Safari Zwierz\u0105tka Do Kolorowania Crayola pa\u0144stwa europy i ich stolice quiz, prezenty dla nastolatk\u00f3w do 50 z\u0142, kolorowanka lody, aneta, zagadki [&hellip;]<\/p>\n","protected":false},"featured_media":10594,"comment_status":"closed","ping_status":"open","template":"","meta":[],"product_cat":[1913,21],"product_tag":[836,852,780,642,842,870],"class_list":["post-10593","product","type-product","status-publish","has-post-thumbnail","hentry","product_cat-crayola","product_cat-zabawki-plastyczne","product_tag-co-kupic-dziecku-na-roczek","product_tag-jak-zrobic-samolot-z-papieru","product_tag-krecik-bajka","product_tag-mia-imie","product_tag-plac-zabaw-poznan","product_tag-prezent-dla-chlopca-na-roczek"],"_links":{"self":[{"href":"http:\/\/klubmamgdynia.pl\/index.php\/wp-json\/wp\/v2\/product\/10593","targetHints":{"allow":["GET"]}}],"collection":[{"href":"http:\/\/klubmamgdynia.pl\/index.php\/wp-json\/wp\/v2\/product"}],"about":[{"href":"http:\/\/klubmamgdynia.pl\/index.php\/wp-json\/wp\/v2\/types\/product"}],"replies":[{"embeddable":true,"href":"http:\/\/klubmamgdynia.pl\/index.php\/wp-json\/wp\/v2\/comments?post=10593"}],"wp:featuredmedia":[{"embeddable":true,"href":"http:\/\/klubmamgdynia.pl\/index.php\/wp-json\/wp\/v2\/media\/10594"}],"wp:attachment":[{"href":"http:\/\/klubmamgdynia.pl\/index.php\/wp-json\/wp\/v2\/media?parent=10593"}],"wp:term":[{"taxonomy":"product_cat","embeddable":true,"href":"http:\/\/klubmamgdynia.pl\/index.php\/wp-json\/wp\/v2\/product_cat?post=10593"},{"taxonomy":"product_tag","embeddable":true,"href":"http:\/\/klubmamgdynia.pl\/index.php\/wp-json\/wp\/v2\/product_tag?post=10593"}],"curies":[{"name":"wp","href":"https:\/\/api.w.org\/{rel}","templated":true}]}}