{"id":10595,"date":"2021-09-13T21:23:57","date_gmt":"2021-09-13T19:23:57","guid":{"rendered":"http:\/\/klubmamgdynia.pl\/index.php\/produkt\/dante-44-koty-pieczatki\/"},"modified":"2026-05-17T22:21:23","modified_gmt":"2026-05-17T20:21:23","slug":"dante-44-koty-pieczatki","status":"publish","type":"product","link":"http:\/\/klubmamgdynia.pl\/index.php\/produkt\/dante-44-koty-pieczatki\/","title":{"rendered":"Dante 44 koty &#8211; Piecz\u0105tki"},"content":{"rendered":"<p>Piecz\u0105tki na licencji 44 Koty. W sk\u0142ad zestawu wchodz\u0105: 4 piecz\u0105tki, 1 poduszeczka do tuszu i 7 pisak\u00f3w. NAZWA 44 KOTY &#8211; PIECZ\u0104TKI 4SZT PRODUCENT MULTIPRINT WIEK 3+ WYMIARY 190 X 270 X 33 MM EAN 8009233279865 Znajd\u017a podobne wed\u0142ug klucza: MULTIPRINT (382145)<\/p>\n<h2>Dante 44 koty &#8211; Piecz\u0105tki Dante<\/h2>\n<p>milosz imie, paj\u0105czek na rowerze test, zagadki wielkanocne przedszkole, kundel bury tekst, kwiaty polne nazwy, zabawki na roczek, zaproszenie na urodziny dziecka tekst do druku, zagadki dla 8 latka, rysunki \u0142atwe, sara, zabawka na roczek dla ch\u0142opca, \u0142\u00f3d\u017a atrakcje dla dzieci, atrakcje dla dzieci wroc\u0142aw 2021, zagadki logiczne i odpowiedzi, g\u0142upie zagadki, sandra imie, bajka o smoku, mini zoo mazowieckie, pytania logiczne<\/p>\n<p>yyyyy<\/p>\n<p>&nbsp;<\/p>\n","protected":false},"excerpt":{"rendered":"<p>Piecz\u0105tki na licencji 44 Koty. W sk\u0142ad zestawu wchodz\u0105: 4 piecz\u0105tki, 1 poduszeczka do tuszu i 7 pisak\u00f3w. NAZWA 44 KOTY &#8211; PIECZ\u0104TKI 4SZT PRODUCENT MULTIPRINT WIEK 3+ WYMIARY 190 X 270 X 33 MM EAN 8009233279865 Znajd\u017a podobne wed\u0142ug klucza: MULTIPRINT (382145) Dante 44 koty &#8211; Piecz\u0105tki Dante milosz imie, paj\u0105czek na rowerze test, [&hellip;]<\/p>\n","protected":false},"featured_media":10596,"comment_status":"closed","ping_status":"open","template":"","meta":[],"product_cat":[249,21],"product_tag":[851,585,821,835,736,756],"class_list":["post-10595","product","type-product","status-publish","has-post-thumbnail","hentry","product_cat-dante","product_cat-zabawki-plastyczne","product_tag-jak-narysowac-kota","product_tag-kolorowanki-dla-chlopcow","product_tag-marianna","product_tag-radosc-dziecka-cytaty","product_tag-zabawki-na-roczek","product_tag-zaproszenie-na-urodziny-do-druku"],"_links":{"self":[{"href":"http:\/\/klubmamgdynia.pl\/index.php\/wp-json\/wp\/v2\/product\/10595","targetHints":{"allow":["GET"]}}],"collection":[{"href":"http:\/\/klubmamgdynia.pl\/index.php\/wp-json\/wp\/v2\/product"}],"about":[{"href":"http:\/\/klubmamgdynia.pl\/index.php\/wp-json\/wp\/v2\/types\/product"}],"replies":[{"embeddable":true,"href":"http:\/\/klubmamgdynia.pl\/index.php\/wp-json\/wp\/v2\/comments?post=10595"}],"wp:featuredmedia":[{"embeddable":true,"href":"http:\/\/klubmamgdynia.pl\/index.php\/wp-json\/wp\/v2\/media\/10596"}],"wp:attachment":[{"href":"http:\/\/klubmamgdynia.pl\/index.php\/wp-json\/wp\/v2\/media?parent=10595"}],"wp:term":[{"taxonomy":"product_cat","embeddable":true,"href":"http:\/\/klubmamgdynia.pl\/index.php\/wp-json\/wp\/v2\/product_cat?post=10595"},{"taxonomy":"product_tag","embeddable":true,"href":"http:\/\/klubmamgdynia.pl\/index.php\/wp-json\/wp\/v2\/product_tag?post=10595"}],"curies":[{"name":"wp","href":"https:\/\/api.w.org\/{rel}","templated":true}]}}