{"id":10597,"date":"2019-12-30T17:05:29","date_gmt":"2019-12-30T16:05:29","guid":{"rendered":"http:\/\/klubmamgdynia.pl\/index.php\/produkt\/kinderplay-kasa-kp3268-zabawka\/"},"modified":"2026-04-03T16:04:36","modified_gmt":"2026-04-03T14:04:36","slug":"kinderplay-kasa-kp3268-zabawka","status":"publish","type":"product","link":"http:\/\/klubmamgdynia.pl\/index.php\/produkt\/kinderplay-kasa-kp3268-zabawka\/","title":{"rendered":"Kinderplay Kasa (Kp3268) &#8211; Zabawka"},"content":{"rendered":"<p>Edukacyjna kasa z skanerem i wag\u0105 to rewelacyjna zabawa w sklep. Nauka poprzez zabaw\u0119! Nasza elektroniczna kasa, posiada wszystko to co najnowocze\u015bniejsze kasy sklepowe posiada\u0107 powinny.Dzia\u0142aj\u0105cy skaner! Wystarczy wcisn\u0105\u0107 przycisk na skanerze a odtworz\u0105 si\u0119 efekty \u015bwietlne i d\u017awi\u0119kowe.Kasa pe\u0142ni funkcj\u0119 kalkulatora, pos\u0142u\u017cy nawet starszym dzieciom. Kasa posiada imitacj\u0119 mikrofonu. \u015awietny zestaw do zabawy w sklep!Nauka poprzez zabaw\u0119 \/ Kasa z wag\u0105 \/ Kalkulator \/ Skaner \/ Monety \/ Karta p\u0142atnicza \/ Plastikowe produkty spo\u017cywczeSPECYFIKACJAMarka: KINDERPLAYModel: KP3268Wymiary produktu: oko\u0142o 17 x 26 x 15 cmZasilanie: 3 x 1,5V AA (brak w zestawie)Wymiary opakowania: oko\u0142o 34 x 21 x 17 cmEfekty \u015bwietlne: TAKEfekty d\u017awi\u0119kowe: TAKStan: NowyGWARANCJA 2 lata \/ CERTYFIKAT CE<\/p>\n<h2>Kinderplay Kasa (Kp3268) &#8211; Zabawka Kinderplay<\/h2>\n<p>zabawy dla 5-6 latk\u00f3w, test opowie\u015b\u0107 wigilijna, krotkie zagadki, choinko pi\u0119kna jak las tekst, hymn g\u00f3rniczy, zimowe zagadki, prezent dla nastolatka, flagi \u015bwiata quiz, prezenty na roczek dla dziewczynki, spiderman kolorowanka, hobbit, o mamie, \u0142amig\u0142\u00f3wki dla 4 latka do druku, anio\u0142ki w niebie pisz\u0105, prima aprilis w szkole, rado\u015b\u0107 dziecka cytaty, walentynka kolorowanka, karolcia test z lektury<\/p>\n<p>yyyyy<\/p>\n<p>&nbsp;<\/p>\n","protected":false},"excerpt":{"rendered":"<p>Edukacyjna kasa z skanerem i wag\u0105 to rewelacyjna zabawa w sklep. Nauka poprzez zabaw\u0119! Nasza elektroniczna kasa, posiada wszystko to co najnowocze\u015bniejsze kasy sklepowe posiada\u0107 powinny.Dzia\u0142aj\u0105cy skaner! Wystarczy wcisn\u0105\u0107 przycisk na skanerze a odtworz\u0105 si\u0119 efekty \u015bwietlne i d\u017awi\u0119kowe.Kasa pe\u0142ni funkcj\u0119 kalkulatora, pos\u0142u\u017cy nawet starszym dzieciom. Kasa posiada imitacj\u0119 mikrofonu. \u015awietny zestaw do zabawy w [&hellip;]<\/p>\n","protected":false},"featured_media":10598,"comment_status":"closed","ping_status":"open","template":"","meta":[],"product_cat":[53,1917],"product_tag":[667,810,690,835,712],"class_list":["post-10597","product","type-product","status-publish","has-post-thumbnail","hentry","product_cat-kaciki-zabaw","product_cat-kinderplay","product_tag-kolorowanka-lol","product_tag-nauka-zegara-do-druku","product_tag-pieski-male-dwa-tekst","product_tag-radosc-dziecka-cytaty","product_tag-zagadki-o-zwierzetach"],"_links":{"self":[{"href":"http:\/\/klubmamgdynia.pl\/index.php\/wp-json\/wp\/v2\/product\/10597","targetHints":{"allow":["GET"]}}],"collection":[{"href":"http:\/\/klubmamgdynia.pl\/index.php\/wp-json\/wp\/v2\/product"}],"about":[{"href":"http:\/\/klubmamgdynia.pl\/index.php\/wp-json\/wp\/v2\/types\/product"}],"replies":[{"embeddable":true,"href":"http:\/\/klubmamgdynia.pl\/index.php\/wp-json\/wp\/v2\/comments?post=10597"}],"wp:featuredmedia":[{"embeddable":true,"href":"http:\/\/klubmamgdynia.pl\/index.php\/wp-json\/wp\/v2\/media\/10598"}],"wp:attachment":[{"href":"http:\/\/klubmamgdynia.pl\/index.php\/wp-json\/wp\/v2\/media?parent=10597"}],"wp:term":[{"taxonomy":"product_cat","embeddable":true,"href":"http:\/\/klubmamgdynia.pl\/index.php\/wp-json\/wp\/v2\/product_cat?post=10597"},{"taxonomy":"product_tag","embeddable":true,"href":"http:\/\/klubmamgdynia.pl\/index.php\/wp-json\/wp\/v2\/product_tag?post=10597"}],"curies":[{"name":"wp","href":"https:\/\/api.w.org\/{rel}","templated":true}]}}