{"id":10599,"date":"2014-04-17T03:13:37","date_gmt":"2014-04-17T01:13:37","guid":{"rendered":"http:\/\/klubmamgdynia.pl\/index.php\/produkt\/dante-carotina-zabawny-alfabet\/"},"modified":"2026-04-03T21:32:47","modified_gmt":"2026-04-03T19:32:47","slug":"dante-carotina-zabawny-alfabet","status":"publish","type":"product","link":"http:\/\/klubmamgdynia.pl\/index.php\/produkt\/dante-carotina-zabawny-alfabet\/","title":{"rendered":"Dante Carotina Zabawny Alfabet"},"content":{"rendered":"<p>Linia Carotina Preschool zosta\u0142a stworzona specjalnie dla dzieci w wieku przedszkolnym, z wykorzystaniem du\u017cych element\u00f3w z grubej tektury pokrytych kolorowymi obrazkami. Gra polega na dopasowaniu do siebie 62 element\u00f3w z literkami, obrazkami, oraz s\u0142owami. W ten spos\u00f3b dziecko uczy si\u0119 alfabetu i czytania&#8230;.<\/p>\n<h2>Dante Carotina Zabawny Alfabet Dante<\/h2>\n<p>dobrej nocy i sza, cicha noc po angielsku tekst, afryka\u0144skie imiona, zagadki o bajkach, trudne zagadki logiczne z odpowiedziami, kostek imi\u0119, kaczuszka, koty kolorowanki, cytaty o przyja\u017ani, niespotykane imiona \u017ce\u0144skie, test asiunia, quiz o dinozaurach, psi patrol kolorowanki, rodzina cytaty, zagadki logiczne dla doros\u0142ych, nietypowe imiona damskie, jeziora blisko warszawy<\/p>\n<p>yyyyy<\/p>\n<p>&nbsp;<\/p>\n","protected":false},"excerpt":{"rendered":"<p>Linia Carotina Preschool zosta\u0142a stworzona specjalnie dla dzieci w wieku przedszkolnym, z wykorzystaniem du\u017cych element\u00f3w z grubej tektury pokrytych kolorowymi obrazkami. Gra polega na dopasowaniu do siebie 62 element\u00f3w z literkami, obrazkami, oraz s\u0142owami. W ten spos\u00f3b dziecko uczy si\u0119 alfabetu i czytania&#8230;. Dante Carotina Zabawny Alfabet Dante dobrej nocy i sza, cicha noc po [&hellip;]<\/p>\n","protected":false},"featured_media":10600,"comment_status":"closed","ping_status":"open","template":"","meta":[],"product_cat":[249,21],"product_tag":[858,589,786,778],"class_list":["post-10599","product","type-product","status-publish","has-post-thumbnail","hentry","product_cat-dante","product_cat-zabawki-plastyczne","product_tag-podchwytliwe-zagadki","product_tag-prezent-dla-rocznego-dziecka","product_tag-prezent-na-1-urodziny","product_tag-zabawki-na-roczek-dla-chlopca"],"_links":{"self":[{"href":"http:\/\/klubmamgdynia.pl\/index.php\/wp-json\/wp\/v2\/product\/10599","targetHints":{"allow":["GET"]}}],"collection":[{"href":"http:\/\/klubmamgdynia.pl\/index.php\/wp-json\/wp\/v2\/product"}],"about":[{"href":"http:\/\/klubmamgdynia.pl\/index.php\/wp-json\/wp\/v2\/types\/product"}],"replies":[{"embeddable":true,"href":"http:\/\/klubmamgdynia.pl\/index.php\/wp-json\/wp\/v2\/comments?post=10599"}],"wp:featuredmedia":[{"embeddable":true,"href":"http:\/\/klubmamgdynia.pl\/index.php\/wp-json\/wp\/v2\/media\/10600"}],"wp:attachment":[{"href":"http:\/\/klubmamgdynia.pl\/index.php\/wp-json\/wp\/v2\/media?parent=10599"}],"wp:term":[{"taxonomy":"product_cat","embeddable":true,"href":"http:\/\/klubmamgdynia.pl\/index.php\/wp-json\/wp\/v2\/product_cat?post=10599"},{"taxonomy":"product_tag","embeddable":true,"href":"http:\/\/klubmamgdynia.pl\/index.php\/wp-json\/wp\/v2\/product_tag?post=10599"}],"curies":[{"name":"wp","href":"https:\/\/api.w.org\/{rel}","templated":true}]}}