{"id":10601,"date":"2018-08-13T10:37:57","date_gmt":"2018-08-13T08:37:57","guid":{"rendered":"http:\/\/klubmamgdynia.pl\/index.php\/produkt\/janod-wyscigowka-drewniana-racer-zolta-j08548_z\/"},"modified":"2026-05-17T22:42:15","modified_gmt":"2026-05-17T20:42:15","slug":"janod-wyscigowka-drewniana-racer-zolta-j08548_z","status":"publish","type":"product","link":"http:\/\/klubmamgdynia.pl\/index.php\/produkt\/janod-wyscigowka-drewniana-racer-zolta-j08548_z\/","title":{"rendered":"Janod Wy\u015bcig\u00f3wka Drewniana Racer \u017b\u00f3\u0142ta J08548_Z"},"content":{"rendered":"<p>\u017b\u00f3\u0142ta wy\u015bcig\u00f3wka Racer to jeden z kolekcji drewnianych samochodzik\u00f3w STORY Racing francuskiej marki Janod to 10 unikatowych, wykonanych z najlepszych materia\u0142\u00f3w samochod\u00f3w wy\u015bcigowych do zabawy. Gratka dla fana wy\u015bcig\u00f3w, kt\u00f3ry z rado\u015bci\u0105 zbierze ca\u0142\u0105 kolekcj\u0119:\u017c\u00f3\u0142ty i czerwony samochodzik Roadster oraz pozosta\u0142e wy\u015bcig\u00f3wki w innych stylach: Retromotor, Speed, Formu\u0142a 1 oraz Roadster. Samochodziki mog\u0105 je\u017adzi\u0107 po wszystkich powierzchniach, pasuj\u0105 tak\u017ce do tor\u00f3w w kolejce drewnianej Janod. Wy\u015bcig\u00f3wka zaprojektowana we Francji, zapakowana w estetyczne, kartonowe pude\u0142ko, idealne na prezent. Pojazdy i kolejki drewniane Janod z serii STORY to po\u0142\u0105czenie zabawy ze stymulacj\u0105 rozwoju dziecka. Ogromny wyb\u00f3r postaci, pojazd\u00f3w i innych element\u00f3w scenerii pozwala na tworzenie niepowtarzalnych, pobudzaj\u0105cych wyobra\u017ani\u0119 historii, dzi\u0119ki czemu Twoje dziecko szybko si\u0119 nie znudzi. Wszystkie zabawki z serii Story Janod pasuj\u0105 do siebie, co pozwoli na zebranie znacz\u0105cej kolekcji. Drewniane zabawki pozytywnie wp\u0142ywaj\u0105 na wszechstronny rozw\u00f3j dziecka. Daj\u0105 mo\u017cliwo\u015b\u0107 rozwijania kreatywnego my\u015blenia. Zestawy \u0107wicz\u0105 ma\u0142e r\u0105czki i pomagaj\u0105 w rozwoju zdolno\u015bci manualnych. Kontakt z drewnianymi zabawkami daje du\u017co rado\u015bci i rozwija poczucie estetyki u dziecka. Janod od 1970 roku niezmiennie projektuje zabawki, kt\u00f3re s\u0105 synonimem innowacyjno\u015bci, francuskiego designu i najwy\u017cszej jako\u015bci. Unikalne zabawki Janod tworzone s\u0105 z drewna i innych doskona\u0142ych materia\u0142\u00f3w, a przede wszystkim z dzieci\u0119cych marze\u0144! Janod \u2013 JUST PLAY indeks: J08546producent: Janodwiek: 12m +liczba element\u00f3w: -materia\u0142: drewnodesign: Francjawymiary produktu: 9,20 x 3,20 x 4,50 cmwaga produktu: 0,06 kgwymiary opakowania: 15 x 4 x 12 cmbezpiecze\u0144stwo i jako\u015b\u0107: EN71-1; EN71-2, EN71-3; REACH<\/p>\n<h2>Janod Wy\u015bcig\u00f3wka Drewniana Racer \u017b\u00f3\u0142ta J08548_Z Janod<\/h2>\n<p>ma\u0142y ksi\u0105\u017c\u0119 cytaty o mi\u0142o\u015bci, imie iwo, pies rysunek, transformers kolorowanka, zagadki matematyczne, \u015bwi\u0105teczny film dla dzieci, maska misia do druku, wiosna zagadki s\u0142owne, zagadki o przyborach szkolnych, zaproszenie na urodziny dziecka do druku, quiz stolice europy, bajki terapeutyczne o emocjach pdf, literki, kolorowanki<\/p>\n<p>yyyyy<\/p>\n<p>&nbsp;<\/p>\n","protected":false},"excerpt":{"rendered":"<p>\u017b\u00f3\u0142ta wy\u015bcig\u00f3wka Racer to jeden z kolekcji drewnianych samochodzik\u00f3w STORY Racing francuskiej marki Janod to 10 unikatowych, wykonanych z najlepszych materia\u0142\u00f3w samochod\u00f3w wy\u015bcigowych do zabawy. Gratka dla fana wy\u015bcig\u00f3w, kt\u00f3ry z rado\u015bci\u0105 zbierze ca\u0142\u0105 kolekcj\u0119:\u017c\u00f3\u0142ty i czerwony samochodzik Roadster oraz pozosta\u0142e wy\u015bcig\u00f3wki w innych stylach: Retromotor, Speed, Formu\u0142a 1 oraz Roadster. Samochodziki mog\u0105 je\u017adzi\u0107 po [&hellip;]<\/p>\n","protected":false},"featured_media":10602,"comment_status":"closed","ping_status":"open","template":"","meta":[],"product_cat":[83,557],"product_tag":[801,852,803,778,733,779],"class_list":["post-10601","product","type-product","status-publish","has-post-thumbnail","hentry","product_cat-auta-i-inne-pojazdy-do-zabawy","product_cat-janod","product_tag-bajki-terapeutyczne-o-emocjach","product_tag-jak-zrobic-samolot-z-papieru","product_tag-szlaczki-do-druku","product_tag-zabawki-na-roczek-dla-chlopca","product_tag-zarty-na-prima-aprilis","product_tag-zarty-na-prima-aprilis-w-domu"],"_links":{"self":[{"href":"http:\/\/klubmamgdynia.pl\/index.php\/wp-json\/wp\/v2\/product\/10601","targetHints":{"allow":["GET"]}}],"collection":[{"href":"http:\/\/klubmamgdynia.pl\/index.php\/wp-json\/wp\/v2\/product"}],"about":[{"href":"http:\/\/klubmamgdynia.pl\/index.php\/wp-json\/wp\/v2\/types\/product"}],"replies":[{"embeddable":true,"href":"http:\/\/klubmamgdynia.pl\/index.php\/wp-json\/wp\/v2\/comments?post=10601"}],"wp:featuredmedia":[{"embeddable":true,"href":"http:\/\/klubmamgdynia.pl\/index.php\/wp-json\/wp\/v2\/media\/10602"}],"wp:attachment":[{"href":"http:\/\/klubmamgdynia.pl\/index.php\/wp-json\/wp\/v2\/media?parent=10601"}],"wp:term":[{"taxonomy":"product_cat","embeddable":true,"href":"http:\/\/klubmamgdynia.pl\/index.php\/wp-json\/wp\/v2\/product_cat?post=10601"},{"taxonomy":"product_tag","embeddable":true,"href":"http:\/\/klubmamgdynia.pl\/index.php\/wp-json\/wp\/v2\/product_tag?post=10601"}],"curies":[{"name":"wp","href":"https:\/\/api.w.org\/{rel}","templated":true}]}}