{"id":10603,"date":"2025-06-12T09:13:24","date_gmt":"2025-06-12T07:13:24","guid":{"rendered":"http:\/\/klubmamgdynia.pl\/?post_type=product&#038;p=10603"},"modified":"2026-04-04T02:17:25","modified_gmt":"2026-04-04T00:17:25","slug":"hasbro-play-doh-ciastolina-box-xl-8x-tuba-20x-akcesoria-e9099","status":"publish","type":"product","link":"http:\/\/klubmamgdynia.pl\/index.php\/produkt\/hasbro-play-doh-ciastolina-box-xl-8x-tuba-20x-akcesoria-e9099\/","title":{"rendered":"Hasbro Play-Doh Ciastolina Box XL 8x Tuba + 20x Akcesoria E9099"},"content":{"rendered":"<p>HASBRO PLAY-DOH CIASTOLINA BOX XL 8x TUBA + 20x AKCESORIA<br \/>\nMEGA PUD\u0141O CIASTOLINY<\/p>\n<p>E9099<br \/>\nPlay-Doh to ciastolina, czyli mi\u0119kka masa plastyczna, dzi\u0119ki kt\u00f3rej wszystkie dzieci mog\u0105 wyczarowa\u0107 co tylko chc\u0105. Zabawa ciastolin\u0105 rozwija umiej\u0119tno\u015bci manualne, koordynacj\u0119 wzrokowo-ruchow\u0105, pobudza wyobra\u017ani\u0119 dziecka i kreatywno\u015b\u0107 w tworzeniu form przestrzennych. Zabawa pomaga poznawa\u0107 kolory i zasady ich mieszania. Wyrabiaj\u0105c ciastolin\u0119 dziecko zmniejsza napi\u0119cie mi\u0119\u015bniowe w obr\u0119bie nadgarstka oraz wyrabia zr\u0119czno\u015b\u0107 palc\u00f3w.<br \/>\n\u00a0Ten mega zestaw do pude\u0142ko a\u017c z 8 tubami ciastoliny i 20 przer\u00f3\u017cnymi akcesoriami do zabawy ciastolin\u0105. Do tego por\u0119czne pude\u0142ko &#8211; szufladka i specjalna podk\u0142adka do wygniatania form ciastolinowych.<br \/>\n\u00a0Tak du\u017co frajdy w jednym zestawie jeszcze nie by\u0142o.\u00a0Ogranicza Ci\u0119 tylko w\u0142asna wyobra\u017ania w tym super rozbudowanym zestawie Play Doh od renomowanej firmy HASBRO.<\/p>\n<h2>Hasbro Play-Doh Ciastolina Box XL 8x Tuba + 20x Akcesoria E9099 Hasbro<\/h2>\n<p>na wyspach bergamutach tekst, kundel bury tekst, quiz bajki, liwia, bajki do czytania dla niemowl\u0105t, na roczek dla dziewczynki, justyna imi\u0119, zagadki dla dzieci 10-12 lat, place zabaw warszawa, zagadki sprawdzaj\u0105ce inteligencj\u0119, gad\u017cety dla nastolatk\u00f3w 2021, trudne zagadki na inteligencj\u0119, test narnia lew czarownica i stara szafa<\/p>\n<p>yyyyy<\/p>\n<p>&nbsp;<\/p>\n","protected":false},"excerpt":{"rendered":"<p>HASBRO PLAY-DOH CIASTOLINA BOX XL 8x TUBA + 20x AKCESORIA MEGA PUD\u0141O CIASTOLINY E9099 Play-Doh to ciastolina, czyli mi\u0119kka masa plastyczna, dzi\u0119ki kt\u00f3rej wszystkie dzieci mog\u0105 wyczarowa\u0107 co tylko chc\u0105. Zabawa ciastolin\u0105 rozwija umiej\u0119tno\u015bci manualne, koordynacj\u0119 wzrokowo-ruchow\u0105, pobudza wyobra\u017ani\u0119 dziecka i kreatywno\u015b\u0107 w tworzeniu form przestrzennych. Zabawa pomaga poznawa\u0107 kolory i zasady ich mieszania. Wyrabiaj\u0105c [&hellip;]<\/p>\n","protected":false},"featured_media":10604,"comment_status":"closed","ping_status":"open","template":"","meta":[],"product_cat":[129,21],"product_tag":[755,663,705,860],"class_list":["post-10603","product","type-product","status-publish","has-post-thumbnail","hentry","product_cat-hasbro","product_cat-zabawki-plastyczne","product_tag-henryk","product_tag-kolorowanki-dla-dzieci-do-druku","product_tag-prezent-na-roczek-dla-chlopca","product_tag-zagadki-logiczne-dla-doroslych"],"_links":{"self":[{"href":"http:\/\/klubmamgdynia.pl\/index.php\/wp-json\/wp\/v2\/product\/10603","targetHints":{"allow":["GET"]}}],"collection":[{"href":"http:\/\/klubmamgdynia.pl\/index.php\/wp-json\/wp\/v2\/product"}],"about":[{"href":"http:\/\/klubmamgdynia.pl\/index.php\/wp-json\/wp\/v2\/types\/product"}],"replies":[{"embeddable":true,"href":"http:\/\/klubmamgdynia.pl\/index.php\/wp-json\/wp\/v2\/comments?post=10603"}],"wp:featuredmedia":[{"embeddable":true,"href":"http:\/\/klubmamgdynia.pl\/index.php\/wp-json\/wp\/v2\/media\/10604"}],"wp:attachment":[{"href":"http:\/\/klubmamgdynia.pl\/index.php\/wp-json\/wp\/v2\/media?parent=10603"}],"wp:term":[{"taxonomy":"product_cat","embeddable":true,"href":"http:\/\/klubmamgdynia.pl\/index.php\/wp-json\/wp\/v2\/product_cat?post=10603"},{"taxonomy":"product_tag","embeddable":true,"href":"http:\/\/klubmamgdynia.pl\/index.php\/wp-json\/wp\/v2\/product_tag?post=10603"}],"curies":[{"name":"wp","href":"https:\/\/api.w.org\/{rel}","templated":true}]}}