{"id":10605,"date":"2025-01-27T02:31:57","date_gmt":"2025-01-27T01:31:57","guid":{"rendered":"http:\/\/klubmamgdynia.pl\/?post_type=product&#038;p=10605"},"modified":"2026-05-02T17:22:42","modified_gmt":"2026-05-02T15:22:42","slug":"djeco-zestaw-artystyczny-wrozki-6w1","status":"publish","type":"product","link":"http:\/\/klubmamgdynia.pl\/index.php\/produkt\/djeco-zestaw-artystyczny-wrozki-6w1\/","title":{"rendered":"Djeco Zestaw Artystyczny Wr\u00f3\u017cki 6W1"},"content":{"rendered":"<p>Ogr\u00f3d wr\u00f3\u017cek to wspania\u0142y zestaw kreatywnych zaj\u0119\u0107 dla dziewczynki obejmuj\u0105cy 6 r\u00f3\u017cnych tw\u00f3rczych zestaw\u00f3w. Djeco po\u0142\u0105czy\u0142o r\u00f3\u017cne zestawy artystyczne w jednym pude\u0142ku. Dzieci b\u0119d\u0105 mog\u0142y zapozna\u0107 si\u0119 z malarstwem, kola\u017cem, zdrapkami, rysunkiem, piecz\u0105tkami, modelami przestrzennymi.<\/p>\n<h2>Djeco Zestaw Artystyczny Wr\u00f3\u017cki 6W1 Djeco<\/h2>\n<p>m\u00f3j przyjaciel mi\u015b scenariusz zaj\u0119\u0107 w przedszkolu, prezent dla ch\u0142opca 7 lat, krzy\u017c\u00f3wki dla dzieci do druku, karaluchy pod poduchy, place zabaw warszawa, bajki na dobranoc dla dzieci, g\u0142upie zagadki, kielich z hosti\u0105 do druku, walentynka dla syna, zdrowe dania dla dzieci, podchwytliwe zagadki z odpowiedziami, calineczka test z odpowiedziami, zadania logiczne, place zabaw warszawa, kr\u00f3tkie bajki na dobranoc do czytania, magiczne drzewo czerwone krzes\u0142o test, w zieleni \u0142\u0105ka majowa tekst, julian, menu urodzinowe dla dzieci w wieku 8 10 lat, zagadki dla przedszkolak\u00f3w, zagadki matematyczne na logik\u0119<\/p>\n<p>yyyyy<\/p>\n<p>&nbsp;<\/p>\n","protected":false},"excerpt":{"rendered":"<p>Ogr\u00f3d wr\u00f3\u017cek to wspania\u0142y zestaw kreatywnych zaj\u0119\u0107 dla dziewczynki obejmuj\u0105cy 6 r\u00f3\u017cnych tw\u00f3rczych zestaw\u00f3w. Djeco po\u0142\u0105czy\u0142o r\u00f3\u017cne zestawy artystyczne w jednym pude\u0142ku. Dzieci b\u0119d\u0105 mog\u0142y zapozna\u0107 si\u0119 z malarstwem, kola\u017cem, zdrapkami, rysunkiem, piecz\u0105tkami, modelami przestrzennymi. Djeco Zestaw Artystyczny Wr\u00f3\u017cki 6W1 Djeco m\u00f3j przyjaciel mi\u015b scenariusz zaj\u0119\u0107 w przedszkolu, prezent dla ch\u0142opca 7 lat, krzy\u017c\u00f3wki dla [&hellip;]<\/p>\n","protected":false},"featured_media":10606,"comment_status":"closed","ping_status":"open","template":"","meta":[],"product_cat":[434,21],"product_tag":[829,598,691,706],"class_list":["post-10605","product","type-product","status-publish","has-post-thumbnail","hentry","product_cat-djeco","product_cat-zabawki-plastyczne","product_tag-bajki-do-czytania-na-dobranoc","product_tag-co-na-roczek-dla-dziewczynki","product_tag-gabriel","product_tag-imie-kuba"],"_links":{"self":[{"href":"http:\/\/klubmamgdynia.pl\/index.php\/wp-json\/wp\/v2\/product\/10605","targetHints":{"allow":["GET"]}}],"collection":[{"href":"http:\/\/klubmamgdynia.pl\/index.php\/wp-json\/wp\/v2\/product"}],"about":[{"href":"http:\/\/klubmamgdynia.pl\/index.php\/wp-json\/wp\/v2\/types\/product"}],"replies":[{"embeddable":true,"href":"http:\/\/klubmamgdynia.pl\/index.php\/wp-json\/wp\/v2\/comments?post=10605"}],"wp:featuredmedia":[{"embeddable":true,"href":"http:\/\/klubmamgdynia.pl\/index.php\/wp-json\/wp\/v2\/media\/10606"}],"wp:attachment":[{"href":"http:\/\/klubmamgdynia.pl\/index.php\/wp-json\/wp\/v2\/media?parent=10605"}],"wp:term":[{"taxonomy":"product_cat","embeddable":true,"href":"http:\/\/klubmamgdynia.pl\/index.php\/wp-json\/wp\/v2\/product_cat?post=10605"},{"taxonomy":"product_tag","embeddable":true,"href":"http:\/\/klubmamgdynia.pl\/index.php\/wp-json\/wp\/v2\/product_tag?post=10605"}],"curies":[{"name":"wp","href":"https:\/\/api.w.org\/{rel}","templated":true}]}}