{"id":10607,"date":"2024-12-11T03:08:33","date_gmt":"2024-12-11T02:08:33","guid":{"rendered":"http:\/\/klubmamgdynia.pl\/?post_type=product&#038;p=10607"},"modified":"2026-04-11T05:42:56","modified_gmt":"2026-04-11T03:42:56","slug":"peterkin-dante-pieczatki-kraina-lodu-2-maxi-box-4981","status":"publish","type":"product","link":"http:\/\/klubmamgdynia.pl\/index.php\/produkt\/peterkin-dante-pieczatki-kraina-lodu-2-maxi-box-4981\/","title":{"rendered":"Peterkin Dante Piecz\u0105tki Kraina Lodu 2 Maxi Box 4981"},"content":{"rendered":"<p>Zestaw maxibox na licencji Kraina Lodu II.Zestaw zawiera:- 7 piecz\u0105tek,- 3 pisaki,- 1 poduszeczk\u0119 do tuszu,- 1 notatnik.<\/p>\n<h2>Peterkin Dante Piecz\u0105tki Kraina Lodu 2 Maxi Box 4981 Dante<\/h2>\n<p>straszne filmy dla dzieci, quiz flagi, znaczenie imienia milosz, \u0142atwe ale podchwytliwe zagadki, co kupic 7 latkowi pod choinke, ma\u0142y ksi\u0105\u017c\u0119 &#8211; test z odpowiedziami, zagadki dla dzieci z odpowiedziami, atrakcje dla dzieci wroc\u0142aw 2021, mini zoo mazowieckie, aurora imi\u0119, zimowe zagadki, zagadki \u015bmieszne podchwytliwe, rysowanie po \u015bladzie pdf, marcel imie, opis o rodzinie<\/p>\n<p>yyyyy<\/p>\n<p>&nbsp;<\/p>\n","protected":false},"excerpt":{"rendered":"<p>Zestaw maxibox na licencji Kraina Lodu II.Zestaw zawiera:- 7 piecz\u0105tek,- 3 pisaki,- 1 poduszeczk\u0119 do tuszu,- 1 notatnik. Peterkin Dante Piecz\u0105tki Kraina Lodu 2 Maxi Box 4981 Dante straszne filmy dla dzieci, quiz flagi, znaczenie imienia milosz, \u0142atwe ale podchwytliwe zagadki, co kupic 7 latkowi pod choinke, ma\u0142y ksi\u0105\u017c\u0119 &#8211; test z odpowiedziami, zagadki dla [&hellip;]<\/p>\n","protected":false},"featured_media":10608,"comment_status":"closed","ping_status":"open","template":"","meta":[],"product_cat":[249,21],"product_tag":[859,584,818,809,800,635],"class_list":["post-10607","product","type-product","status-publish","has-post-thumbnail","hentry","product_cat-dante","product_cat-zabawki-plastyczne","product_tag-dobranoc-pchly-na-noc","product_tag-liwia","product_tag-oliwier","product_tag-zagadki","product_tag-zagadki-smieszne","product_tag-znaki-drogowe-do-druku"],"_links":{"self":[{"href":"http:\/\/klubmamgdynia.pl\/index.php\/wp-json\/wp\/v2\/product\/10607","targetHints":{"allow":["GET"]}}],"collection":[{"href":"http:\/\/klubmamgdynia.pl\/index.php\/wp-json\/wp\/v2\/product"}],"about":[{"href":"http:\/\/klubmamgdynia.pl\/index.php\/wp-json\/wp\/v2\/types\/product"}],"replies":[{"embeddable":true,"href":"http:\/\/klubmamgdynia.pl\/index.php\/wp-json\/wp\/v2\/comments?post=10607"}],"wp:featuredmedia":[{"embeddable":true,"href":"http:\/\/klubmamgdynia.pl\/index.php\/wp-json\/wp\/v2\/media\/10608"}],"wp:attachment":[{"href":"http:\/\/klubmamgdynia.pl\/index.php\/wp-json\/wp\/v2\/media?parent=10607"}],"wp:term":[{"taxonomy":"product_cat","embeddable":true,"href":"http:\/\/klubmamgdynia.pl\/index.php\/wp-json\/wp\/v2\/product_cat?post=10607"},{"taxonomy":"product_tag","embeddable":true,"href":"http:\/\/klubmamgdynia.pl\/index.php\/wp-json\/wp\/v2\/product_tag?post=10607"}],"curies":[{"name":"wp","href":"https:\/\/api.w.org\/{rel}","templated":true}]}}