{"id":10609,"date":"2019-09-09T08:06:44","date_gmt":"2019-09-09T06:06:44","guid":{"rendered":"http:\/\/klubmamgdynia.pl\/index.php\/produkt\/ikea-sztaluga-tablica-dwustronna\/"},"modified":"2026-04-06T00:48:47","modified_gmt":"2026-04-05T22:48:47","slug":"ikea-sztaluga-tablica-dwustronna","status":"publish","type":"product","link":"http:\/\/klubmamgdynia.pl\/index.php\/produkt\/ikea-sztaluga-tablica-dwustronna\/","title":{"rendered":"Ikea Sztaluga Tablica Dwustronna"},"content":{"rendered":"<p>Sztaluga Sk\u0142ada si\u0119 na p\u0142asko (oszcz\u0119dno\u015b\u0107 miejsca) zalecane dla dzieci od 3 lat D\u0142ugo\u015b\u0107: 43 cm<br \/>\nSzeroko\u015b\u0107: 62 cm<br \/>\nWysoko\u015b\u0107: 118 cm Mocowanie metalowe: stal, galwanizowane<br \/>\nElementy drewniane: lity \u015bwierk, lita sosna, Bezbarwny lakier akrylowy<br \/>\nPanel: Nadrukowana i wyt\u0142oczona farba akrylowa, P\u0142yta pil\u015bniowa<br \/>\nCz\u0119\u015bci plastikowe: tworzywo poliamidowe U\u017cywaj tylko pisak\u00f3w do bia\u0142ej tablicy.<br \/>\nMo\u017cna uzupe\u0142ni\u0107 rolk\u0105 papieru do rysowania. Pozosta\u0142e produkty z tej serii MALA dost\u0119pne na innych naszych stronach.<\/p>\n<h2>Ikea Sztaluga Tablica Dwustronna Ikea<\/h2>\n<p>zyczenia walentynkowe dla dzieci, cicha noc po angielsku tekst, znaczenie imiona monika, kolorowanki dla dzieci do druku, tr\u00f3jmiasto atrakcje dla dzieci, ziemia wyspa zielona tekst<\/p>\n<p>yyyyy<\/p>\n<p>&nbsp;<\/p>\n","protected":false},"excerpt":{"rendered":"<p>Sztaluga Sk\u0142ada si\u0119 na p\u0142asko (oszcz\u0119dno\u015b\u0107 miejsca) zalecane dla dzieci od 3 lat D\u0142ugo\u015b\u0107: 43 cm Szeroko\u015b\u0107: 62 cm Wysoko\u015b\u0107: 118 cm Mocowanie metalowe: stal, galwanizowane Elementy drewniane: lity \u015bwierk, lita sosna, Bezbarwny lakier akrylowy Panel: Nadrukowana i wyt\u0142oczona farba akrylowa, P\u0142yta pil\u015bniowa Cz\u0119\u015bci plastikowe: tworzywo poliamidowe U\u017cywaj tylko pisak\u00f3w do bia\u0142ej tablicy. Mo\u017cna uzupe\u0142ni\u0107 [&hellip;]<\/p>\n","protected":false},"featured_media":10610,"comment_status":"closed","ping_status":"open","template":"","meta":[],"product_cat":[979,21],"product_tag":[815,704,824,822],"class_list":["post-10609","product","type-product","status-publish","has-post-thumbnail","hentry","product_cat-ikea","product_cat-zabawki-plastyczne","product_tag-ozdoby-choinkowe-dla-dzieci","product_tag-prezent-dla-nastolatka","product_tag-warszawa-atrakcje-dla-dzieci","product_tag-wierszyki-o-wakacjach-krotkie"],"_links":{"self":[{"href":"http:\/\/klubmamgdynia.pl\/index.php\/wp-json\/wp\/v2\/product\/10609","targetHints":{"allow":["GET"]}}],"collection":[{"href":"http:\/\/klubmamgdynia.pl\/index.php\/wp-json\/wp\/v2\/product"}],"about":[{"href":"http:\/\/klubmamgdynia.pl\/index.php\/wp-json\/wp\/v2\/types\/product"}],"replies":[{"embeddable":true,"href":"http:\/\/klubmamgdynia.pl\/index.php\/wp-json\/wp\/v2\/comments?post=10609"}],"wp:featuredmedia":[{"embeddable":true,"href":"http:\/\/klubmamgdynia.pl\/index.php\/wp-json\/wp\/v2\/media\/10610"}],"wp:attachment":[{"href":"http:\/\/klubmamgdynia.pl\/index.php\/wp-json\/wp\/v2\/media?parent=10609"}],"wp:term":[{"taxonomy":"product_cat","embeddable":true,"href":"http:\/\/klubmamgdynia.pl\/index.php\/wp-json\/wp\/v2\/product_cat?post=10609"},{"taxonomy":"product_tag","embeddable":true,"href":"http:\/\/klubmamgdynia.pl\/index.php\/wp-json\/wp\/v2\/product_tag?post=10609"}],"curies":[{"name":"wp","href":"https:\/\/api.w.org\/{rel}","templated":true}]}}