{"id":10611,"date":"2019-09-06T14:01:42","date_gmt":"2019-09-06T12:01:42","guid":{"rendered":"http:\/\/klubmamgdynia.pl\/index.php\/produkt\/roba-tablica-wiszaca-akcesoria\/"},"modified":"2026-05-17T22:05:00","modified_gmt":"2026-05-17T20:05:00","slug":"roba-tablica-wiszaca-akcesoria","status":"publish","type":"product","link":"http:\/\/klubmamgdynia.pl\/index.php\/produkt\/roba-tablica-wiszaca-akcesoria\/","title":{"rendered":"Roba Tablica Wisz\u0105ca + Akcesoria"},"content":{"rendered":"<p>Tablica wisz\u0105ca + akcesoriaNumer katalogowy: 0695 zUWspania\u0142\u0105 wisz\u0105ca, zamykana tablica, kt\u00f3ra umili nauk\u0119 ka\u017cdemu dziecku.W zestawie znajduje si\u0119 r\u00f3wnie\u017c wiele akcerorii tj. litery i cyfry zaczepiane na magnes, kreda, czy g\u0105bka, kt\u00f3re pomog\u0105 Twojemu dziekcu w nauce.Ten wspania\u0142y zestaw to nauka poprzez zabaw\u0119!Wymiary tablicy po z\u0142o\u017ceniu: 53,5 x 73 cm ( W x S)Wymiary tablicy po roz\u0142o\u017ceniu: 53,5 x 146 cm (W x S)<\/p>\n<h2>Roba Tablica Wisz\u0105ca + Akcesoria Roba<\/h2>\n<p>malgorzata znaczenie imienia, asiunia test, kiedy dzieci chodz\u0105 na halloween, prezent na pierwsze urodziny<\/p>\n<p>yyyyy<\/p>\n<p>&nbsp;<\/p>\n","protected":false},"excerpt":{"rendered":"<p>Tablica wisz\u0105ca + akcesoriaNumer katalogowy: 0695 zUWspania\u0142\u0105 wisz\u0105ca, zamykana tablica, kt\u00f3ra umili nauk\u0119 ka\u017cdemu dziecku.W zestawie znajduje si\u0119 r\u00f3wnie\u017c wiele akcerorii tj. litery i cyfry zaczepiane na magnes, kreda, czy g\u0105bka, kt\u00f3re pomog\u0105 Twojemu dziekcu w nauce.Ten wspania\u0142y zestaw to nauka poprzez zabaw\u0119!Wymiary tablicy po z\u0142o\u017ceniu: 53,5 x 73 cm ( W x S)Wymiary tablicy [&hellip;]<\/p>\n","protected":false},"featured_media":10612,"comment_status":"closed","ping_status":"open","template":"","meta":[],"product_cat":[1087,21],"product_tag":[671,716,783,621,628,615],"class_list":["post-10611","product","type-product","status-publish","has-post-thumbnail","hentry","product_cat-roba","product_cat-zabawki-plastyczne","product_tag-cicha-noc-po-angielsku-tekst","product_tag-filmy-animowane-o-swietach","product_tag-prezenty-na-roczek-dla-chlopca","product_tag-prezenty-roczek","product_tag-zagadka","product_tag-znane-misie-z-filmow-animowanych"],"_links":{"self":[{"href":"http:\/\/klubmamgdynia.pl\/index.php\/wp-json\/wp\/v2\/product\/10611","targetHints":{"allow":["GET"]}}],"collection":[{"href":"http:\/\/klubmamgdynia.pl\/index.php\/wp-json\/wp\/v2\/product"}],"about":[{"href":"http:\/\/klubmamgdynia.pl\/index.php\/wp-json\/wp\/v2\/types\/product"}],"replies":[{"embeddable":true,"href":"http:\/\/klubmamgdynia.pl\/index.php\/wp-json\/wp\/v2\/comments?post=10611"}],"wp:featuredmedia":[{"embeddable":true,"href":"http:\/\/klubmamgdynia.pl\/index.php\/wp-json\/wp\/v2\/media\/10612"}],"wp:attachment":[{"href":"http:\/\/klubmamgdynia.pl\/index.php\/wp-json\/wp\/v2\/media?parent=10611"}],"wp:term":[{"taxonomy":"product_cat","embeddable":true,"href":"http:\/\/klubmamgdynia.pl\/index.php\/wp-json\/wp\/v2\/product_cat?post=10611"},{"taxonomy":"product_tag","embeddable":true,"href":"http:\/\/klubmamgdynia.pl\/index.php\/wp-json\/wp\/v2\/product_tag?post=10611"}],"curies":[{"name":"wp","href":"https:\/\/api.w.org\/{rel}","templated":true}]}}