{"id":10613,"date":"2017-06-26T06:47:37","date_gmt":"2017-06-26T04:47:37","guid":{"rendered":"http:\/\/klubmamgdynia.pl\/index.php\/produkt\/as-company-zestaw-artystyczny-z-walizka-cry-babies-kredki\/"},"modified":"2026-04-22T12:37:17","modified_gmt":"2026-04-22T10:37:17","slug":"as-company-zestaw-artystyczny-z-walizka-cry-babies-kredki","status":"publish","type":"product","link":"http:\/\/klubmamgdynia.pl\/index.php\/produkt\/as-company-zestaw-artystyczny-z-walizka-cry-babies-kredki\/","title":{"rendered":"As Company Zestaw Artystyczny Z Walizk\u0105 Cry Babies Kredki"},"content":{"rendered":"<p>Zestaw artystyczny z walizk\u0105 Cry BabiesAS 66222W zestawie: 12 flamastr\u00f3w, 12 kredek pastelowych, 2 o\u0142\u00f3wki, 6 kredek, 1 p\u0119dzelek, 12 farb akwarelowych, 1 gumka do mazania, 1 temper\u00f3wka, no\u017cyczki, linijka. Ca\u0142o\u015b\u0107 zapakowana w wygodn\u0105 walizk\u0119 z motywem Cry Babies. Walizka zapinana jest na rzepy.Wymiary opakowania: 38 x 21 cm.Wiek: 3+.<\/p>\n<h2>As Company Zestaw Artystyczny Z Walizk\u0105 Cry Babies Kredki As Company<\/h2>\n<p>minecraft kolorowanki, koty kolorowanki do druku, test czerwone krzes\u0142o, sentencje o przyja\u017ani, ela znaczenie imienia, test z lektury miko\u0142ajek do druku, kolorowanki konie, zabawki na roczek dla ch\u0142opca, wroc\u0142aw dla dzieci, wierszyki na dobranoc dla dzieci<\/p>\n<p>yyyyy<\/p>\n<p>&nbsp;<\/p>\n","protected":false},"excerpt":{"rendered":"<p>Zestaw artystyczny z walizk\u0105 Cry BabiesAS 66222W zestawie: 12 flamastr\u00f3w, 12 kredek pastelowych, 2 o\u0142\u00f3wki, 6 kredek, 1 p\u0119dzelek, 12 farb akwarelowych, 1 gumka do mazania, 1 temper\u00f3wka, no\u017cyczki, linijka. Ca\u0142o\u015b\u0107 zapakowana w wygodn\u0105 walizk\u0119 z motywem Cry Babies. Walizka zapinana jest na rzepy.Wymiary opakowania: 38 x 21 cm.Wiek: 3+. As Company Zestaw Artystyczny Z [&hellip;]<\/p>\n","protected":false},"featured_media":10614,"comment_status":"closed","ping_status":"open","template":"","meta":[],"product_cat":[1874,21],"product_tag":[722,810,704,715],"class_list":["post-10613","product","type-product","status-publish","has-post-thumbnail","hentry","product_cat-as-company","product_cat-zabawki-plastyczne","product_tag-cytaty-o-przyjazni","product_tag-nauka-zegara-do-druku","product_tag-prezent-dla-nastolatka","product_tag-zosia-samosia"],"_links":{"self":[{"href":"http:\/\/klubmamgdynia.pl\/index.php\/wp-json\/wp\/v2\/product\/10613","targetHints":{"allow":["GET"]}}],"collection":[{"href":"http:\/\/klubmamgdynia.pl\/index.php\/wp-json\/wp\/v2\/product"}],"about":[{"href":"http:\/\/klubmamgdynia.pl\/index.php\/wp-json\/wp\/v2\/types\/product"}],"replies":[{"embeddable":true,"href":"http:\/\/klubmamgdynia.pl\/index.php\/wp-json\/wp\/v2\/comments?post=10613"}],"wp:featuredmedia":[{"embeddable":true,"href":"http:\/\/klubmamgdynia.pl\/index.php\/wp-json\/wp\/v2\/media\/10614"}],"wp:attachment":[{"href":"http:\/\/klubmamgdynia.pl\/index.php\/wp-json\/wp\/v2\/media?parent=10613"}],"wp:term":[{"taxonomy":"product_cat","embeddable":true,"href":"http:\/\/klubmamgdynia.pl\/index.php\/wp-json\/wp\/v2\/product_cat?post=10613"},{"taxonomy":"product_tag","embeddable":true,"href":"http:\/\/klubmamgdynia.pl\/index.php\/wp-json\/wp\/v2\/product_tag?post=10613"}],"curies":[{"name":"wp","href":"https:\/\/api.w.org\/{rel}","templated":true}]}}