{"id":10615,"date":"2011-10-30T04:29:58","date_gmt":"2011-10-30T03:29:58","guid":{"rendered":"http:\/\/klubmamgdynia.pl\/index.php\/produkt\/shellbag-koszulka-do-malowania-yoda-sh003156\/"},"modified":"2026-04-23T12:36:02","modified_gmt":"2026-04-23T10:36:02","slug":"shellbag-koszulka-do-malowania-yoda-sh003156","status":"publish","type":"product","link":"http:\/\/klubmamgdynia.pl\/index.php\/produkt\/shellbag-koszulka-do-malowania-yoda-sh003156\/","title":{"rendered":"Shellbag Koszulka Do Malowania Yoda (Sh003156)"},"content":{"rendered":"<p>Kod produktu: SH0031_56wiek: 5-6 lat wzrost: 122-128 cm szer.\/d\u0142: 35\/49 cmKoszulka do kolorowania &#8211; Color it Yourself TeeZestaw edukacyjny z najbardziej znanymi i lubianymi postaciami z bajek i program\u00f3w telewizyjnych Disney, m.in.: Violetta, Ksi\u0119\u017cniczka Zosia, Samochody, Star Wars, Kraina Lodu.Zawiera wszystko co jest potrzebne aby stworzy\u0107 unikatow\u0105, kolorow\u0105 koszulk\u0119. Zapewnia doskona\u0142\u0105, rozwojow\u0105 zabaw\u0119, kt\u00f3rej efekt jest trwa\u0142\u0105 pami\u0105tk\u0105.Aby utrwali\u0107 kolory nale\u017cy jedynie wysuszy\u0107 koszulk\u0119 (aby przyspieszy\u0107 proces mo\u017cna u\u017cy\u0107 suszarki do w\u0142os\u00f3w). Nie wymaga prasowania.Zestaw zawiera:- bia\u0142y, dzieci\u0119cy T-shirt z naniesionym czarnym konturem grafiki- zestaw farb wodnych- dwa p\u0119dzle- fartuszek ochronny- foli\u0119 ochronn\u0105 na st\u00f3\u0142 \/biurko- podk\u0142adk\u0119- dwie nawil\u017cone chusteczki do mycia r\u0105kProdukt polski.<\/p>\n<h2>Shellbag Koszulka Do Malowania Yoda (Sh003156) Shellbag<\/h2>\n<p>jesienne piosenki dla dzieci, cytaty o dzieci\u0144stwie, maska karnawa\u0142owa pdf, imi\u0119 pola, opis do zdj\u0119cia dziecka na fb, ko\u0142ysanki dla dzieci tekst, kalina imi\u0119, milan imie, co kupi\u0107 nastolatce na \u015bwi\u0119ta, test na znaki drogowe, aurora imi\u0119<\/p>\n<p>yyyyy<\/p>\n<p>&nbsp;<\/p>\n","protected":false},"excerpt":{"rendered":"<p>Kod produktu: SH0031_56wiek: 5-6 lat wzrost: 122-128 cm szer.\/d\u0142: 35\/49 cmKoszulka do kolorowania &#8211; Color it Yourself TeeZestaw edukacyjny z najbardziej znanymi i lubianymi postaciami z bajek i program\u00f3w telewizyjnych Disney, m.in.: Violetta, Ksi\u0119\u017cniczka Zosia, Samochody, Star Wars, Kraina Lodu.Zawiera wszystko co jest potrzebne aby stworzy\u0107 unikatow\u0105, kolorow\u0105 koszulk\u0119. Zapewnia doskona\u0142\u0105, rozwojow\u0105 zabaw\u0119, kt\u00f3rej efekt [&hellip;]<\/p>\n","protected":false},"featured_media":10616,"comment_status":"closed","ping_status":"open","template":"","meta":[],"product_cat":[1918,21],"product_tag":[815,596,743,725,805],"class_list":["post-10615","product","type-product","status-publish","has-post-thumbnail","hentry","product_cat-shellbag","product_cat-zabawki-plastyczne","product_tag-ozdoby-choinkowe-dla-dzieci","product_tag-pomysly-na-prima-aprilis","product_tag-quiz-dla-dzieci","product_tag-zgadywanki","product_tag-znaczenie-imienia-alan"],"_links":{"self":[{"href":"http:\/\/klubmamgdynia.pl\/index.php\/wp-json\/wp\/v2\/product\/10615","targetHints":{"allow":["GET"]}}],"collection":[{"href":"http:\/\/klubmamgdynia.pl\/index.php\/wp-json\/wp\/v2\/product"}],"about":[{"href":"http:\/\/klubmamgdynia.pl\/index.php\/wp-json\/wp\/v2\/types\/product"}],"replies":[{"embeddable":true,"href":"http:\/\/klubmamgdynia.pl\/index.php\/wp-json\/wp\/v2\/comments?post=10615"}],"wp:featuredmedia":[{"embeddable":true,"href":"http:\/\/klubmamgdynia.pl\/index.php\/wp-json\/wp\/v2\/media\/10616"}],"wp:attachment":[{"href":"http:\/\/klubmamgdynia.pl\/index.php\/wp-json\/wp\/v2\/media?parent=10615"}],"wp:term":[{"taxonomy":"product_cat","embeddable":true,"href":"http:\/\/klubmamgdynia.pl\/index.php\/wp-json\/wp\/v2\/product_cat?post=10615"},{"taxonomy":"product_tag","embeddable":true,"href":"http:\/\/klubmamgdynia.pl\/index.php\/wp-json\/wp\/v2\/product_tag?post=10615"}],"curies":[{"name":"wp","href":"https:\/\/api.w.org\/{rel}","templated":true}]}}