{"id":10617,"date":"2015-06-09T21:22:59","date_gmt":"2015-06-09T19:22:59","guid":{"rendered":"http:\/\/klubmamgdynia.pl\/index.php\/produkt\/lumarko-znikopis-tablica-magnetyczna-kolorowa-stempelki-motyw-oceanu-bordowy\/"},"modified":"2026-04-20T02:33:52","modified_gmt":"2026-04-20T00:33:52","slug":"lumarko-znikopis-tablica-magnetyczna-kolorowa-stempelki-motyw-oceanu-bordowy","status":"publish","type":"product","link":"http:\/\/klubmamgdynia.pl\/index.php\/produkt\/lumarko-znikopis-tablica-magnetyczna-kolorowa-stempelki-motyw-oceanu-bordowy\/","title":{"rendered":"Lumarko Znikopis Tablica Magnetyczna Kolorowa Stempelki Motyw Oceanu Bordowy"},"content":{"rendered":"<p>Znikopis Tablica Magnetyczna daje mo\u017cliwo\u015b\u0107kreatywnej zabawy na d\u0142ugi czas! Tablica zach\u0119ca do pisania i rysowania. Rysowanie pozwoli skoncentrowa\u0107, wyciszy\u0107 i uspokoi\u0107 Twoje dziecko. Znikopis pozwala na tworzenie niesko\u0144czonejilo\u015b\u0107obrazk\u00f3w &#8211; wystarczy przejecha\u0107 specjalnym suwakiem, a rysunek zniknie i mo\u017cna rysowa\u0107 od nowa! Zestaw dodatkowo zawiera wygodny d\u0142ugopis oraz stempelki, kt\u00f3re urozmaic\u0105 dzie\u0142o. Tablica posiada wygodny uchwyt, dzi\u0119ki czemu dziecko mo\u017ce zabra\u0107 j\u0105 wsz\u0119dzie. Znikopis rozwinie u dziecka zdolno\u015bci manualne, wyobra\u017anie, kreatywno\u015b\u0107 oraz da szans\u0119 na rozwini\u0119cieartystycznejstrony dziecka!Charakterystyka:- zabawkaod 3 roku \u017cycia- zach\u0119ca do pisaniairysowania- mo\u017cliwo\u015b\u0107tworzenia niesko\u0144czonejilo\u015b\u0107obrazk\u00f3w- posiada wygodny uchwyt do przenoszenia- idealne na prezentW zestawie:- tablica z suwakiem- specjalny magiczny d\u0142ugopis- 3stempelki w weso\u0142ych kszta\u0142tachZabawka rozwija:- ma\u0142\u0105 motoryk\u0119 &#8211; zdolno\u015bci manualne- wyobra\u017anie i kreatywno\u015b\u0107<\/p>\n<h2>Lumarko Znikopis Tablica Magnetyczna Kolorowa Stempelki Motyw Oceanu Bordowy Noname<\/h2>\n<p>asiunia test z lektury, proste origami dla dzieci, trudne zagadki wielkanocne, prezenty na urodziny dla nastolatk\u00f3w, ozdoby wielkanocne z dzie\u0107mi, zagadki dla 8 latk\u00f3w, zagadki dla dzieci 6-7 lat online<\/p>\n<p>yyyyy<\/p>\n<p>&nbsp;<\/p>\n","protected":false},"excerpt":{"rendered":"<p>Znikopis Tablica Magnetyczna daje mo\u017cliwo\u015b\u0107kreatywnej zabawy na d\u0142ugi czas! Tablica zach\u0119ca do pisania i rysowania. Rysowanie pozwoli skoncentrowa\u0107, wyciszy\u0107 i uspokoi\u0107 Twoje dziecko. Znikopis pozwala na tworzenie niesko\u0144czonejilo\u015b\u0107obrazk\u00f3w &#8211; wystarczy przejecha\u0107 specjalnym suwakiem, a rysunek zniknie i mo\u017cna rysowa\u0107 od nowa! Zestaw dodatkowo zawiera wygodny d\u0142ugopis oraz stempelki, kt\u00f3re urozmaic\u0105 dzie\u0142o. Tablica posiada wygodny uchwyt, [&hellip;]<\/p>\n","protected":false},"featured_media":10618,"comment_status":"closed","ping_status":"open","template":"","meta":[],"product_cat":[1117,21],"product_tag":[718,627,693,698],"class_list":["post-10617","product","type-product","status-publish","has-post-thumbnail","hentry","product_cat-noname","product_cat-zabawki-plastyczne","product_tag-prezent-na-roczek-dla-chrzesniaka","product_tag-quiz-dzieci-z-bullerbyn","product_tag-zagadki-dla-doroslych","product_tag-zagadki-dla-przedszkolakow"],"_links":{"self":[{"href":"http:\/\/klubmamgdynia.pl\/index.php\/wp-json\/wp\/v2\/product\/10617","targetHints":{"allow":["GET"]}}],"collection":[{"href":"http:\/\/klubmamgdynia.pl\/index.php\/wp-json\/wp\/v2\/product"}],"about":[{"href":"http:\/\/klubmamgdynia.pl\/index.php\/wp-json\/wp\/v2\/types\/product"}],"replies":[{"embeddable":true,"href":"http:\/\/klubmamgdynia.pl\/index.php\/wp-json\/wp\/v2\/comments?post=10617"}],"wp:featuredmedia":[{"embeddable":true,"href":"http:\/\/klubmamgdynia.pl\/index.php\/wp-json\/wp\/v2\/media\/10618"}],"wp:attachment":[{"href":"http:\/\/klubmamgdynia.pl\/index.php\/wp-json\/wp\/v2\/media?parent=10617"}],"wp:term":[{"taxonomy":"product_cat","embeddable":true,"href":"http:\/\/klubmamgdynia.pl\/index.php\/wp-json\/wp\/v2\/product_cat?post=10617"},{"taxonomy":"product_tag","embeddable":true,"href":"http:\/\/klubmamgdynia.pl\/index.php\/wp-json\/wp\/v2\/product_tag?post=10617"}],"curies":[{"name":"wp","href":"https:\/\/api.w.org\/{rel}","templated":true}]}}