{"id":10621,"date":"2013-12-30T05:59:09","date_gmt":"2013-12-30T04:59:09","guid":{"rendered":"http:\/\/klubmamgdynia.pl\/index.php\/produkt\/shellbag-skladany-piornik-the-little-mermaid\/"},"modified":"2026-04-05T19:37:25","modified_gmt":"2026-04-05T17:37:25","slug":"shellbag-skladany-piornik-the-little-mermaid","status":"publish","type":"product","link":"http:\/\/klubmamgdynia.pl\/index.php\/produkt\/shellbag-skladany-piornik-the-little-mermaid\/","title":{"rendered":"Shellbag Sk\u0142adany Pi\u00f3rnik The Little Mermaid"},"content":{"rendered":"<p>Designerski pi\u00f3rnik zapinany na zamek.Mo\u017ce mieszcz\u0105ce si\u0119 w nim kolorowe kredki namaluj\u0105 list, kt\u00f3ry znajdzie si\u0119 w butelce wyrzuconej do morza.Doszyte uszy u\u0142atwiaj\u0105 \u015bci\u0105gni\u0119cie w d\u00f3\u0142 g\u00f3rnej cz\u0119\u015bci, dzi\u0119ki czemu b\u0119dzie widoczne ca\u0142e wyposa\u017cenie.Wszyte dno sprawia, \u017ce pi\u00f3rnik jest w pozycji stoj\u0105cej, co u\u0142atwia korzystanie z przybornika.Wewn\u0105trz czarna podszewka.Wymiary17 \u00d7 7 \u00d7 6 cmWiek2-8 latKolorodcienie r\u00f3\u017cowego<\/p>\n<h2>Shellbag Sk\u0142adany Pi\u00f3rnik The Little Mermaid Shellbag<\/h2>\n<p>wiosna kolorowanka do druku, zagatki matematyczne, labirynt dla dzieci, jak narysowa\u0107 kota, przygody tomka sawyera test, basen \u015bl\u0105sk, cytaty o wychowaniu dzieci, miko\u0142ajek &#8211; test z odpowiedziami, tajemniczy ogr\u00f3d test z odpowiedziami, znajd\u017a r\u00f3\u017cnice do druku, kwiecie\u0144 plecie\u0144 wiersz, test wiedzy zemsta, gabriela imie, wzruszaj\u0105ce s\u0142owa dla przyjaciela, matylda imie, gabriela<\/p>\n<p>yyyyy<\/p>\n<p>&nbsp;<\/p>\n","protected":false},"excerpt":{"rendered":"<p>Designerski pi\u00f3rnik zapinany na zamek.Mo\u017ce mieszcz\u0105ce si\u0119 w nim kolorowe kredki namaluj\u0105 list, kt\u00f3ry znajdzie si\u0119 w butelce wyrzuconej do morza.Doszyte uszy u\u0142atwiaj\u0105 \u015bci\u0105gni\u0119cie w d\u00f3\u0142 g\u00f3rnej cz\u0119\u015bci, dzi\u0119ki czemu b\u0119dzie widoczne ca\u0142e wyposa\u017cenie.Wszyte dno sprawia, \u017ce pi\u00f3rnik jest w pozycji stoj\u0105cej, co u\u0142atwia korzystanie z przybornika.Wewn\u0105trz czarna podszewka.Wymiary17 \u00d7 7 \u00d7 6 cmWiek2-8 latKolorodcienie [&hellip;]<\/p>\n","protected":false},"featured_media":10622,"comment_status":"closed","ping_status":"open","template":"","meta":[],"product_cat":[976,1918],"product_tag":[867,723,689,757,824],"class_list":["post-10621","product","type-product","status-publish","has-post-thumbnail","hentry","product_cat-piorniki","product_cat-shellbag","product_tag-kolorowanki-dla-dziewczynek","product_tag-krotkie-bajki-do-czytania-na-dobranoc","product_tag-linda","product_tag-test-z-lektury-ania-z-zielonego-wzgorza-klasa-6-z-odpowiedziami","product_tag-warszawa-atrakcje-dla-dzieci"],"_links":{"self":[{"href":"http:\/\/klubmamgdynia.pl\/index.php\/wp-json\/wp\/v2\/product\/10621","targetHints":{"allow":["GET"]}}],"collection":[{"href":"http:\/\/klubmamgdynia.pl\/index.php\/wp-json\/wp\/v2\/product"}],"about":[{"href":"http:\/\/klubmamgdynia.pl\/index.php\/wp-json\/wp\/v2\/types\/product"}],"replies":[{"embeddable":true,"href":"http:\/\/klubmamgdynia.pl\/index.php\/wp-json\/wp\/v2\/comments?post=10621"}],"wp:featuredmedia":[{"embeddable":true,"href":"http:\/\/klubmamgdynia.pl\/index.php\/wp-json\/wp\/v2\/media\/10622"}],"wp:attachment":[{"href":"http:\/\/klubmamgdynia.pl\/index.php\/wp-json\/wp\/v2\/media?parent=10621"}],"wp:term":[{"taxonomy":"product_cat","embeddable":true,"href":"http:\/\/klubmamgdynia.pl\/index.php\/wp-json\/wp\/v2\/product_cat?post=10621"},{"taxonomy":"product_tag","embeddable":true,"href":"http:\/\/klubmamgdynia.pl\/index.php\/wp-json\/wp\/v2\/product_tag?post=10621"}],"curies":[{"name":"wp","href":"https:\/\/api.w.org\/{rel}","templated":true}]}}