{"id":10623,"date":"2022-01-02T06:15:45","date_gmt":"2022-01-02T05:15:45","guid":{"rendered":"http:\/\/klubmamgdynia.pl\/index.php\/produkt\/anek-auto-jezdzik-safari\/"},"modified":"2026-04-12T13:41:18","modified_gmt":"2026-04-12T11:41:18","slug":"anek-auto-jezdzik-safari","status":"publish","type":"product","link":"http:\/\/klubmamgdynia.pl\/index.php\/produkt\/anek-auto-jezdzik-safari\/","title":{"rendered":"Anek Auto Je\u017adzik Safari"},"content":{"rendered":"<p>Smili Play edukacyjne auto safari. Fascynuj\u0105ca zabawa! Ruchome k\u00f3\u0142ka pozwalaj\u0105 je\u017adzi\u0107 samochodzikiem po r\u00f3\u017cnych powierzchniach. Korzystnie wp\u0142ywa na rozw\u00f3j psychoruchowy oraz koordynacj\u0119 dziecka. Produkt wykonany z bezpiecznych i trwa\u0142ych materia\u0142\u00f3w. Wspania\u0142a zabawka dla maluszka! Smily Play to idealna zabawka stymuluj\u0105ca rozw\u00f3j dziecka. Autko ma ruchome, kr\u0119c\u0105ce si\u0119 k\u00f3\u0142ka, dzi\u0119ki kt\u00f3rym mo\u017ce je\u017adzi\u0107 po r\u00f3\u017cnych powierzchniach. Niech wjedzie nim na sw\u00f3j dywanowy tor wy\u015bcigowy lub przemierza niesko\u0144czone pod\u0142ogowe bezdro\u017ca w poszukiwaniu przyg\u00f3d! Jego wyobra\u017ania nie zna granic! Zabawka, kt\u00f3ra zach\u0119ca do ruchu! Edukacyjny Auto Je\u017adzik Safari to pierwszy pojazd dla najm\u0142odszych. Siedz\u0105ce dziecko ma za zadanie odpycha\u0107 si\u0119 n\u00f3\u017ckami, co przy okazji zabawy wzmacnia jego mi\u0119\u015bnie. Interaktywny pojazd ma 13 plastikowych dwustronnych kart z wizerunkiem 26 zwierz\u0105tek i literkami. Po wsadzeniu karty auto nazywa zwierz\u0119 i wypowiada pierwsz\u0105 g\u0142osk\u0119 w wyrazie zgodnie z zaleceniami metodyki nauczania j\u0119zyka polskiego. W trybie quizu Auto prosi o znalezienie odpowiedniego zwierz\u0105tka. Przede wszystkim &#8211; jako\u015b\u0107! Wszystkie zabawki Smily Play zosta\u0142y wykonane przede wszystkim z my\u015bl\u0105 o wygodzie i bezpiecze\u0144stwie maluszka. Elementy tej zabawki zosta\u0142y doskonale wyg\u0142adzone i w pe\u0142ni pozbawione ostrych kraw\u0119dzi. Na dodatek materia\u0142y u\u017cyte do wykonania zabawki s\u0105 bezpieczne i nietoksyczne.<\/p>\n<h2>Anek Auto Je\u017adzik Safari Anek<\/h2>\n<p>julian znaczenie, zagadki zagadki, co dla dziecka na roczek, kolorowanki konie z je\u017ad\u017acem<\/p>\n<p>yyyyy<\/p>\n<p>&nbsp;<\/p>\n","protected":false},"excerpt":{"rendered":"<p>Smili Play edukacyjne auto safari. Fascynuj\u0105ca zabawa! Ruchome k\u00f3\u0142ka pozwalaj\u0105 je\u017adzi\u0107 samochodzikiem po r\u00f3\u017cnych powierzchniach. Korzystnie wp\u0142ywa na rozw\u00f3j psychoruchowy oraz koordynacj\u0119 dziecka. Produkt wykonany z bezpiecznych i trwa\u0142ych materia\u0142\u00f3w. Wspania\u0142a zabawka dla maluszka! Smily Play to idealna zabawka stymuluj\u0105ca rozw\u00f3j dziecka. Autko ma ruchome, kr\u0119c\u0105ce si\u0119 k\u00f3\u0142ka, dzi\u0119ki kt\u00f3rym mo\u017ce je\u017adzi\u0107 po r\u00f3\u017cnych powierzchniach. [&hellip;]<\/p>\n","protected":false},"featured_media":10624,"comment_status":"closed","ping_status":"open","template":"","meta":[],"product_cat":[111,74],"product_tag":[610,691,734,576],"class_list":["post-10623","product","type-product","status-publish","has-post-thumbnail","hentry","product_cat-anek","product_cat-jezdziki","product_tag-co-na-prezent-dla-nastolatkow","product_tag-gabriel","product_tag-milan-imie","product_tag-trudne-zagadki"],"_links":{"self":[{"href":"http:\/\/klubmamgdynia.pl\/index.php\/wp-json\/wp\/v2\/product\/10623","targetHints":{"allow":["GET"]}}],"collection":[{"href":"http:\/\/klubmamgdynia.pl\/index.php\/wp-json\/wp\/v2\/product"}],"about":[{"href":"http:\/\/klubmamgdynia.pl\/index.php\/wp-json\/wp\/v2\/types\/product"}],"replies":[{"embeddable":true,"href":"http:\/\/klubmamgdynia.pl\/index.php\/wp-json\/wp\/v2\/comments?post=10623"}],"wp:featuredmedia":[{"embeddable":true,"href":"http:\/\/klubmamgdynia.pl\/index.php\/wp-json\/wp\/v2\/media\/10624"}],"wp:attachment":[{"href":"http:\/\/klubmamgdynia.pl\/index.php\/wp-json\/wp\/v2\/media?parent=10623"}],"wp:term":[{"taxonomy":"product_cat","embeddable":true,"href":"http:\/\/klubmamgdynia.pl\/index.php\/wp-json\/wp\/v2\/product_cat?post=10623"},{"taxonomy":"product_tag","embeddable":true,"href":"http:\/\/klubmamgdynia.pl\/index.php\/wp-json\/wp\/v2\/product_tag?post=10623"}],"curies":[{"name":"wp","href":"https:\/\/api.w.org\/{rel}","templated":true}]}}