{"id":10625,"date":"2016-07-03T17:28:27","date_gmt":"2016-07-03T15:28:27","guid":{"rendered":"http:\/\/klubmamgdynia.pl\/index.php\/produkt\/akuku-zestaw-kosmetyczny-duzy-szczotka-cazki\/"},"modified":"2026-04-24T13:19:33","modified_gmt":"2026-04-24T11:19:33","slug":"akuku-zestaw-kosmetyczny-duzy-szczotka-cazki","status":"publish","type":"product","link":"http:\/\/klubmamgdynia.pl\/index.php\/produkt\/akuku-zestaw-kosmetyczny-duzy-szczotka-cazki\/","title":{"rendered":"Akuku Zestaw kosmetyczny Du\u017cy szczotka c\u0105\u017cki"},"content":{"rendered":"<p>Zestaw Akuku do manicure sk\u0142ada si\u0119 z no\u017cyczek, pilniczka i c\u0105\u017cek do paznokci oraz grzebyka i szczotki do w\u0142os\u00f3w. Ca\u0142o\u015b\u0107 w estetycznym futerale.Dzi\u0119ki specjalnie zaprojektowanym no\u017cyczkom i c\u0105\u017ckom pewnie i bezpiecznie obetniesz paznokcie swojemu dziecku. Dzi\u0119ki szczotce z mi\u0119kkim w\u0142osiem szybko rozczeszesz w\u0142osy swojego dziecka.Estetyczny futera\u0142 pozwoli na higieniczne i komfortowe przetrzymywanie zestawu kosmetycznego. Jest ma\u0142y dzi\u0119ki czemu z \u0142atwo\u015bci\u0105 schowasz go do szafki w \u0142azience, lub zapakujesz do torby podczas podr\u00f3\u017cy!<\/p>\n<h2>Akuku Zestaw kosmetyczny Du\u017cy szczotka c\u0105\u017cki Akuku<\/h2>\n<p>test z narnii lew czarownica i stara szafa, magiczne drzewo czerwone krzes\u0142o test, p\u0142atki \u015bniegu szablon, aneta, cytaty o dzieciach i rodzicach, literki do pisania do druku, prezent dla jedenastolatka, bajki dla dzieci do czytania na dobranoc, kinderbal przepisy, quizy flagi, cytaty o rodzinie<\/p>\n<p>yyyyy<\/p>\n<p>&nbsp;<\/p>\n","protected":false},"excerpt":{"rendered":"<p>Zestaw Akuku do manicure sk\u0142ada si\u0119 z no\u017cyczek, pilniczka i c\u0105\u017cek do paznokci oraz grzebyka i szczotki do w\u0142os\u00f3w. Ca\u0142o\u015b\u0107 w estetycznym futerale.Dzi\u0119ki specjalnie zaprojektowanym no\u017cyczkom i c\u0105\u017ckom pewnie i bezpiecznie obetniesz paznokcie swojemu dziecku. Dzi\u0119ki szczotce z mi\u0119kkim w\u0142osiem szybko rozczeszesz w\u0142osy swojego dziecka.Estetyczny futera\u0142 pozwoli na higieniczne i komfortowe przetrzymywanie zestawu kosmetycznego. Jest [&hellip;]<\/p>\n","protected":false},"featured_media":10626,"comment_status":"closed","ping_status":"open","template":"","meta":[],"product_cat":[250,901],"product_tag":[728,688,687,703,857,812,791],"class_list":["post-10625","product","type-product","status-publish","has-post-thumbnail","hentry","product_cat-akuku","product_cat-pozostale-akcesoria-do-pielegnacji-dzieci","product_tag-bezwarunkowa-milosc-do-dziecka-cytaty","product_tag-kolysanki-tekst","product_tag-podchwytliwe-zagadki-matematyczne","product_tag-prezent-dla-nastolatki","product_tag-zagadki-dla-dzieci-7-8-lat","product_tag-zagadki-logiczne-na-inteligencje","product_tag-zagadki-na-myslenie"],"_links":{"self":[{"href":"http:\/\/klubmamgdynia.pl\/index.php\/wp-json\/wp\/v2\/product\/10625","targetHints":{"allow":["GET"]}}],"collection":[{"href":"http:\/\/klubmamgdynia.pl\/index.php\/wp-json\/wp\/v2\/product"}],"about":[{"href":"http:\/\/klubmamgdynia.pl\/index.php\/wp-json\/wp\/v2\/types\/product"}],"replies":[{"embeddable":true,"href":"http:\/\/klubmamgdynia.pl\/index.php\/wp-json\/wp\/v2\/comments?post=10625"}],"wp:featuredmedia":[{"embeddable":true,"href":"http:\/\/klubmamgdynia.pl\/index.php\/wp-json\/wp\/v2\/media\/10626"}],"wp:attachment":[{"href":"http:\/\/klubmamgdynia.pl\/index.php\/wp-json\/wp\/v2\/media?parent=10625"}],"wp:term":[{"taxonomy":"product_cat","embeddable":true,"href":"http:\/\/klubmamgdynia.pl\/index.php\/wp-json\/wp\/v2\/product_cat?post=10625"},{"taxonomy":"product_tag","embeddable":true,"href":"http:\/\/klubmamgdynia.pl\/index.php\/wp-json\/wp\/v2\/product_tag?post=10625"}],"curies":[{"name":"wp","href":"https:\/\/api.w.org\/{rel}","templated":true}]}}