{"id":10627,"date":"2011-09-02T23:36:47","date_gmt":"2011-09-02T21:36:47","guid":{"rendered":"http:\/\/klubmamgdynia.pl\/index.php\/produkt\/akuku-bidon-ze-slomka-i-odwaznikiem-250ml-szary\/"},"modified":"2026-04-27T00:55:55","modified_gmt":"2026-04-26T22:55:55","slug":"akuku-bidon-ze-slomka-i-odwaznikiem-250ml-szary","status":"publish","type":"product","link":"http:\/\/klubmamgdynia.pl\/index.php\/produkt\/akuku-bidon-ze-slomka-i-odwaznikiem-250ml-szary\/","title":{"rendered":"Akuku Bidon Ze S\u0142omk\u0105 I Odwa\u017cnikiem 250Ml Szary"},"content":{"rendered":"<p>Bidon ze s\u0142omk\u0105 i odwa\u017cnikiem, Akuku, 250 mlBidon ze s\u0142omk\u0105 i odwa\u017cnikiem marki Akuku umo\u017cliwia maluchowi picie pod ka\u017cdym k\u0105tem, nawet do g\u00f3ry nogami! Stanowi niezast\u0105pione akcesorium w domu, w podr\u00f3\u017cy i podczas zabawy, kiedy dziecko szybko chce ugasi\u0107 pragnienie.Bidon posiada szczelne zamkni\u0119cie otwierane za pomoc\u0105 guziczka, kt\u00f3re zapobiega wylaniu si\u0119 picia i zabrudzeniu s\u0142omki. Transparentno\u015b\u0107 i wygodna podzia\u0142ka pozwalaj\u0105 na kontrol\u0119 zawarto\u015bci bidonu.Kubek zosta\u0142 wykonany z nowoczesnego tworzywa &#8211; tritanu, ca\u0142kowicie wolnego od BPA. Materia\u0142 ten przypomina szk\u0142o, nie rysuje si\u0119 i nie przebarwia, jest odporny na wszelkiego rodzaju uszkodzenia. Nie zmienia tak\u017ce smaku napoju, a tak\u017ce nie uwalnia do niego szkodliwych substancji.Cechy produktu:bidon z zamkni\u0119ciem i s\u0142omk\u0105,wykonany z tritanu,bezpieczny dla zdrowia dziecka,nie zawiera BPA,przeznaczony do mycia w zmywarce na g\u00f3rnej p\u00f3\u0142ce (za wyj\u0105tkiem s\u0142omki),umo\u017cliwia dziecku picie w ka\u017cdej pozycji, r\u00f3wnie\u017c na le\u017c\u0105co.<\/p>\n<h2>Akuku Bidon Ze S\u0142omk\u0105 I Odwa\u017cnikiem 250Ml Szary Akuku<\/h2>\n<p>basen dla dzieci warszawa, quiz konie, prezent na roczek od babci, kuba imi\u0119<\/p>\n<p>yyyyy<\/p>\n<p>&nbsp;<\/p>\n","protected":false},"excerpt":{"rendered":"<p>Bidon ze s\u0142omk\u0105 i odwa\u017cnikiem, Akuku, 250 mlBidon ze s\u0142omk\u0105 i odwa\u017cnikiem marki Akuku umo\u017cliwia maluchowi picie pod ka\u017cdym k\u0105tem, nawet do g\u00f3ry nogami! Stanowi niezast\u0105pione akcesorium w domu, w podr\u00f3\u017cy i podczas zabawy, kiedy dziecko szybko chce ugasi\u0107 pragnienie.Bidon posiada szczelne zamkni\u0119cie otwierane za pomoc\u0105 guziczka, kt\u00f3re zapobiega wylaniu si\u0119 picia i zabrudzeniu s\u0142omki. [&hellip;]<\/p>\n","protected":false},"featured_media":10628,"comment_status":"closed","ping_status":"open","template":"","meta":[],"product_cat":[250,215],"product_tag":[668,789,642,677,842,710],"class_list":["post-10627","product","type-product","status-publish","has-post-thumbnail","hentry","product_cat-akuku","product_cat-naczynia-i-sztucce-dla-dzieci","product_tag-atrakcje-dla-dzieci-wroclaw","product_tag-kaczuszka","product_tag-mia-imie","product_tag-milosz-imie","product_tag-plac-zabaw-poznan","product_tag-zagadki-dla-dzieci-10-12-lat"],"_links":{"self":[{"href":"http:\/\/klubmamgdynia.pl\/index.php\/wp-json\/wp\/v2\/product\/10627","targetHints":{"allow":["GET"]}}],"collection":[{"href":"http:\/\/klubmamgdynia.pl\/index.php\/wp-json\/wp\/v2\/product"}],"about":[{"href":"http:\/\/klubmamgdynia.pl\/index.php\/wp-json\/wp\/v2\/types\/product"}],"replies":[{"embeddable":true,"href":"http:\/\/klubmamgdynia.pl\/index.php\/wp-json\/wp\/v2\/comments?post=10627"}],"wp:featuredmedia":[{"embeddable":true,"href":"http:\/\/klubmamgdynia.pl\/index.php\/wp-json\/wp\/v2\/media\/10628"}],"wp:attachment":[{"href":"http:\/\/klubmamgdynia.pl\/index.php\/wp-json\/wp\/v2\/media?parent=10627"}],"wp:term":[{"taxonomy":"product_cat","embeddable":true,"href":"http:\/\/klubmamgdynia.pl\/index.php\/wp-json\/wp\/v2\/product_cat?post=10627"},{"taxonomy":"product_tag","embeddable":true,"href":"http:\/\/klubmamgdynia.pl\/index.php\/wp-json\/wp\/v2\/product_tag?post=10627"}],"curies":[{"name":"wp","href":"https:\/\/api.w.org\/{rel}","templated":true}]}}