{"id":10629,"date":"2021-12-06T23:09:46","date_gmt":"2021-12-06T22:09:46","guid":{"rendered":"http:\/\/klubmamgdynia.pl\/index.php\/produkt\/tuban-tubi-jelly-male-akwarium-potworki-6-kolorow\/"},"modified":"2026-05-17T22:58:06","modified_gmt":"2026-05-17T20:58:06","slug":"tuban-tubi-jelly-male-akwarium-potworki-6-kolorow","status":"publish","type":"product","link":"http:\/\/klubmamgdynia.pl\/index.php\/produkt\/tuban-tubi-jelly-male-akwarium-potworki-6-kolorow\/","title":{"rendered":"Tuban Tubi Jelly Ma\u0142e Akwarium Potworki (6 Kolor\u00f3w)"},"content":{"rendered":"<p>Tubi Jelly to nasza nowa masa plastyczna, kt\u00f3ra po po\u0142\u0105czeniu z odpowiednim aktywatorem pozwoli Ci stworzy\u0107 tr\u00f3jwymiarowe figurki o \u017celowej konsystencji. To, co nas wyr\u00f3\u017cnia, to z pewno\u015bci\u0105 DU\u017bE opakowania z \u017celowym p\u0142ynem \u2013 a\u017c 150 ml pojemno\u015bci! Ka\u017cdy zestaw z ma\u0142ym akwarium zawiera \u017cele w 6 r\u00f3\u017cnych kolorach. \u017belowe p\u0142yny mo\u017cesz te\u017c dokupywa\u0107 osobno. Do wyboru dajemy Ci bogat\u0105 palet\u0119 barw \u2013 a\u017c 18 r\u00f3\u017cnych kolor\u00f3w (w tym neony, brokaty i magiczny \u017cel \u015bwiec\u0105cy w ciemno\u015bci).Zestaw TUBI JELLY POTWORKI z ma\u0142ym akwarium zawiera:- 6 \u017celowych p\u0142yn\u00f3w o pojemno\u015bci 150 ml, w kolorach:niebieskim, pomara\u0144czowym, bia\u0142ym, fioletowym, \u017c\u00f3\u0142tym, brokatowym niebieskim,- 12 szablon\u00f3w ze potworkowymi wzorami,- 1 czyst\u0105 folijk\u0119, na kt\u00f3rej mo\u017cesz narysowa\u0107 sw\u00f3j w\u0142asny, unikatowy wz\u00f3r,- 6 saszetek z aktywatorem 5 g,- 1 saszetk\u0119 z wodnymi kryszta\u0142ami 10 g,- misk\u0119,- akwarium 1 litr.Jak si\u0119 bawi\u0107?Przygotuj \u017celka:1. Prostok\u0105tn\u0105 misk\u0119 do\u0142\u0105czon\u0105 do zestawu nape\u0142nij 400 ml wody z kranu (ok. p\u00f3\u0142torej szklanki). Wsyp do wody proszek z aktywatorem i mieszaj tak d\u0142ugo, a\u017c proszek ca\u0142kowicie si\u0119 rozpu\u015bci.2. Wybierz foli\u0119 ze wzorem figurki, kt\u00f3r\u0105 chcesz wykona\u0107. Przygotowany szablon po\u0142\u00f3\u017c na twardej powierzchni, a nast\u0119pnie &#8211; u\u017cywaj\u0105c \u017celowego p\u0142ynu w tubce, pokoloruj wz\u00f3r. Je\u015bli chcesz wykona\u0107 figurk\u0119 wed\u0142ug w\u0142asnego pomys\u0142u, skorzystaj z do\u0142\u0105czonej do zestawu g\u0142adkiej folii bez nadruku. \u017bel w r\u00f3\u017cnych kolorach mo\u017cesz nak\u0142ada\u0107 te\u017c warstwami, jedna na drugiej.3. Zanurz figurk\u0119 razem z foli\u0105, na kt\u00f3rej jest narysowana &#8211; we wcze\u015bniej przygotowanym roztworze z aktywatorem. Po up\u0142ywie ok. 30 sekund delikatnie porusz foli\u0105 tak, aby wz\u00f3r oderwa\u0142 si\u0119 od pod\u0142o\u017ca. Kiedy figurka b\u0119dzie swobodnie p\u0142ywa\u0142a, odczekaj min. 5 minut.Przygotuj akwarium z wodnymi kryszta\u0142ami:1. Nape\u0142nij akwarium ciep\u0142\u0105 wod\u0105.2. Wsyp granulat z wodnymi kryszta\u0142ami do wody.3. Cierpliwie poczekaj, a\u017c kryszta\u0142y urosn\u0105. Mo\u017ce to potrwa\u0107 od 2 do 6 godzin.Umie\u015b\u0107 \u017celka w akwarium:Przed umieszczeniem \u017celka w akwarium pe\u0142nego wodnych kryszta\u0142\u00f3w, umyj go pod bie\u017c\u0105c\u0105 wod\u0105.WA\u017bNE:- Nasze produkty s\u0105 bezpieczne dla dzieci.- W swoim sk\u0142adzie nie zawieraj\u0105 \u017cadnych substancji toksycznych!Wyprodukowano w Polsce.<\/p>\n<h2>Tuban Tubi Jelly Ma\u0142e Akwarium Potworki (6 Kolor\u00f3w) Tuban<\/h2>\n<p>film animowany o \u015bwi\u0119tach, tabliczka mno\u017cenia karty pracy do druku, zaj\u0119cia dla nastolatk\u00f3w, jak zrobi\u0107 du\u017ce jajo wielkanocne, bajki dla dzieci na dobranoc do czytania, prezenty dla nastolatk\u00f3w na dzie\u0144 dziecka, \u0142\u00f3d\u017a atrakcje dla dzieci, najrzadsze imiona w polsce, cytat z ma\u0142ego ksi\u0119cia o przyja\u017ani, ko\u0142ysanki teksty, kontynenty do druku, zrobi\u0107 laurk\u0119 laurka dla babci, filmy rodzinne na halloween<\/p>\n<p>yyyyy<\/p>\n<p>&nbsp;<\/p>\n","protected":false},"excerpt":{"rendered":"<p>Tubi Jelly to nasza nowa masa plastyczna, kt\u00f3ra po po\u0142\u0105czeniu z odpowiednim aktywatorem pozwoli Ci stworzy\u0107 tr\u00f3jwymiarowe figurki o \u017celowej konsystencji. To, co nas wyr\u00f3\u017cnia, to z pewno\u015bci\u0105 DU\u017bE opakowania z \u017celowym p\u0142ynem \u2013 a\u017c 150 ml pojemno\u015bci! Ka\u017cdy zestaw z ma\u0142ym akwarium zawiera \u017cele w 6 r\u00f3\u017cnych kolorach. \u017belowe p\u0142yny mo\u017cesz te\u017c dokupywa\u0107 osobno. [&hellip;]<\/p>\n","protected":false},"featured_media":10630,"comment_status":"closed","ping_status":"open","template":"","meta":[],"product_cat":[558,21],"product_tag":[668,622,699,847,717,661,741],"class_list":["post-10629","product","type-product","status-publish","has-post-thumbnail","hentry","product_cat-tuban","product_cat-zabawki-plastyczne","product_tag-atrakcje-dla-dzieci-wroclaw","product_tag-fajne-zagadki","product_tag-kolorowanki-do-druku-dla-dziewczyn","product_tag-kolorowanki-pokemon","product_tag-prezent-roczek","product_tag-swinka-peppa-kolorowanka","product_tag-wlochy"],"_links":{"self":[{"href":"http:\/\/klubmamgdynia.pl\/index.php\/wp-json\/wp\/v2\/product\/10629","targetHints":{"allow":["GET"]}}],"collection":[{"href":"http:\/\/klubmamgdynia.pl\/index.php\/wp-json\/wp\/v2\/product"}],"about":[{"href":"http:\/\/klubmamgdynia.pl\/index.php\/wp-json\/wp\/v2\/types\/product"}],"replies":[{"embeddable":true,"href":"http:\/\/klubmamgdynia.pl\/index.php\/wp-json\/wp\/v2\/comments?post=10629"}],"wp:featuredmedia":[{"embeddable":true,"href":"http:\/\/klubmamgdynia.pl\/index.php\/wp-json\/wp\/v2\/media\/10630"}],"wp:attachment":[{"href":"http:\/\/klubmamgdynia.pl\/index.php\/wp-json\/wp\/v2\/media?parent=10629"}],"wp:term":[{"taxonomy":"product_cat","embeddable":true,"href":"http:\/\/klubmamgdynia.pl\/index.php\/wp-json\/wp\/v2\/product_cat?post=10629"},{"taxonomy":"product_tag","embeddable":true,"href":"http:\/\/klubmamgdynia.pl\/index.php\/wp-json\/wp\/v2\/product_tag?post=10629"}],"curies":[{"name":"wp","href":"https:\/\/api.w.org\/{rel}","templated":true}]}}