{"id":10633,"date":"2021-06-25T17:19:27","date_gmt":"2021-06-25T15:19:27","guid":{"rendered":"http:\/\/klubmamgdynia.pl\/index.php\/produkt\/dk-investment-mozaika-klocki-3d-kwadraty-zabawki-kreatywne-420el\/"},"modified":"2026-04-06T00:43:16","modified_gmt":"2026-04-05T22:43:16","slug":"dk-investment-mozaika-klocki-3d-kwadraty-zabawki-kreatywne-420el","status":"publish","type":"product","link":"http:\/\/klubmamgdynia.pl\/index.php\/produkt\/dk-investment-mozaika-klocki-3d-kwadraty-zabawki-kreatywne-420el\/","title":{"rendered":"Dk Investment Mozaika Klocki 3D Kwadraty Zabawki Kreatywne 420El"},"content":{"rendered":"<p>Kreatywna mozaika w pude\u0142ku z \u015brubkami, guziczkami i wkr\u0119takiem 420 element\u00f3w Zestaw element\u00f3w konstrukcyjnych w zestawie z \u015brubokr\u0119tem przypadnie do gustu ka\u017cdemu ma\u0142emu majsterkowiczowi.Zestaw do mozaiki pozwala tworzy\u0107 i kreowa\u0107 obrazki p\u0142askie.Przykr\u0119canie kolorowych \u015brubek wymaga precyzji ruch\u00f3w r\u0119ki &#8211; zabawka usprawni zdolno\u015bci manualne. Poszczeg\u00f3lne elementy mo\u017cna wykorzysta\u0107 do nauki kolor\u00f3w. Wszystko znajduje si\u0119 w wygodnym i praktycznym opakowaniu z przegr\u00f3dkami oraz zamkni\u0119ciem. To pozwala utrzyma\u0107 \u0142ad i porz\u0105dek po zako\u0144czonej zabawie.Zestaw zawiera a\u017c 420 element\u00f3w:Elementy mozaiki,\u015aruby,\u015arubokr\u0119t,Kolorowe guziczki,Instrukcj\u0119 z przyk\u0142adowymi wzorami,Plastikowy kuferek z zamkni\u0119ciem &#8211; plansz\u0105,Oryginalne opakowanie.Wymiary:Opakowanie: 35,5 x 25,5 x 8 cmKuferek: 24,5 x 24,5 x 7 cm<\/p>\n<h2>Dk Investment Mozaika Klocki 3D Kwadraty Zabawki Kreatywne 420El Dk<\/h2>\n<p>ma\u0142y ksi\u0105\u017ce cytaty o przyja\u017ani, do druku dla dzieci, sentencje ma\u0142y ksi\u0105\u017ce cytaty, cytat z kubusia puchatka o mi\u0142o\u015bci, place zabaw warszawa, dzieci.pl, jeremi imi\u0119, fajne rzeczy dla nastolatk\u00f3w, kiedy dzieci chodz\u0105 na halloween, pomys\u0142y na prima aprilis w szkole, jeremi imi\u0119, oryginalny prezent dla nastolatk\u00f3w, co oznacza nazwa jordan, \u017cyczenia na lany poniedzia\u0142ek wielkanocny, linda, quiz o miko\u0142ajku, quizy flagi, gra kulki, ferie zimowe 2022 warszawa, co oznacza jordan<\/p>\n<p>yyyyy<\/p>\n<p>&nbsp;<\/p>\n","protected":false},"excerpt":{"rendered":"<p>Kreatywna mozaika w pude\u0142ku z \u015brubkami, guziczkami i wkr\u0119takiem 420 element\u00f3w Zestaw element\u00f3w konstrukcyjnych w zestawie z \u015brubokr\u0119tem przypadnie do gustu ka\u017cdemu ma\u0142emu majsterkowiczowi.Zestaw do mozaiki pozwala tworzy\u0107 i kreowa\u0107 obrazki p\u0142askie.Przykr\u0119canie kolorowych \u015brubek wymaga precyzji ruch\u00f3w r\u0119ki &#8211; zabawka usprawni zdolno\u015bci manualne. Poszczeg\u00f3lne elementy mo\u017cna wykorzysta\u0107 do nauki kolor\u00f3w. Wszystko znajduje si\u0119 w wygodnym [&hellip;]<\/p>\n","protected":false},"featured_media":10634,"comment_status":"closed","ping_status":"open","template":"","meta":[],"product_cat":[408,113],"product_tag":[801,598,729,637,717],"class_list":["post-10633","product","type-product","status-publish","has-post-thumbnail","hentry","product_cat-dk","product_cat-klocki","product_tag-bajki-terapeutyczne-o-emocjach","product_tag-co-na-roczek-dla-dziewczynki","product_tag-madre-bajki-dla-dzieci-do-czytania","product_tag-niech-zyja-wakacje-tekst","product_tag-prezent-roczek"],"_links":{"self":[{"href":"http:\/\/klubmamgdynia.pl\/index.php\/wp-json\/wp\/v2\/product\/10633","targetHints":{"allow":["GET"]}}],"collection":[{"href":"http:\/\/klubmamgdynia.pl\/index.php\/wp-json\/wp\/v2\/product"}],"about":[{"href":"http:\/\/klubmamgdynia.pl\/index.php\/wp-json\/wp\/v2\/types\/product"}],"replies":[{"embeddable":true,"href":"http:\/\/klubmamgdynia.pl\/index.php\/wp-json\/wp\/v2\/comments?post=10633"}],"wp:featuredmedia":[{"embeddable":true,"href":"http:\/\/klubmamgdynia.pl\/index.php\/wp-json\/wp\/v2\/media\/10634"}],"wp:attachment":[{"href":"http:\/\/klubmamgdynia.pl\/index.php\/wp-json\/wp\/v2\/media?parent=10633"}],"wp:term":[{"taxonomy":"product_cat","embeddable":true,"href":"http:\/\/klubmamgdynia.pl\/index.php\/wp-json\/wp\/v2\/product_cat?post=10633"},{"taxonomy":"product_tag","embeddable":true,"href":"http:\/\/klubmamgdynia.pl\/index.php\/wp-json\/wp\/v2\/product_tag?post=10633"}],"curies":[{"name":"wp","href":"https:\/\/api.w.org\/{rel}","templated":true}]}}