{"id":10635,"date":"2016-05-29T21:54:01","date_gmt":"2016-05-29T19:54:01","guid":{"rendered":"http:\/\/klubmamgdynia.pl\/index.php\/produkt\/tomy-britains-john-deere-traktor-6120-43248\/"},"modified":"2026-05-17T23:00:24","modified_gmt":"2026-05-17T21:00:24","slug":"tomy-britains-john-deere-traktor-6120-43248","status":"publish","type":"product","link":"http:\/\/klubmamgdynia.pl\/index.php\/produkt\/tomy-britains-john-deere-traktor-6120-43248\/","title":{"rendered":"Tomy Britains John Deere Traktor 6120 43248"},"content":{"rendered":"<p>SUPER CENA &#8211; DARMOWA DOSTAWA ! &#8211; TOMY Britains John Deere traktor 6120 43248 &#8211; PACZKOMAT, POCZTA, KURIER<\/p>\n<h2>Tomy Britains John Deere Traktor 6120 43248 Tomy<\/h2>\n<p>prezent dla nastolatk\u00f3w na \u015bwi\u0119ta, bajki dla chlopcow, jeremi imi\u0119, quiz dzieci z bullerbyn, kolorowanki do druku dla doros\u0142ych, quiz online, test spos\u00f3b na alcybiadesa, trudne zagadki logiczne, gda\u0144sk atrakcje dla m\u0142odzie\u017cy, kolorowanki ninjago<\/p>\n<p>yyyyy<\/p>\n<p>&nbsp;<\/p>\n","protected":false},"excerpt":{"rendered":"<p>SUPER CENA &#8211; DARMOWA DOSTAWA ! &#8211; TOMY Britains John Deere traktor 6120 43248 &#8211; PACZKOMAT, POCZTA, KURIER Tomy Britains John Deere Traktor 6120 43248 Tomy prezent dla nastolatk\u00f3w na \u015bwi\u0119ta, bajki dla chlopcow, jeremi imi\u0119, quiz dzieci z bullerbyn, kolorowanki do druku dla doros\u0142ych, quiz online, test spos\u00f3b na alcybiadesa, trudne zagadki logiczne, gda\u0144sk [&hellip;]<\/p>\n","protected":false},"featured_media":10636,"comment_status":"closed","ping_status":"open","template":"","meta":[],"product_cat":[1327,489],"product_tag":[832,586,822],"class_list":["post-10635","product","type-product","status-publish","has-post-thumbnail","hentry","product_cat-tomy","product_cat-traktory-dla-dzieci","product_tag-desery-dla-dzieci","product_tag-smieszne-zagadki","product_tag-wierszyki-o-wakacjach-krotkie"],"_links":{"self":[{"href":"http:\/\/klubmamgdynia.pl\/index.php\/wp-json\/wp\/v2\/product\/10635","targetHints":{"allow":["GET"]}}],"collection":[{"href":"http:\/\/klubmamgdynia.pl\/index.php\/wp-json\/wp\/v2\/product"}],"about":[{"href":"http:\/\/klubmamgdynia.pl\/index.php\/wp-json\/wp\/v2\/types\/product"}],"replies":[{"embeddable":true,"href":"http:\/\/klubmamgdynia.pl\/index.php\/wp-json\/wp\/v2\/comments?post=10635"}],"wp:featuredmedia":[{"embeddable":true,"href":"http:\/\/klubmamgdynia.pl\/index.php\/wp-json\/wp\/v2\/media\/10636"}],"wp:attachment":[{"href":"http:\/\/klubmamgdynia.pl\/index.php\/wp-json\/wp\/v2\/media?parent=10635"}],"wp:term":[{"taxonomy":"product_cat","embeddable":true,"href":"http:\/\/klubmamgdynia.pl\/index.php\/wp-json\/wp\/v2\/product_cat?post=10635"},{"taxonomy":"product_tag","embeddable":true,"href":"http:\/\/klubmamgdynia.pl\/index.php\/wp-json\/wp\/v2\/product_tag?post=10635"}],"curies":[{"name":"wp","href":"https:\/\/api.w.org\/{rel}","templated":true}]}}