{"id":10639,"date":"2024-12-03T19:58:39","date_gmt":"2024-12-03T18:58:39","guid":{"rendered":"http:\/\/klubmamgdynia.pl\/?post_type=product&#038;p=10639"},"modified":"2026-05-17T22:39:15","modified_gmt":"2026-05-17T20:39:15","slug":"tomy-pilka-pluszowa-pokemon-t18894","status":"publish","type":"product","link":"http:\/\/klubmamgdynia.pl\/index.php\/produkt\/tomy-pilka-pluszowa-pokemon-t18894\/","title":{"rendered":"TOMY &#8211; PI\u0141KA PLUSZOWA POKEMON T18894"},"content":{"rendered":"<p>PLUSZOWA PI\u0141KA POKEBALLMaskotka wykonana z mi\u0142ego w dotyku materia\u0142uWymiary: 15 cmDla dzieci 3 lata+<\/p>\n<h2>TOMY &#8211; PI\u0141KA PLUSZOWA POKEMON T18894 Tomy<\/h2>\n<p>szczotka pasta kubek ciep\u0142a woda tekst, kolorowanka lato, dinozaury kolorowanki, cytaty o przyja\u017ani \u015bmieszne, jak si\u0119 rysuje kota, filmy animowane \u015bwi\u0105teczne, zyczenia walentynkowe dla dzieci, zagadki dla rodziny, gwiazdka do druku, kalina imi\u0119, stare bajki, zabawka na roczek, kolorowanki uk\u0142ad s\u0142oneczny, kolorowanki lol, ozdoby choinkowe dla dzieci, jak narysowa\u0107 koty, esmeralda<\/p>\n<p>yyyyy<\/p>\n<p>&nbsp;<\/p>\n","protected":false},"excerpt":{"rendered":"<p>PLUSZOWA PI\u0141KA POKEBALLMaskotka wykonana z mi\u0142ego w dotyku materia\u0142uWymiary: 15 cmDla dzieci 3 lata+ TOMY &#8211; PI\u0141KA PLUSZOWA POKEMON T18894 Tomy szczotka pasta kubek ciep\u0142a woda tekst, kolorowanka lato, dinozaury kolorowanki, cytaty o przyja\u017ani \u015bmieszne, jak si\u0119 rysuje kota, filmy animowane \u015bwi\u0105teczne, zyczenia walentynkowe dla dzieci, zagadki dla rodziny, gwiazdka do druku, kalina imi\u0119, stare [&hellip;]<\/p>\n","protected":false},"featured_media":10640,"comment_status":"closed","ping_status":"open","template":"","meta":[],"product_cat":[42,1327],"product_tag":[847,720,601],"class_list":["post-10639","product","type-product","status-publish","has-post-thumbnail","hentry","product_cat-maskotki","product_cat-tomy","product_tag-kolorowanki-pokemon","product_tag-malowanki","product_tag-zagadki-co-to-jest"],"_links":{"self":[{"href":"http:\/\/klubmamgdynia.pl\/index.php\/wp-json\/wp\/v2\/product\/10639","targetHints":{"allow":["GET"]}}],"collection":[{"href":"http:\/\/klubmamgdynia.pl\/index.php\/wp-json\/wp\/v2\/product"}],"about":[{"href":"http:\/\/klubmamgdynia.pl\/index.php\/wp-json\/wp\/v2\/types\/product"}],"replies":[{"embeddable":true,"href":"http:\/\/klubmamgdynia.pl\/index.php\/wp-json\/wp\/v2\/comments?post=10639"}],"wp:featuredmedia":[{"embeddable":true,"href":"http:\/\/klubmamgdynia.pl\/index.php\/wp-json\/wp\/v2\/media\/10640"}],"wp:attachment":[{"href":"http:\/\/klubmamgdynia.pl\/index.php\/wp-json\/wp\/v2\/media?parent=10639"}],"wp:term":[{"taxonomy":"product_cat","embeddable":true,"href":"http:\/\/klubmamgdynia.pl\/index.php\/wp-json\/wp\/v2\/product_cat?post=10639"},{"taxonomy":"product_tag","embeddable":true,"href":"http:\/\/klubmamgdynia.pl\/index.php\/wp-json\/wp\/v2\/product_tag?post=10639"}],"curies":[{"name":"wp","href":"https:\/\/api.w.org\/{rel}","templated":true}]}}