{"id":1064,"date":"2012-11-05T03:39:40","date_gmt":"2012-11-05T02:39:40","guid":{"rendered":"http:\/\/klubmamgdynia.pl\/index.php\/produkt\/spin-master-bakugan-evolustions-zestaw-startowy-76\/"},"modified":"2026-05-02T12:54:54","modified_gmt":"2026-05-02T10:54:54","slug":"spin-master-bakugan-evolustions-zestaw-startowy-76","status":"publish","type":"product","link":"http:\/\/klubmamgdynia.pl\/index.php\/produkt\/spin-master-bakugan-evolustions-zestaw-startowy-76\/","title":{"rendered":"Spin Master Bakugan Evolustions: Zestaw Startowy 76"},"content":{"rendered":"<p>Zestaw startowy Bakugan Evolutions Pakiet startowy Bakugan zawiera wszystko, czego potrzebujesz, aby ruszy\u0107 do walki! Dodaj do swojej kolekcji dwa epickie Bakugan z Bakugan Evolutions, jeden pot\u0119\u017cny Bakugan Ultra, sze\u015b\u0107 pot\u0119\u017cnych BakuCore i kolekcjonerskie karty postaci (wszystkie w zestawie). Rozpocznij bitw\u0119 z 2 Bakuganami i 1 Bakuganem Ultra! Bakugan otwiera si\u0119, gdy przetoczy si\u0119 przez BakuCore. Bakugan Ultra otwiera si\u0119, podnosz\u0105c BakuCore, aby ujawni\u0107 swoj\u0105 ukryt\u0105 moc! Pakiet sta&#8230;<\/p>\n<h2>Spin Master Bakugan Evolustions: Zestaw Startowy 76 Spin Master<\/h2>\n<p>zagadki dla dzieci 7 lat o zwierz\u0119tach, prima aprilis \u017carty dla rodzic\u00f3w, bombki do kolorowania, tr\u00f3jmiasto atrakcje dla dzieci, quiz o minecraft<\/p>\n<p>yyyyy<\/p>\n<p>&nbsp;<\/p>\n","protected":false},"excerpt":{"rendered":"<p>Zestaw startowy Bakugan Evolutions Pakiet startowy Bakugan zawiera wszystko, czego potrzebujesz, aby ruszy\u0107 do walki! Dodaj do swojej kolekcji dwa epickie Bakugan z Bakugan Evolutions, jeden pot\u0119\u017cny Bakugan Ultra, sze\u015b\u0107 pot\u0119\u017cnych BakuCore i kolekcjonerskie karty postaci (wszystkie w zestawie). Rozpocznij bitw\u0119 z 2 Bakuganami i 1 Bakuganem Ultra! Bakugan otwiera si\u0119, gdy przetoczy si\u0119 przez [&hellip;]<\/p>\n","protected":false},"featured_media":1065,"comment_status":"closed","ping_status":"open","template":"","meta":[],"product_cat":[95,94],"product_tag":[829,730,687,704,631,698],"class_list":["post-1064","product","type-product","status-publish","has-post-thumbnail","hentry","product_cat-figurki-makiety-i-zestawy","product_cat-spin-master","product_tag-bajki-do-czytania-na-dobranoc","product_tag-karyna","product_tag-podchwytliwe-zagadki-matematyczne","product_tag-prezent-dla-nastolatka","product_tag-prezent-na-roczek","product_tag-zagadki-dla-przedszkolakow"],"_links":{"self":[{"href":"http:\/\/klubmamgdynia.pl\/index.php\/wp-json\/wp\/v2\/product\/1064","targetHints":{"allow":["GET"]}}],"collection":[{"href":"http:\/\/klubmamgdynia.pl\/index.php\/wp-json\/wp\/v2\/product"}],"about":[{"href":"http:\/\/klubmamgdynia.pl\/index.php\/wp-json\/wp\/v2\/types\/product"}],"replies":[{"embeddable":true,"href":"http:\/\/klubmamgdynia.pl\/index.php\/wp-json\/wp\/v2\/comments?post=1064"}],"wp:featuredmedia":[{"embeddable":true,"href":"http:\/\/klubmamgdynia.pl\/index.php\/wp-json\/wp\/v2\/media\/1065"}],"wp:attachment":[{"href":"http:\/\/klubmamgdynia.pl\/index.php\/wp-json\/wp\/v2\/media?parent=1064"}],"wp:term":[{"taxonomy":"product_cat","embeddable":true,"href":"http:\/\/klubmamgdynia.pl\/index.php\/wp-json\/wp\/v2\/product_cat?post=1064"},{"taxonomy":"product_tag","embeddable":true,"href":"http:\/\/klubmamgdynia.pl\/index.php\/wp-json\/wp\/v2\/product_tag?post=1064"}],"curies":[{"name":"wp","href":"https:\/\/api.w.org\/{rel}","templated":true}]}}