{"id":10641,"date":"2012-09-28T04:52:15","date_gmt":"2012-09-28T02:52:15","guid":{"rendered":"http:\/\/klubmamgdynia.pl\/index.php\/produkt\/mega-creative-znikopis-magnetyczny-kolorowy\/"},"modified":"2026-04-06T22:16:35","modified_gmt":"2026-04-06T20:16:35","slug":"mega-creative-znikopis-magnetyczny-kolorowy","status":"publish","type":"product","link":"http:\/\/klubmamgdynia.pl\/index.php\/produkt\/mega-creative-znikopis-magnetyczny-kolorowy\/","title":{"rendered":"Mega Creative Znikopis Magnetyczny Kolorowy"},"content":{"rendered":"<p>Zalety produktu znikopis posiada specjaln\u0105 pow\u0142ok\u0119, podczas pisania je\u015bli co\u015b nie wyjdzie \u0142atwo to mo\u017cna zmaza\u0107. Kolorowy Znikopis to najlepszy pomys\u0142 na nauk\u0119 rysowania Twojego dziecka. Nie musisz si\u0119 przejmowa\u0107 czy linia b\u0119dzie prosta czy krzywa, je\u017celi co\u015b nie wyjdzie, \u0142atwo zma\u017cesz to jednym ruchem. W zale\u017cno\u015bci w kt\u00f3rej jego cz\u0119\u015bci powstanie rysunek, b\u0119dzie ON w jednym z czterech kolor\u00f3w. Znikopis MEGA CREATIVE z akcesoriami to by\u0107 mo\u017ce powierzchnia, na kt\u00f3rej powstanie pierwsze dzie\u0142o sztuki Twojej pociechy Zawarto\u015b\u0107 zestawu znikopis, d\u0142ugopis magnetyczny. Produkt wykonany z plastiku, przeznaczony dla dzieci w wieku 3 . Wymiary opakowania d\u0142. x wys. x g\u0142. cm 38x31x3, Waga opakowania kg. 0,43kg. Pakowany w kartonik z okienkiem.<\/p>\n<h2>Mega Creative Znikopis Magnetyczny Kolorowy Mega Creative<\/h2>\n<p>wroc\u0142aw atrakcje dla dzieci 2021, ciekawe zagadki, miriam imi\u0119, przysz\u0142a zima bia\u0142a, tajemniczy ogr\u00f3d test z odpowiedziami, zagatki, choinko pi\u0119kna jak las tekst, gry planszowe dla nastolatk\u00f3w, test miko\u0142ajek 25 pyta\u0144, kolorowanki harry potter, imi\u0119 miriam, quiz dla dzieci, bezwarunkowa mi\u0142o\u015b\u0107 do dziecka cytaty, kwiecie\u0144 plecie\u0144 wiersz, zagadki logiczne trudne, jak narysowa\u0107 oko, co oznacza jordan, kr\u00f3tkie bajki do czytania, jak narysowa\u0107 konia, zagadki o psach, znaczenie imiona monika<\/p>\n<p>yyyyy<\/p>\n<p>&nbsp;<\/p>\n","protected":false},"excerpt":{"rendered":"<p>Zalety produktu znikopis posiada specjaln\u0105 pow\u0142ok\u0119, podczas pisania je\u015bli co\u015b nie wyjdzie \u0142atwo to mo\u017cna zmaza\u0107. Kolorowy Znikopis to najlepszy pomys\u0142 na nauk\u0119 rysowania Twojego dziecka. Nie musisz si\u0119 przejmowa\u0107 czy linia b\u0119dzie prosta czy krzywa, je\u017celi co\u015b nie wyjdzie, \u0142atwo zma\u017cesz to jednym ruchem. W zale\u017cno\u015bci w kt\u00f3rej jego cz\u0119\u015bci powstanie rysunek, b\u0119dzie ON [&hellip;]<\/p>\n","protected":false},"featured_media":10642,"comment_status":"closed","ping_status":"open","template":"","meta":[],"product_cat":[64,21],"product_tag":[802,723,620,592],"class_list":["post-10641","product","type-product","status-publish","has-post-thumbnail","hentry","product_cat-mega-creative","product_cat-zabawki-plastyczne","product_tag-co-kupic-dziewczynce-na-roczek","product_tag-krotkie-bajki-do-czytania-na-dobranoc","product_tag-quiz-opowiesci-z-narnii","product_tag-zagadki-dla-dzieci"],"_links":{"self":[{"href":"http:\/\/klubmamgdynia.pl\/index.php\/wp-json\/wp\/v2\/product\/10641","targetHints":{"allow":["GET"]}}],"collection":[{"href":"http:\/\/klubmamgdynia.pl\/index.php\/wp-json\/wp\/v2\/product"}],"about":[{"href":"http:\/\/klubmamgdynia.pl\/index.php\/wp-json\/wp\/v2\/types\/product"}],"replies":[{"embeddable":true,"href":"http:\/\/klubmamgdynia.pl\/index.php\/wp-json\/wp\/v2\/comments?post=10641"}],"wp:featuredmedia":[{"embeddable":true,"href":"http:\/\/klubmamgdynia.pl\/index.php\/wp-json\/wp\/v2\/media\/10642"}],"wp:attachment":[{"href":"http:\/\/klubmamgdynia.pl\/index.php\/wp-json\/wp\/v2\/media?parent=10641"}],"wp:term":[{"taxonomy":"product_cat","embeddable":true,"href":"http:\/\/klubmamgdynia.pl\/index.php\/wp-json\/wp\/v2\/product_cat?post=10641"},{"taxonomy":"product_tag","embeddable":true,"href":"http:\/\/klubmamgdynia.pl\/index.php\/wp-json\/wp\/v2\/product_tag?post=10641"}],"curies":[{"name":"wp","href":"https:\/\/api.w.org\/{rel}","templated":true}]}}