{"id":10643,"date":"2020-11-22T19:53:57","date_gmt":"2020-11-22T18:53:57","guid":{"rendered":"http:\/\/klubmamgdynia.pl\/index.php\/produkt\/melissa-doug-melissa-naklejka-wielokrotnego-uzytku-przygoda-19115\/"},"modified":"2026-04-06T11:33:03","modified_gmt":"2026-04-06T09:33:03","slug":"melissa-doug-melissa-naklejka-wielokrotnego-uzytku-przygoda-19115","status":"publish","type":"product","link":"http:\/\/klubmamgdynia.pl\/index.php\/produkt\/melissa-doug-melissa-naklejka-wielokrotnego-uzytku-przygoda-19115\/","title":{"rendered":"Melissa &amp; Doug Melissa Naklejka Wielokrotnego U\u017cytku Przygoda 19115"},"content":{"rendered":"<p>Naklejki wielokrotne Przygoda Naklejki wielokrotnego u\u017cytku oraz plansze z motywem przygody. Plansze przedstawiaj\u0105 r\u00f3\u017cne scenerie (statek piracki na morzu, dziki zach\u00f3d, kosmos, rafa koralowa, turniej rycerski), kt\u00f3re mo\u017cna dekorowa\u0107 na wiele r\u00f3\u017cnych sposob\u00f3w. W zestawie znajdziemy a\u017c 245 r\u00f3\u017cnych naklejek, s\u0105 to mi\u0119dzy innymi piraci, morskie stwory, skarby, rycerze, konie, ksi\u0119\u017cniczki, smoki i inne. Z zestawem mo\u017cna tworzy\u0107 wiele r\u00f3\u017cnych koncepcji czy scenariuszy, oraz rozwija\u0107 swoj\u0105 wyobra\u017ani\u0119. Wiek: +3 lata Wymiary planszy: 35,5 x 28 cm Melissa &amp; Doug to ameryka\u0144ska firma tworz\u0105ca zabawki oraz akcesoria pomagaj\u0105ce w rozwoju lub odkrywaniu talent\u00f3w dzieci. Wiele ich produkt\u00f3w inspirowanych jest zabawkami z przesz\u0142o\u015bci, jednak w nowej, ulepszonej wersji.<\/p>\n<h2>Melissa &amp; Doug Melissa Naklejka Wielokrotnego U\u017cytku Przygoda 19115 Melissa &amp; Doug<\/h2>\n<p>wulkan z sody, bajki o ksi\u0119\u017cniczkach do czytania, zagadki dla dzieci 7-8 lat, kolorowanka piesek do druku, \u015bmieszne kanapki kanapki dla dzieci, magiczne drzewo czerwone krzes\u0142o test, bajka o miko\u0142aju do czytania, wzory zaprosze\u0144 zaproszenie na urodziny do druku pdf, zagadki dla dzieci 10-12 lat, kolorowanka prezent, kr\u00f3tkie \u017cyczenia wielkanocne dla dzieci, bezwarunkowa mi\u0142o\u015b\u0107 do dziecka cytaty, kinderbal przepisy, kolorowanki dla ch\u0142opc\u00f3w, zagadki wielkanocne dla dzieci, zaproszenia do druku, gad\u017cety dla nastolatka<\/p>\n<p>yyyyy<\/p>\n<p>&nbsp;<\/p>\n","protected":false},"excerpt":{"rendered":"<p>Naklejki wielokrotne Przygoda Naklejki wielokrotnego u\u017cytku oraz plansze z motywem przygody. Plansze przedstawiaj\u0105 r\u00f3\u017cne scenerie (statek piracki na morzu, dziki zach\u00f3d, kosmos, rafa koralowa, turniej rycerski), kt\u00f3re mo\u017cna dekorowa\u0107 na wiele r\u00f3\u017cnych sposob\u00f3w. W zestawie znajdziemy a\u017c 245 r\u00f3\u017cnych naklejek, s\u0105 to mi\u0119dzy innymi piraci, morskie stwory, skarby, rycerze, konie, ksi\u0119\u017cniczki, smoki i inne. Z [&hellip;]<\/p>\n","protected":false},"featured_media":10644,"comment_status":"closed","ping_status":"open","template":"","meta":[],"product_cat":[1888,1204],"product_tag":[719,642,704,841,824],"class_list":["post-10643","product","type-product","status-publish","has-post-thumbnail","hentry","product_cat-dekoratorstwo","product_cat-melissa-doug","product_tag-dziecko-cytaty-zlote-mysli","product_tag-mia-imie","product_tag-prezent-dla-nastolatka","product_tag-quiz-o-flagach","product_tag-warszawa-atrakcje-dla-dzieci"],"_links":{"self":[{"href":"http:\/\/klubmamgdynia.pl\/index.php\/wp-json\/wp\/v2\/product\/10643","targetHints":{"allow":["GET"]}}],"collection":[{"href":"http:\/\/klubmamgdynia.pl\/index.php\/wp-json\/wp\/v2\/product"}],"about":[{"href":"http:\/\/klubmamgdynia.pl\/index.php\/wp-json\/wp\/v2\/types\/product"}],"replies":[{"embeddable":true,"href":"http:\/\/klubmamgdynia.pl\/index.php\/wp-json\/wp\/v2\/comments?post=10643"}],"wp:featuredmedia":[{"embeddable":true,"href":"http:\/\/klubmamgdynia.pl\/index.php\/wp-json\/wp\/v2\/media\/10644"}],"wp:attachment":[{"href":"http:\/\/klubmamgdynia.pl\/index.php\/wp-json\/wp\/v2\/media?parent=10643"}],"wp:term":[{"taxonomy":"product_cat","embeddable":true,"href":"http:\/\/klubmamgdynia.pl\/index.php\/wp-json\/wp\/v2\/product_cat?post=10643"},{"taxonomy":"product_tag","embeddable":true,"href":"http:\/\/klubmamgdynia.pl\/index.php\/wp-json\/wp\/v2\/product_tag?post=10643"}],"curies":[{"name":"wp","href":"https:\/\/api.w.org\/{rel}","templated":true}]}}