{"id":10645,"date":"2012-01-01T09:27:17","date_gmt":"2012-01-01T08:27:17","guid":{"rendered":"http:\/\/klubmamgdynia.pl\/index.php\/produkt\/etui-minnie-037-disney-nadruk-pelny-niebieski-producent-iphone-model-13-pro-max\/"},"modified":"2026-04-29T19:30:09","modified_gmt":"2026-04-29T17:30:09","slug":"etui-minnie-037-disney-nadruk-pelny-niebieski-producent-iphone-model-13-pro-max","status":"publish","type":"product","link":"http:\/\/klubmamgdynia.pl\/index.php\/produkt\/etui-minnie-037-disney-nadruk-pelny-niebieski-producent-iphone-model-13-pro-max\/","title":{"rendered":"Etui Minnie 037 Disney Nadruk pe\u0142ny Niebieski Producent: Iphone, Model: 13 PRO MAX"},"content":{"rendered":"<p>\u2022 W 100% oryginalny produkt Disney\u2122 &#8211; weryfikowany przez oficjalnych przedstawicieli Disney\u2122, na ka\u017cdym produkcie znajduje si\u0119 nota copyright, a na opakowaniu kod EAN i SKU potwierdzaj\u0105ce jego legalno\u015b\u0107 i oryginalno\u015b\u0107.\u2022 Maksymalna trwa\u0142o\u015b\u0107 \u2013 etui wykonane z najwy\u017cszej jako\u015bci materia\u0142u TPU (elastyczny, gi\u0119tki materia\u0142) z podwy\u017cszonymi, specjalnie wyprofilowanymi rantami. Grafika zosta\u0142a dodatkowo utrwalona najnowsz\u0105, specjalistyczn\u0105 technologi\u0105, kt\u00f3ra gwarantuje jej maksymaln\u0105 trwa\u0142o\u015b\u0107.\u2022 Unikalny design \u2013 podkr\u0119ci wygl\u0105d telefonu oraz podkre\u015bli Tw\u00f3j wyj\u0105tkowy styl i indywidualizm.\u2022 Gwarancja jako\u015bci &#8211; testy produkt\u00f3w wykonywane przez oficjalnych przedstawicieli brandu gwarantuj\u0105 jego najwy\u017csz\u0105 jako\u015b\u0107 oraz bezpiecze\u0144stwo u\u017cytkowania\u2022 Bezpiecze\u0144stwo u\u017cytkowania \u2013 wszystkie etui posiadaj\u0105 certyfikat REACH oraz specjalistyczne badania na ka\u017cdy z u\u017cytych materia\u0142\u00f3w (materia\u0142 z kt\u00f3rego wykonane jest etui, farby, utwardzacze grafiki itp.)\u2022 Dedykowane opakowania \u2013 ka\u017cde z etui zapakowane jest w dedykowane opakowanie.<\/p>\n<h2>Etui Minnie 037 Disney Nadruk pe\u0142ny Niebieski Producent: Iphone, Model: 13 PRO MAX Disney<\/h2>\n<p>znaczenie imiona dawid, krok jak narysowa\u0107 konia, pan twardowski na ksi\u0119\u017cycu wiersz, zaproszenie na urodziny, kolorowanki dla dziewczynek lol, dzie\u0144 matki w\u0142asnor\u0119czny prezent dla mamy od dziecka, quiz o minecraft, maska kota, pokemon kolorowanki do druku, na wyspach bergamutach, spongebob kolorowanka, zrobi\u0107 laurk\u0119 laurka dla babci, milosz imie, szkic jak narysowa\u0107 kota, wierszyk o wakacjach, wszystkie kraje \u015bwiata quiz, ma\u0142y ksi\u0105\u017c\u0119 &#8211; test z odpowiedziami<\/p>\n<p><a href=\"https:\/\/www.hiperpharm.pl\/raphacholin-c-x-30-draz.html\">raphacholin c cena hiperpharm.pl\/raphacholin-c-x-30-draz.html<\/a><\/p>\n<p>&nbsp;<\/p>\n","protected":false},"excerpt":{"rendered":"<p>\u2022 W 100% oryginalny produkt Disney\u2122 &#8211; weryfikowany przez oficjalnych przedstawicieli Disney\u2122, na ka\u017cdym produkcie znajduje si\u0119 nota copyright, a na opakowaniu kod EAN i SKU potwierdzaj\u0105ce jego legalno\u015b\u0107 i oryginalno\u015b\u0107.\u2022 Maksymalna trwa\u0142o\u015b\u0107 \u2013 etui wykonane z najwy\u017cszej jako\u015bci materia\u0142u TPU (elastyczny, gi\u0119tki materia\u0142) z podwy\u017cszonymi, specjalnie wyprofilowanymi rantami. Grafika zosta\u0142a dodatkowo utrwalona najnowsz\u0105, specjalistyczn\u0105 [&hellip;]<\/p>\n","protected":false},"featured_media":10646,"comment_status":"closed","ping_status":"open","template":"","meta":[],"product_cat":[275,1363],"product_tag":[865,753,656,689,600],"class_list":["post-10645","product","type-product","status-publish","has-post-thumbnail","hentry","product_cat-disney","product_cat-pokrowce-i-etui-do-telefonow","product_tag-cytaty-o-dzieciach","product_tag-kamila","product_tag-kolorowanki-lol","product_tag-linda","product_tag-zaproszenia-na-urodziny-do-druku"],"_links":{"self":[{"href":"http:\/\/klubmamgdynia.pl\/index.php\/wp-json\/wp\/v2\/product\/10645","targetHints":{"allow":["GET"]}}],"collection":[{"href":"http:\/\/klubmamgdynia.pl\/index.php\/wp-json\/wp\/v2\/product"}],"about":[{"href":"http:\/\/klubmamgdynia.pl\/index.php\/wp-json\/wp\/v2\/types\/product"}],"replies":[{"embeddable":true,"href":"http:\/\/klubmamgdynia.pl\/index.php\/wp-json\/wp\/v2\/comments?post=10645"}],"wp:featuredmedia":[{"embeddable":true,"href":"http:\/\/klubmamgdynia.pl\/index.php\/wp-json\/wp\/v2\/media\/10646"}],"wp:attachment":[{"href":"http:\/\/klubmamgdynia.pl\/index.php\/wp-json\/wp\/v2\/media?parent=10645"}],"wp:term":[{"taxonomy":"product_cat","embeddable":true,"href":"http:\/\/klubmamgdynia.pl\/index.php\/wp-json\/wp\/v2\/product_cat?post=10645"},{"taxonomy":"product_tag","embeddable":true,"href":"http:\/\/klubmamgdynia.pl\/index.php\/wp-json\/wp\/v2\/product_tag?post=10645"}],"curies":[{"name":"wp","href":"https:\/\/api.w.org\/{rel}","templated":true}]}}