{"id":10649,"date":"2022-05-30T08:11:50","date_gmt":"2022-05-30T06:11:50","guid":{"rendered":"http:\/\/klubmamgdynia.pl\/index.php\/produkt\/norimpex-auto-malucha-wywrotka-26cm-501620\/"},"modified":"2026-04-06T03:28:33","modified_gmt":"2026-04-06T01:28:33","slug":"norimpex-auto-malucha-wywrotka-26cm-501620","status":"publish","type":"product","link":"http:\/\/klubmamgdynia.pl\/index.php\/produkt\/norimpex-auto-malucha-wywrotka-26cm-501620\/","title":{"rendered":"Norimpex Auto Malucha Wywrotka 26Cm (501620)"},"content":{"rendered":"<p>Wywrotka wykonana z wysokiej jako\u015bci tworzywa sztucznego o bardzo solidnej konstrukcji, co korzystnie wp\u0142ywa na jej trwa\u0142o\u015b\u0107 i atrakcyjny wygl\u0105d. Pojazd w pe\u0142ni funkcjonalny mechanicznie. Posiada chowan\u0105 kabin\u0119. Maszyna \u015bwietnie nadaje si\u0119 nie tylko do u\u017cytku w pomieszczeniu, ale r\u00f3wnie\u017c doskonale sprawdzi si\u0119 podczas zabaw na podw\u00f3rku. Jej du\u017ce ko\u0142a bez problemu poradz\u0105 sobie z nier\u00f3wno\u015bciami terenu w piaskownicy, a dzi\u0119ki swoim rozmiarom b\u0119dzie w stanie przewie\u017a\u0107 ogromn\u0105 ilo\u015b\u0107 piaskuZabawki Lena wykonane s\u0105 z wysokiej jako\u015bci plastiku i \u015bwietnie nadaj\u0105 si\u0119 do zabawy w piaskownicy. Dzi\u0119ki ci\u0119\u017car\u00f3wkom i maszynom budowlanym Lena, dziecko b\u0119dzie mog\u0142o na\u015bladowa\u0107 prace prawdziwych maszyn budowlanych. Po wybraniu kruszywa, \u0142adowark\u0105 z du\u017c\u0105 \u0142y\u017ck\u0105, mo\u017cna za\u0142adowa\u0107 ni\u0105 wywrotk\u0119 i wywie\u015b\u0107 w zupe\u0142nie inne misce. W asortymencie producenta opr\u00f3cz ci\u0119\u017car\u00f3wek, wywrotek, koparek, traktor\u00f3w, \u0142adowarek i przyczep, mo\u017cna znale\u017a\u0107 r\u00f3wnie\u017c pojazdy miejskie takie jak \u015bmieciarka czy w\u00f3z stra\u017cy po\u017carnej. Du\u017ce, plastikowe ko\u0142a swobodnie si\u0119 kr\u0119c\u0119, dzi\u0119ki czemu zabawki bez problemu poruszaj\u0105 si\u0119 po trudnym terenie. Zbierz ca\u0142\u0105 kolekcj\u0119 i stw\u00f3rz prawdziwy plac budowy!<\/p>\n<h2>Norimpex Auto Malucha Wywrotka 26Cm (501620) Lena<\/h2>\n<p>koty kolorowanki do druku, prezent dla 15 latka, zagadki dla dzieci 4-5 lat online, plac zamkowy, testy na znaki drogowe, trudne zagadki logiczne, kwiaty polne nazwy i zdj\u0119cia<\/p>\n<p>yyyyy<\/p>\n<p>&nbsp;<\/p>\n","protected":false},"excerpt":{"rendered":"<p>Wywrotka wykonana z wysokiej jako\u015bci tworzywa sztucznego o bardzo solidnej konstrukcji, co korzystnie wp\u0142ywa na jej trwa\u0142o\u015b\u0107 i atrakcyjny wygl\u0105d. Pojazd w pe\u0142ni funkcjonalny mechanicznie. Posiada chowan\u0105 kabin\u0119. Maszyna \u015bwietnie nadaje si\u0119 nie tylko do u\u017cytku w pomieszczeniu, ale r\u00f3wnie\u017c doskonale sprawdzi si\u0119 podczas zabaw na podw\u00f3rku. Jej du\u017ce ko\u0142a bez problemu poradz\u0105 sobie z [&hellip;]<\/p>\n","protected":false},"featured_media":10650,"comment_status":"closed","ping_status":"open","template":"","meta":[],"product_cat":[83,531],"product_tag":[838,599,876,620,791],"class_list":["post-10649","product","type-product","status-publish","has-post-thumbnail","hentry","product_cat-auta-i-inne-pojazdy-do-zabawy","product_cat-lena","product_tag-bajki-dla-dzieci-na-dobranoc","product_tag-prezent-dla-nastolatkow-2021","product_tag-przyjazn","product_tag-quiz-opowiesci-z-narnii","product_tag-zagadki-na-myslenie"],"_links":{"self":[{"href":"http:\/\/klubmamgdynia.pl\/index.php\/wp-json\/wp\/v2\/product\/10649","targetHints":{"allow":["GET"]}}],"collection":[{"href":"http:\/\/klubmamgdynia.pl\/index.php\/wp-json\/wp\/v2\/product"}],"about":[{"href":"http:\/\/klubmamgdynia.pl\/index.php\/wp-json\/wp\/v2\/types\/product"}],"replies":[{"embeddable":true,"href":"http:\/\/klubmamgdynia.pl\/index.php\/wp-json\/wp\/v2\/comments?post=10649"}],"wp:featuredmedia":[{"embeddable":true,"href":"http:\/\/klubmamgdynia.pl\/index.php\/wp-json\/wp\/v2\/media\/10650"}],"wp:attachment":[{"href":"http:\/\/klubmamgdynia.pl\/index.php\/wp-json\/wp\/v2\/media?parent=10649"}],"wp:term":[{"taxonomy":"product_cat","embeddable":true,"href":"http:\/\/klubmamgdynia.pl\/index.php\/wp-json\/wp\/v2\/product_cat?post=10649"},{"taxonomy":"product_tag","embeddable":true,"href":"http:\/\/klubmamgdynia.pl\/index.php\/wp-json\/wp\/v2\/product_tag?post=10649"}],"curies":[{"name":"wp","href":"https:\/\/api.w.org\/{rel}","templated":true}]}}