{"id":10653,"date":"2025-05-02T14:08:54","date_gmt":"2025-05-02T12:08:54","guid":{"rendered":"http:\/\/klubmamgdynia.pl\/?post_type=product&#038;p=10653"},"modified":"2026-04-06T02:47:11","modified_gmt":"2026-04-06T00:47:11","slug":"depesche-top-model-zestaw-zakreslaczy-4-kolory","status":"publish","type":"product","link":"http:\/\/klubmamgdynia.pl\/index.php\/produkt\/depesche-top-model-zestaw-zakreslaczy-4-kolory\/","title":{"rendered":"Depesche Top Model Zestaw Zakre\u015blaczy 4 Kolory"},"content":{"rendered":"<p>Zestaw zakre\u015blaczy Top Modelcztery zakre\u015blacze w neonowych kolorach\u015bmieszne bu\u017aki na skuwkach.<\/p>\n<h2>Depesche Top Model Zestaw Zakre\u015blaczy 4 Kolory Depesche<\/h2>\n<p>iwo imie, hobbit, jak narysowa\u0107 pikachu, mira imie, quiz o koniach, maska iron man, prezent dla 16 latki, desery dla dzieci, co \u0142apie ale nie rzuca, proste zagadki logiczne, pytania o \u015bwi\u0119ta dla dzieci, impreza halloween 2021 dla dzieci, spongebob kolorowanka, kolorowanki na dzie\u0144 babci, place zabaw warszawa, zagadki logiczne na inteligencj\u0119, jedzie poci\u0105g z daleka tekst, bajki z misiami, p\u0142atki \u015bniegu szablon<\/p>\n<p>yyyyy<\/p>\n<p>&nbsp;<\/p>\n","protected":false},"excerpt":{"rendered":"<p>Zestaw zakre\u015blaczy Top Modelcztery zakre\u015blacze w neonowych kolorach\u015bmieszne bu\u017aki na skuwkach. Depesche Top Model Zestaw Zakre\u015blaczy 4 Kolory Depesche iwo imie, hobbit, jak narysowa\u0107 pikachu, mira imie, quiz o koniach, maska iron man, prezent dla 16 latki, desery dla dzieci, co \u0142apie ale nie rzuca, proste zagadki logiczne, pytania o \u015bwi\u0119ta dla dzieci, impreza halloween [&hellip;]<\/p>\n","protected":false},"featured_media":10654,"comment_status":"closed","ping_status":"open","template":"","meta":[],"product_cat":[1826,297],"product_tag":[668,638,613,607],"class_list":["post-10653","product","type-product","status-publish","has-post-thumbnail","hentry","product_cat-depesche","product_cat-szkolne-artykuly-plastyczne","product_tag-atrakcje-dla-dzieci-wroclaw","product_tag-miastodzieci","product_tag-na-wyspach-bergamutach","product_tag-zarty-na-prima-aprilis-dla-rodzicow"],"_links":{"self":[{"href":"http:\/\/klubmamgdynia.pl\/index.php\/wp-json\/wp\/v2\/product\/10653","targetHints":{"allow":["GET"]}}],"collection":[{"href":"http:\/\/klubmamgdynia.pl\/index.php\/wp-json\/wp\/v2\/product"}],"about":[{"href":"http:\/\/klubmamgdynia.pl\/index.php\/wp-json\/wp\/v2\/types\/product"}],"replies":[{"embeddable":true,"href":"http:\/\/klubmamgdynia.pl\/index.php\/wp-json\/wp\/v2\/comments?post=10653"}],"wp:featuredmedia":[{"embeddable":true,"href":"http:\/\/klubmamgdynia.pl\/index.php\/wp-json\/wp\/v2\/media\/10654"}],"wp:attachment":[{"href":"http:\/\/klubmamgdynia.pl\/index.php\/wp-json\/wp\/v2\/media?parent=10653"}],"wp:term":[{"taxonomy":"product_cat","embeddable":true,"href":"http:\/\/klubmamgdynia.pl\/index.php\/wp-json\/wp\/v2\/product_cat?post=10653"},{"taxonomy":"product_tag","embeddable":true,"href":"http:\/\/klubmamgdynia.pl\/index.php\/wp-json\/wp\/v2\/product_tag?post=10653"}],"curies":[{"name":"wp","href":"https:\/\/api.w.org\/{rel}","templated":true}]}}