{"id":1066,"date":"2021-05-27T20:02:48","date_gmt":"2021-05-27T18:02:48","guid":{"rendered":"http:\/\/klubmamgdynia.pl\/index.php\/produkt\/tm-toys-cupcake-surprise-edycja-slubna-laleczka-babeczka-martha-1105-g\/"},"modified":"2026-05-17T22:39:33","modified_gmt":"2026-05-17T20:39:33","slug":"tm-toys-cupcake-surprise-edycja-slubna-laleczka-babeczka-martha-1105-g","status":"publish","type":"product","link":"http:\/\/klubmamgdynia.pl\/index.php\/produkt\/tm-toys-cupcake-surprise-edycja-slubna-laleczka-babeczka-martha-1105-g\/","title":{"rendered":"Tm Toys Cupcake Surprise Edycja \u015alubna Laleczka Babeczka Martha 1105 G"},"content":{"rendered":"<p>PACHN\u0104CA BABECZKA Z NIESPODZIANK\u0104 Zapraszamy do zapoznania si\u0119 z od\u015bwie\u017conymi wzorami babeczek Cupcake tym razem w \u015blubnej ods\u0142onie! W serii wedding edition jest 12 s\u0142odkich babeczek w nowych wzorach sukienek \u015blubnych wraz z bukiecikiem kwiat\u00f3w i welonem!Kolekcjonuj babeczki i zamieniaj je w pi\u0119kne panny m\u0142ode. Przekonaj si\u0119, jak \u0142atwo zmienisz kolorow\u0105 babeczk\u0119 w pi\u0119kn\u0105 laleczk\u0119\u2026 i laleczk\u0119 w babeczk\u0119! W zestawie do\u0142\u0105czona szczoteczka do w\u0142os\u00f3w.W asortymencie 12 niepowtarzalnych laleczek, o sze\u015bciu s\u0142odkich zapachach. Zbierz je wszystkie!Wysoko\u015b\u0107 laleczki: ok.15 cm.Wymiary opakowania: 9,8 x 9,8 x 9,8 cm.<\/p>\n<h2>Tm Toys Cupcake Surprise Edycja \u015alubna Laleczka Babeczka Martha 1105 G TM Toys<\/h2>\n<p>kolorowanka lody, kolorowanki andrzejkowe, quizy o miko\u0142ajku, wzory dyplom\u00f3w do pobrania<\/p>\n<p>yyyyy<\/p>\n<p>&nbsp;<\/p>\n","protected":false},"excerpt":{"rendered":"<p>PACHN\u0104CA BABECZKA Z NIESPODZIANK\u0104 Zapraszamy do zapoznania si\u0119 z od\u015bwie\u017conymi wzorami babeczek Cupcake tym razem w \u015blubnej ods\u0142onie! W serii wedding edition jest 12 s\u0142odkich babeczek w nowych wzorach sukienek \u015blubnych wraz z bukiecikiem kwiat\u00f3w i welonem!Kolekcjonuj babeczki i zamieniaj je w pi\u0119kne panny m\u0142ode. Przekonaj si\u0119, jak \u0142atwo zmienisz kolorow\u0105 babeczk\u0119 w pi\u0119kn\u0105 laleczk\u0119\u2026 [&hellip;]<\/p>\n","protected":false},"featured_media":1067,"comment_status":"closed","ping_status":"open","template":"","meta":[],"product_cat":[65,145],"product_tag":[598,792,627,757,701],"class_list":["post-1066","product","type-product","status-publish","has-post-thumbnail","hentry","product_cat-lalki","product_cat-tm-toys","product_tag-co-na-roczek-dla-dziewczynki","product_tag-cytaty-o-mamie","product_tag-quiz-dzieci-z-bullerbyn","product_tag-test-z-lektury-ania-z-zielonego-wzgorza-klasa-6-z-odpowiedziami","product_tag-zgadywanki-dla-dzieci"],"_links":{"self":[{"href":"http:\/\/klubmamgdynia.pl\/index.php\/wp-json\/wp\/v2\/product\/1066","targetHints":{"allow":["GET"]}}],"collection":[{"href":"http:\/\/klubmamgdynia.pl\/index.php\/wp-json\/wp\/v2\/product"}],"about":[{"href":"http:\/\/klubmamgdynia.pl\/index.php\/wp-json\/wp\/v2\/types\/product"}],"replies":[{"embeddable":true,"href":"http:\/\/klubmamgdynia.pl\/index.php\/wp-json\/wp\/v2\/comments?post=1066"}],"wp:featuredmedia":[{"embeddable":true,"href":"http:\/\/klubmamgdynia.pl\/index.php\/wp-json\/wp\/v2\/media\/1067"}],"wp:attachment":[{"href":"http:\/\/klubmamgdynia.pl\/index.php\/wp-json\/wp\/v2\/media?parent=1066"}],"wp:term":[{"taxonomy":"product_cat","embeddable":true,"href":"http:\/\/klubmamgdynia.pl\/index.php\/wp-json\/wp\/v2\/product_cat?post=1066"},{"taxonomy":"product_tag","embeddable":true,"href":"http:\/\/klubmamgdynia.pl\/index.php\/wp-json\/wp\/v2\/product_tag?post=1066"}],"curies":[{"name":"wp","href":"https:\/\/api.w.org\/{rel}","templated":true}]}}