{"id":10663,"date":"2010-12-17T05:58:17","date_gmt":"2010-12-17T04:58:17","guid":{"rendered":"http:\/\/klubmamgdynia.pl\/index.php\/produkt\/empis-znajdz-myszki-zp10209\/"},"modified":"2026-04-06T02:49:05","modified_gmt":"2026-04-06T00:49:05","slug":"empis-znajdz-myszki-zp10209","status":"publish","type":"product","link":"http:\/\/klubmamgdynia.pl\/index.php\/produkt\/empis-znajdz-myszki-zp10209\/","title":{"rendered":"Empis Znajd\u017a Myszki Zp10209"},"content":{"rendered":"<p>Szwajcarski Ser z Myszkami w \u015arodku.Rozci\u0105gliwa, \u017c\u00f3\u0142ta kostka &#8222;szwajcarskiego sera&#8221; zawiera par\u0119 podobnie elastycznych, weso\u0142ych bia\u0142ych myszek. Ser posiada szereg dziur przez kt\u00f3re mog\u0105 przeciska\u0107 si\u0119 myszki.Zapewnia godziny &#8222;dotykowej&#8221; rozrywki, idealny jako antystres!Zabawka sensoryczna Zabawka dla dzieci w wieku powy\u017cej lat 3.Kod paskowy: 5037832222169Rok wydania: 2018Kod wydawcy: 58592Oprawa: PlastikowaFormat: 05.0&#215;05.0cmG\u0142\u0119boko\u015b\u0107 (mm): 50Waga: 0.08Dzia\u0142\/Kategorie: Zabawki \/ Sport i rekreacja \/ Gry i zabawy sportoweJ\u0119zyki: polskiWiek: 3-4 lata, 5-7 lat, 8-11 latP\u0142e\u0107: ch\u0142opiec, dziewczynkaGrupa towarowa: Zabawki<\/p>\n<h2>Empis Znajd\u017a Myszki Zp10209 Empis<\/h2>\n<p>krak\u00f3w atrakcje dla dzieci, bajki dla dzieci czytane, r\u00f3\u017ca imie, wierszyki na lany poniedzia\u0142ek, kolorowanka kotka, oryginalny prezent na roczek dla ch\u0142opca, impreza halloween 2021 dla dzieci, prezent roczek dziewczynka, list do miko\u0142aja wz\u00f3r pdf, test zaczarowana zagroda, nasza zima z\u0142a tekst, olaf znaczenie imienia<\/p>\n<p>yyyyy<\/p>\n<p>&nbsp;<\/p>\n","protected":false},"excerpt":{"rendered":"<p>Szwajcarski Ser z Myszkami w \u015arodku.Rozci\u0105gliwa, \u017c\u00f3\u0142ta kostka &#8222;szwajcarskiego sera&#8221; zawiera par\u0119 podobnie elastycznych, weso\u0142ych bia\u0142ych myszek. Ser posiada szereg dziur przez kt\u00f3re mog\u0105 przeciska\u0107 si\u0119 myszki.Zapewnia godziny &#8222;dotykowej&#8221; rozrywki, idealny jako antystres!Zabawka sensoryczna Zabawka dla dzieci w wieku powy\u017cej lat 3.Kod paskowy: 5037832222169Rok wydania: 2018Kod wydawcy: 58592Oprawa: PlastikowaFormat: 05.0&#215;05.0cmG\u0142\u0119boko\u015b\u0107 (mm): 50Waga: 0.08Dzia\u0142\/Kategorie: Zabawki \/ [&hellip;]<\/p>\n","protected":false},"featured_media":10664,"comment_status":"closed","ping_status":"open","template":"","meta":[],"product_cat":[1919,537],"product_tag":[853,847,638,613,869],"class_list":["post-10663","product","type-product","status-publish","has-post-thumbnail","hentry","product_cat-empis","product_cat-pozostale-zabawki-edukacyjne","product_tag-kolorowanki-do-druku-dla-doroslych","product_tag-kolorowanki-pokemon","product_tag-miastodzieci","product_tag-na-wyspach-bergamutach","product_tag-zagadki-na-logike"],"_links":{"self":[{"href":"http:\/\/klubmamgdynia.pl\/index.php\/wp-json\/wp\/v2\/product\/10663","targetHints":{"allow":["GET"]}}],"collection":[{"href":"http:\/\/klubmamgdynia.pl\/index.php\/wp-json\/wp\/v2\/product"}],"about":[{"href":"http:\/\/klubmamgdynia.pl\/index.php\/wp-json\/wp\/v2\/types\/product"}],"replies":[{"embeddable":true,"href":"http:\/\/klubmamgdynia.pl\/index.php\/wp-json\/wp\/v2\/comments?post=10663"}],"wp:featuredmedia":[{"embeddable":true,"href":"http:\/\/klubmamgdynia.pl\/index.php\/wp-json\/wp\/v2\/media\/10664"}],"wp:attachment":[{"href":"http:\/\/klubmamgdynia.pl\/index.php\/wp-json\/wp\/v2\/media?parent=10663"}],"wp:term":[{"taxonomy":"product_cat","embeddable":true,"href":"http:\/\/klubmamgdynia.pl\/index.php\/wp-json\/wp\/v2\/product_cat?post=10663"},{"taxonomy":"product_tag","embeddable":true,"href":"http:\/\/klubmamgdynia.pl\/index.php\/wp-json\/wp\/v2\/product_tag?post=10663"}],"curies":[{"name":"wp","href":"https:\/\/api.w.org\/{rel}","templated":true}]}}