{"id":10665,"date":"2024-11-20T00:10:49","date_gmt":"2024-11-19T23:10:49","guid":{"rendered":"http:\/\/klubmamgdynia.pl\/?post_type=product&#038;p=10665"},"modified":"2026-04-21T02:40:08","modified_gmt":"2026-04-21T00:40:08","slug":"monster-high-upiorny-zegarek","status":"publish","type":"product","link":"http:\/\/klubmamgdynia.pl\/index.php\/produkt\/monster-high-upiorny-zegarek\/","title":{"rendered":"Monster High Upiorny Zegarek"},"content":{"rendered":"<p>Monster High Upiorny Zegarek [zabawka]<\/p>\n<h2>Monster High Upiorny Zegarek TM Toys<\/h2>\n<p>sybilla, zagadki logiczne dla dzieci, miastodzieci, znaki drogowe test online, jakie s\u0105 dary jesieni, kotek kolorowanka, trudne zagadki dla doros\u0142ych, cytaty z ma\u0142ego ksi\u0119cia, prezent dla 13 latki na \u015bwi\u0119ta, literki do pisania do druku, wierszyki na lany poniedzia\u0142ek, ch\u0142opcy z placu broni &#8211; test, gry planszowe dla nastolatk\u00f3w, minecraft kolorowanki, wr\u00f3\u017cby andrzejkowe dla dzieci online, lodowiska w warszawie<\/p>\n<p>yyyyy<\/p>\n<p>&nbsp;<\/p>\n","protected":false},"excerpt":{"rendered":"<p>Monster High Upiorny Zegarek [zabawka] Monster High Upiorny Zegarek TM Toys sybilla, zagadki logiczne dla dzieci, miastodzieci, znaki drogowe test online, jakie s\u0105 dary jesieni, kotek kolorowanka, trudne zagadki dla doros\u0142ych, cytaty z ma\u0142ego ksi\u0119cia, prezent dla 13 latki na \u015bwi\u0119ta, literki do pisania do druku, wierszyki na lany poniedzia\u0142ek, ch\u0142opcy z placu broni &#8211; [&hellip;]<\/p>\n","protected":false},"featured_media":10666,"comment_status":"closed","ping_status":"open","template":"","meta":[],"product_cat":[555,145],"product_tag":[619,655,866,732,712],"class_list":["post-10665","product","type-product","status-publish","has-post-thumbnail","hentry","product_cat-dzieciece-akcesoria-dekoracyjne","product_cat-tm-toys","product_tag-iwo-imie","product_tag-najlepsze-zagadki","product_tag-opis-do-zdjecia-dziecka-na-fb","product_tag-prezent-dla-rocznego-chlopca","product_tag-zagadki-o-zwierzetach"],"_links":{"self":[{"href":"http:\/\/klubmamgdynia.pl\/index.php\/wp-json\/wp\/v2\/product\/10665","targetHints":{"allow":["GET"]}}],"collection":[{"href":"http:\/\/klubmamgdynia.pl\/index.php\/wp-json\/wp\/v2\/product"}],"about":[{"href":"http:\/\/klubmamgdynia.pl\/index.php\/wp-json\/wp\/v2\/types\/product"}],"replies":[{"embeddable":true,"href":"http:\/\/klubmamgdynia.pl\/index.php\/wp-json\/wp\/v2\/comments?post=10665"}],"wp:featuredmedia":[{"embeddable":true,"href":"http:\/\/klubmamgdynia.pl\/index.php\/wp-json\/wp\/v2\/media\/10666"}],"wp:attachment":[{"href":"http:\/\/klubmamgdynia.pl\/index.php\/wp-json\/wp\/v2\/media?parent=10665"}],"wp:term":[{"taxonomy":"product_cat","embeddable":true,"href":"http:\/\/klubmamgdynia.pl\/index.php\/wp-json\/wp\/v2\/product_cat?post=10665"},{"taxonomy":"product_tag","embeddable":true,"href":"http:\/\/klubmamgdynia.pl\/index.php\/wp-json\/wp\/v2\/product_tag?post=10665"}],"curies":[{"name":"wp","href":"https:\/\/api.w.org\/{rel}","templated":true}]}}