{"id":10667,"date":"2023-07-04T19:28:55","date_gmt":"2023-07-04T17:28:55","guid":{"rendered":"http:\/\/klubmamgdynia.pl\/?post_type=product&#038;p=10667"},"modified":"2026-04-05T20:49:26","modified_gmt":"2026-04-05T18:49:26","slug":"akuku-a0552-majtki-jednorazowe-poporodowe-xl-100","status":"publish","type":"product","link":"http:\/\/klubmamgdynia.pl\/index.php\/produkt\/akuku-a0552-majtki-jednorazowe-poporodowe-xl-100\/","title":{"rendered":"Akuku A0552 Majtki Jednorazowe Poporodowe Xl (100)"},"content":{"rendered":"<p>Sanitarne jednorazowe majtki poporodowe Premium Jednorazowe majtki przeznaczone s\u0105 dla kobiet w okresie po\u0142ogu, a tak\u017ce pacjentek ginekologicznych.Idealne dla pa\u0144, dla kt\u00f3rych wa\u017cny jest komfort i higiena tu\u017c po porodzie.Majtki flizelinowe s\u0105 mi\u0119kkie i zapewniaj\u0105 komfort, dodatkowo przepuszczaj\u0105 powietrze co jest bardzo istotne podczas ich u\u017cytkowania.Doskonale utrzymuj\u0105 r\u00f3\u017cnego rodzaju wk\u0142ady i podpaski.Opakowanie zawiera 5 sztuk.<\/p>\n<h2>Akuku A0552 Majtki Jednorazowe Poporodowe Xl (100) Akuku<\/h2>\n<p>sentencje o rodzinie, miko\u0142ajki dla dzieci warszawa 2021, filmy familijne walta disneya, test magiczne drzewo czerwone krzes\u0142o, miasto dzieci, s\u0142oneczko, quizy flagi, zagadki wielkanocne dla dzieci, jak narysowa\u0107 kr\u00f3lika, prezent dla 13 latki na \u015bwi\u0119ta, quiz znaki drogowe, m\u0105dre cytaty dla dzieci, prezent na pierwsze urodziny, pytania logiczne<\/p>\n<p>yyyyy<\/p>\n<p>&nbsp;<\/p>\n","protected":false},"excerpt":{"rendered":"<p>Sanitarne jednorazowe majtki poporodowe Premium Jednorazowe majtki przeznaczone s\u0105 dla kobiet w okresie po\u0142ogu, a tak\u017ce pacjentek ginekologicznych.Idealne dla pa\u0144, dla kt\u00f3rych wa\u017cny jest komfort i higiena tu\u017c po porodzie.Majtki flizelinowe s\u0105 mi\u0119kkie i zapewniaj\u0105 komfort, dodatkowo przepuszczaj\u0105 powietrze co jest bardzo istotne podczas ich u\u017cytkowania.Doskonale utrzymuj\u0105 r\u00f3\u017cnego rodzaju wk\u0142ady i podpaski.Opakowanie zawiera 5 sztuk. [&hellip;]<\/p>\n","protected":false},"featured_media":10668,"comment_status":"closed","ping_status":"open","template":"","meta":[],"product_cat":[250,1920],"product_tag":[833,763,582,858,830],"class_list":["post-10667","product","type-product","status-publish","has-post-thumbnail","hentry","product_cat-akuku","product_cat-majtki-poporodowe","product_tag-bajki-dla-dzieci-do-czytania","product_tag-fabian","product_tag-nauka-pisania-literek-do-wydruku-pdf","product_tag-podchwytliwe-zagadki","product_tag-rodzina-cytaty"],"_links":{"self":[{"href":"http:\/\/klubmamgdynia.pl\/index.php\/wp-json\/wp\/v2\/product\/10667","targetHints":{"allow":["GET"]}}],"collection":[{"href":"http:\/\/klubmamgdynia.pl\/index.php\/wp-json\/wp\/v2\/product"}],"about":[{"href":"http:\/\/klubmamgdynia.pl\/index.php\/wp-json\/wp\/v2\/types\/product"}],"replies":[{"embeddable":true,"href":"http:\/\/klubmamgdynia.pl\/index.php\/wp-json\/wp\/v2\/comments?post=10667"}],"wp:featuredmedia":[{"embeddable":true,"href":"http:\/\/klubmamgdynia.pl\/index.php\/wp-json\/wp\/v2\/media\/10668"}],"wp:attachment":[{"href":"http:\/\/klubmamgdynia.pl\/index.php\/wp-json\/wp\/v2\/media?parent=10667"}],"wp:term":[{"taxonomy":"product_cat","embeddable":true,"href":"http:\/\/klubmamgdynia.pl\/index.php\/wp-json\/wp\/v2\/product_cat?post=10667"},{"taxonomy":"product_tag","embeddable":true,"href":"http:\/\/klubmamgdynia.pl\/index.php\/wp-json\/wp\/v2\/product_tag?post=10667"}],"curies":[{"name":"wp","href":"https:\/\/api.w.org\/{rel}","templated":true}]}}