{"id":10669,"date":"2016-01-11T18:21:02","date_gmt":"2016-01-11T17:21:02","guid":{"rendered":"http:\/\/klubmamgdynia.pl\/index.php\/produkt\/anek-kluczyki-gryzaki\/"},"modified":"2026-04-06T14:30:59","modified_gmt":"2026-04-06T12:30:59","slug":"anek-kluczyki-gryzaki","status":"publish","type":"product","link":"http:\/\/klubmamgdynia.pl\/index.php\/produkt\/anek-kluczyki-gryzaki\/","title":{"rendered":"Anek Kluczyki Gryzaki"},"content":{"rendered":"<p>Przyjemne, \u017cywe kolory przyci\u0105gn\u0105 uwag\u0119 ka\u017cdego maluszka zach\u0119caj\u0105c do zabawy.Zabawka mo\u017ce pe\u0142ni\u0107 r\u00f3wnie\u017c funkcj\u0119 gryzaczka.To zawieszka przypominaj\u0105ca prawdziwe kluczyki samochodowe.Ma przyciski funkcyjny kt\u00f3ry uruchamia d\u017awi\u0119ki, odg\u0142osy i \u015bmieszne melodyjki.Cechy zabawki:lekkie, \u0142atwe do chwytania\u015bwiate\u0142ko, d\u017awi\u0119ki, zabawne melodier\u00f3\u017cnorodna tekstura kluczyk\u00f3w dostosowana do z\u0142agodzenia z\u0105bkowaniastymuluj\u0105 wzrok i dotyk<\/p>\n<h2>Anek Kluczyki Gryzaki Anek<\/h2>\n<p>koty rysunki, mini kanapki dla dzieci, cytaty o mamie, quiz dzieci z bullerbyn, kot rysunek dla dzieci, gdzie nad wod\u0119 ko\u0142o warszawy<\/p>\n<p>yyyyy<\/p>\n<p>&nbsp;<\/p>\n","protected":false},"excerpt":{"rendered":"<p>Przyjemne, \u017cywe kolory przyci\u0105gn\u0105 uwag\u0119 ka\u017cdego maluszka zach\u0119caj\u0105c do zabawy.Zabawka mo\u017ce pe\u0142ni\u0107 r\u00f3wnie\u017c funkcj\u0119 gryzaczka.To zawieszka przypominaj\u0105ca prawdziwe kluczyki samochodowe.Ma przyciski funkcyjny kt\u00f3ry uruchamia d\u017awi\u0119ki, odg\u0142osy i \u015bmieszne melodyjki.Cechy zabawki:lekkie, \u0142atwe do chwytania\u015bwiate\u0142ko, d\u017awi\u0119ki, zabawne melodier\u00f3\u017cnorodna tekstura kluczyk\u00f3w dostosowana do z\u0142agodzenia z\u0105bkowaniastymuluj\u0105 wzrok i dotyk Anek Kluczyki Gryzaki Anek koty rysunki, mini kanapki dla dzieci, [&hellip;]<\/p>\n","protected":false},"featured_media":10670,"comment_status":"closed","ping_status":"open","template":"","meta":[],"product_cat":[111,63],"product_tag":[702,826,814,635],"class_list":["post-10669","product","type-product","status-publish","has-post-thumbnail","hentry","product_cat-anek","product_cat-grzechotki-i-gryzaki","product_tag-co-kupic-na-roczek-dla-dziewczynki","product_tag-prezent-dla-15-latka","product_tag-prezenty-dla-nastolatek","product_tag-znaki-drogowe-do-druku"],"_links":{"self":[{"href":"http:\/\/klubmamgdynia.pl\/index.php\/wp-json\/wp\/v2\/product\/10669","targetHints":{"allow":["GET"]}}],"collection":[{"href":"http:\/\/klubmamgdynia.pl\/index.php\/wp-json\/wp\/v2\/product"}],"about":[{"href":"http:\/\/klubmamgdynia.pl\/index.php\/wp-json\/wp\/v2\/types\/product"}],"replies":[{"embeddable":true,"href":"http:\/\/klubmamgdynia.pl\/index.php\/wp-json\/wp\/v2\/comments?post=10669"}],"wp:featuredmedia":[{"embeddable":true,"href":"http:\/\/klubmamgdynia.pl\/index.php\/wp-json\/wp\/v2\/media\/10670"}],"wp:attachment":[{"href":"http:\/\/klubmamgdynia.pl\/index.php\/wp-json\/wp\/v2\/media?parent=10669"}],"wp:term":[{"taxonomy":"product_cat","embeddable":true,"href":"http:\/\/klubmamgdynia.pl\/index.php\/wp-json\/wp\/v2\/product_cat?post=10669"},{"taxonomy":"product_tag","embeddable":true,"href":"http:\/\/klubmamgdynia.pl\/index.php\/wp-json\/wp\/v2\/product_tag?post=10669"}],"curies":[{"name":"wp","href":"https:\/\/api.w.org\/{rel}","templated":true}]}}