{"id":10671,"date":"2014-11-05T09:52:00","date_gmt":"2014-11-05T08:52:00","guid":{"rendered":"http:\/\/klubmamgdynia.pl\/index.php\/produkt\/janod-zestaw-kreatywny-malowanie-po-numerach-dinozaury-2-obrazy\/"},"modified":"2026-04-30T10:44:31","modified_gmt":"2026-04-30T08:44:31","slug":"janod-zestaw-kreatywny-malowanie-po-numerach-dinozaury-2-obrazy","status":"publish","type":"product","link":"http:\/\/klubmamgdynia.pl\/index.php\/produkt\/janod-zestaw-kreatywny-malowanie-po-numerach-dinozaury-2-obrazy\/","title":{"rendered":"Janod Zestaw Kreatywny Malowanie Po Numerach Dinozaury 2 Obrazy"},"content":{"rendered":"<p>Janod Zestaw Kreatywny Malowanie Po Numerach Dinozaury 2 Obrazy                            <\/p>\n<p>a                            <\/p>\n<p>Zestaw kreatywny Malowanie po numerach Dinozaury francuskiej marki JANOD zawiera 2 plansze-obrazki z tymi stworzeniami w prehistorycznym lesie. Plansze s\u0105 bia\u0142e (jedna ma wyr\u00f3\u017cnione z\u0142ote elementy), podzielone na ponumerowane przestrzenie o nieregularnych kszta\u0142tach, a ilustracja ujawnia si\u0119 na nich dopiero w trakcie malowania. Zadanie polega na precyzyjnym \u2013 za pomoc\u0105 do\u0142\u0105czonego specjalnego cienkiego p\u0119dzelka ze zbiornikiem wody \u2013 wype\u0142nieniu tr\u00f3jk\u0105t\u00f3w farb\u0105, zgodnie z instrukcj\u0105 numeryczn\u0105. W palecie akwareli znajduje si\u0119 15 kolor\u00f3w i ma\u0142a g\u0105bka do poch\u0142aniania nadmiaru wody. W komplecie jest te\u017c ramka na sko\u0144czony obrazek, kt\u00f3r\u0105 r\u00f3wnie\u017c mo\u017cna pomalowa\u0107 na wybrany kolor. Malowanie po numerach to dla dziecka godziny anga\u017cuj\u0105cej i jednocze\u015bnie uspokajaj\u0105cej, wyciszaj\u0105cej zabawy, a gotowe obrazki stan\u0105 si\u0119 wspania\u0142\u0105 dekoracj\u0105 dzieci\u0119cego pokoju.Zestaw zaprojektowano we Francji we wsp\u00f3\u0142pracy z francusk\u0105 grup\u0105 mediow\u0105 i wydawnicz\u0105 Hachette oraz francusk\u0105 artystk\u0105 St\u00e9phanie Desbenoit. Zapakowany jest w stylowe kartonowe pude\u0142ko. Idealnie nadaje si\u0119 na prezent.                            <\/p>\n<p>a                            <\/p>\n<p>Zestawy artystyczne marki Janod to zbi\u00f3r kreatywnych zada\u0144 do samodzielnego wykonania przez dziecko, kt\u00f3re wspaniale kszta\u0142tuj\u0105 koordynacj\u0119 r\u0119ka-oko, poprawiaj\u0105 sprawno\u015b\u0107 manualn\u0105, pobudzaj\u0105 wyobra\u017ani\u0119 i ucz\u0105 koncentracji. To doskona\u0142y pomys\u0142 na zabaw\u0119 dla dzieci, kt\u00f3re lubi\u0105 tworzy\u0107 \u2013 sk\u0142ada\u0107, klei\u0107, malowa\u0107 czy rysowa\u0107. Mali arty\u015bci b\u0119d\u0105 na pewno bardzo dumni ze swoich dzie\u0142.Zabawka rozwija:umiej\u0119tno\u015b\u0107 budowania i projektowaniawyobra\u017ani\u0119, pomys\u0142owo\u015b\u0107 i kreatywno\u015b\u0107wiek: 7 lat +liczba element\u00f3w: 5materia\u0142: karton, farby i innedesign: Francjawymiary opakowania: 22 x 3 x 26 cmbezpiecze\u0144stwo i jako\u015b\u0107: EN71-1; EN71-2, EN71-3; REACH                            <\/p>\n<p>a                            <\/p>\n<p>a                            <\/p>\n<p>Janod od 1970 roku niezmiennie projektuje zabawki, kt\u00f3re s\u0105 synonimem innowacyjno\u015bci, francuskiego designu i najwy\u017cszej jako\u015bci. Unikalne zabawki Janod tworzone s\u0105 z drewna i innych doskona\u0142ych materia\u0142\u00f3w, a przede wszystkim z dzieci\u0119cych marze\u0144!\u00a0W obecnej ofercie Janod jest ponad 500 produkt\u00f3w, z kt\u00f3rych kluczowe to zabawki drewniane, puzzle, uk\u0142adanki i zabawki magnetyczne. Wszystkie produkty projektowane s\u0105 we Francji przez w\u0142asnych designer\u00f3w. St\u0105d wiele motyw\u00f3w i wzor\u00f3w powtarza si\u0119 w kolekcjach, tworz\u0105c wyj\u0105tkowy, bajkowy \u015bwiat Janod.\u00a0Wszystkie zabawki tworzone s\u0105 z dba\u0142o\u015bci\u0105 o szczeg\u00f3\u0142y, z najwy\u017cszej jako\u015bci materia\u0142\u00f3w, bezpiecznych dla dzieci. Zabawki spe\u0142niaj\u0105 restrykcyjne normy bezpiecze\u0144stwa, takie jak EN71-1, EN71-2, EN71-3 oraz REACH.<\/p>\n<h2>Janod Zestaw Kreatywny Malowanie Po Numerach Dinozaury 2 Obrazy Janod<\/h2>\n<p>kolorowanki dla dzieci do druku, antystresowe mandale do druku, flagi do druku, trudne zagadki na inteligencje, \u0142\u0105czenie kropek, kiekrz, quiz stolice europy, trudne zagadki logiczne, leonardo imie, prezent dla 17 latka, pozytywne cytaty mama cytaty, zak\u0142adka do ksi\u0105\u017cki szablon do druku, tr\u00f3jmiasto atrakcje dla dzieci, flagi europy quiz, maski na twarz dla dzieci do wydruku, bajka o smoku, adriana znaczenie imienia, zagadki o psach, wobies<\/p>\n<p>yyyyy<\/p>\n<p>&nbsp;<\/p>\n","protected":false},"excerpt":{"rendered":"<p>Janod Zestaw Kreatywny Malowanie Po Numerach Dinozaury 2 Obrazy a Zestaw kreatywny Malowanie po numerach Dinozaury francuskiej marki JANOD zawiera 2 plansze-obrazki z tymi stworzeniami w prehistorycznym lesie. Plansze s\u0105 bia\u0142e (jedna ma wyr\u00f3\u017cnione z\u0142ote elementy), podzielone na ponumerowane przestrzenie o nieregularnych kszta\u0142tach, a ilustracja ujawnia si\u0119 na nich dopiero w trakcie malowania. Zadanie polega [&hellip;]<\/p>\n","protected":false},"featured_media":10672,"comment_status":"closed","ping_status":"open","template":"","meta":[],"product_cat":[557,21],"product_tag":[611,619,583,868],"class_list":["post-10671","product","type-product","status-publish","has-post-thumbnail","hentry","product_cat-janod","product_cat-zabawki-plastyczne","product_tag-bajki-do-czytania-psi-patrol","product_tag-iwo-imie","product_tag-kolysanki-dla-dzieci-tekst","product_tag-quizy-dla-dzieci"],"_links":{"self":[{"href":"http:\/\/klubmamgdynia.pl\/index.php\/wp-json\/wp\/v2\/product\/10671","targetHints":{"allow":["GET"]}}],"collection":[{"href":"http:\/\/klubmamgdynia.pl\/index.php\/wp-json\/wp\/v2\/product"}],"about":[{"href":"http:\/\/klubmamgdynia.pl\/index.php\/wp-json\/wp\/v2\/types\/product"}],"replies":[{"embeddable":true,"href":"http:\/\/klubmamgdynia.pl\/index.php\/wp-json\/wp\/v2\/comments?post=10671"}],"wp:featuredmedia":[{"embeddable":true,"href":"http:\/\/klubmamgdynia.pl\/index.php\/wp-json\/wp\/v2\/media\/10672"}],"wp:attachment":[{"href":"http:\/\/klubmamgdynia.pl\/index.php\/wp-json\/wp\/v2\/media?parent=10671"}],"wp:term":[{"taxonomy":"product_cat","embeddable":true,"href":"http:\/\/klubmamgdynia.pl\/index.php\/wp-json\/wp\/v2\/product_cat?post=10671"},{"taxonomy":"product_tag","embeddable":true,"href":"http:\/\/klubmamgdynia.pl\/index.php\/wp-json\/wp\/v2\/product_tag?post=10671"}],"curies":[{"name":"wp","href":"https:\/\/api.w.org\/{rel}","templated":true}]}}