{"id":10673,"date":"2012-11-08T13:06:35","date_gmt":"2012-11-08T12:06:35","guid":{"rendered":"http:\/\/klubmamgdynia.pl\/index.php\/produkt\/mz-znikopis-kolorowy\/"},"modified":"2026-04-05T20:01:08","modified_gmt":"2026-04-05T18:01:08","slug":"mz-znikopis-kolorowy","status":"publish","type":"product","link":"http:\/\/klubmamgdynia.pl\/index.php\/produkt\/mz-znikopis-kolorowy\/","title":{"rendered":"M&amp;Z Znikopis Kolorowy"},"content":{"rendered":"<p>SUPER CENA &#8211; TANIA DOSTAWA ! &#8211; mz-import Znikopis kolorowy 0124B-1 03903 &#8211; PACZKOMAT, POCZTA, KURIER<\/p>\n<h2>M&amp;Z Znikopis Kolorowy M&amp;Z<\/h2>\n<p>karnawa\u0142 maska karnawa\u0142owa szablon, pomys\u0142 na roczek, quiz o dinozaurach, dzie\u0144 misia 2021, co na roczek dla ch\u0142opca, zagadki dla dzieci 7 lat, list do gwiazdora, lol do druku, quiz o polsce dla dzieci, zaj\u0119cia dla nastolatk\u00f3w, julian znaczenie imienia, \u0142amig\u0142\u00f3wki matematyczne, przys\u0142owia o rodzinie, zagadki dla dziewczyny, bajki dla dzieci na dobranoc do czytania, dyplom dla przedszkolaka do wydruku, pch\u0142y na noc, traktor z przyczep\u0105 kolorowanka, asiunia pytania do lektury, imie kuba<\/p>\n<p>yyyyy<\/p>\n<p>&nbsp;<\/p>\n","protected":false},"excerpt":{"rendered":"<p>SUPER CENA &#8211; TANIA DOSTAWA ! &#8211; mz-import Znikopis kolorowy 0124B-1 03903 &#8211; PACZKOMAT, POCZTA, KURIER M&amp;Z Znikopis Kolorowy M&amp;Z karnawa\u0142 maska karnawa\u0142owa szablon, pomys\u0142 na roczek, quiz o dinozaurach, dzie\u0144 misia 2021, co na roczek dla ch\u0142opca, zagadki dla dzieci 7 lat, list do gwiazdora, lol do druku, quiz o polsce dla dzieci, zaj\u0119cia [&hellip;]<\/p>\n","protected":false},"featured_media":10674,"comment_status":"closed","ping_status":"open","template":"","meta":[],"product_cat":[1177,21],"product_tag":[716,681,670,689,594],"class_list":["post-10673","product","type-product","status-publish","has-post-thumbnail","hentry","product_cat-mz","product_cat-zabawki-plastyczne","product_tag-filmy-animowane-o-swietach","product_tag-flagi-europy-quiz","product_tag-irma","product_tag-linda","product_tag-podchwytliwe-zagadki-dla-dzieci"],"_links":{"self":[{"href":"http:\/\/klubmamgdynia.pl\/index.php\/wp-json\/wp\/v2\/product\/10673","targetHints":{"allow":["GET"]}}],"collection":[{"href":"http:\/\/klubmamgdynia.pl\/index.php\/wp-json\/wp\/v2\/product"}],"about":[{"href":"http:\/\/klubmamgdynia.pl\/index.php\/wp-json\/wp\/v2\/types\/product"}],"replies":[{"embeddable":true,"href":"http:\/\/klubmamgdynia.pl\/index.php\/wp-json\/wp\/v2\/comments?post=10673"}],"wp:featuredmedia":[{"embeddable":true,"href":"http:\/\/klubmamgdynia.pl\/index.php\/wp-json\/wp\/v2\/media\/10674"}],"wp:attachment":[{"href":"http:\/\/klubmamgdynia.pl\/index.php\/wp-json\/wp\/v2\/media?parent=10673"}],"wp:term":[{"taxonomy":"product_cat","embeddable":true,"href":"http:\/\/klubmamgdynia.pl\/index.php\/wp-json\/wp\/v2\/product_cat?post=10673"},{"taxonomy":"product_tag","embeddable":true,"href":"http:\/\/klubmamgdynia.pl\/index.php\/wp-json\/wp\/v2\/product_tag?post=10673"}],"curies":[{"name":"wp","href":"https:\/\/api.w.org\/{rel}","templated":true}]}}