{"id":10675,"date":"2014-10-09T07:15:20","date_gmt":"2014-10-09T05:15:20","guid":{"rendered":"http:\/\/klubmamgdynia.pl\/index.php\/produkt\/tomy-znikopis-megasketcher-classique-e6555\/"},"modified":"2026-04-03T22:47:25","modified_gmt":"2026-04-03T20:47:25","slug":"tomy-znikopis-megasketcher-classique-e6555","status":"publish","type":"product","link":"http:\/\/klubmamgdynia.pl\/index.php\/produkt\/tomy-znikopis-megasketcher-classique-e6555\/","title":{"rendered":"Tomy Znikopis Megasketcher Classique E6555"},"content":{"rendered":"<p>TOMY &#8211; ZNIKOPIS &#8211; Megasketcher Classique &#8211; E6555 Ju\u017c pora rozpocz\u0105\u0107 niesamowit\u0105 zabaw\u0119! Tym razem przedstawiamy zestaw idealny dla wszystkich mi\u0142o\u015bnik\u00f3w rysowania, malowania! Oto Znikopis! W\u0142a\u015bnie tak! Twoja zabawa nie b\u0119dzie mia\u0142a ko\u0144ca! W komplecie znajdziesz fantastyczn\u0105 tablic\u0119 oraz specjalny pisak, kt\u00f3rym mo\u017cesz pisa\u0107, a nast\u0119pnie zmazywa\u0107 swoje dzie\u0142a! Znikopis to niesamowita zabawa, kt\u00f3ra wzbogaca zdolno\u015bci manualne i precyzj\u0119 dziecka. Ju\u017c teraz mo\u017cesz pobudzi\u0107 swoj\u0105 wyobra\u017ani\u0119 i bawi\u0107 si\u0119 do woli! Z pewno\u015bci\u0105 najwi\u0119ksz\u0105 zalet\u0105 zabawki s\u0105 stempelki, kt\u00f3re odbij\u0105 na tablicy r\u00f3\u017cne wzory! Nie czekaj ani chwili d\u0142u\u017cej! Do dzie\u0142a! Zestaw zawiera: &#8211; znikopis &#8211; 1 szt. Wiek dziecka: 3+Producent: TomySeria: Sonic BoomNr katalogowy: E6555Wymiary opakowania: wys. 35 cm x szer. 45,5 cm x g\u0142. 5,5 cm<\/p>\n<h2>Tomy Znikopis Megasketcher Classique E6555 Tomy<\/h2>\n<p>historia pluszowego misia dla dzieci, kolorowanki antystresowe do druku, czapka g\u00f3rnika kolorowanka, test z dzieci z bullerbyn, kira imi\u0119, bianka, cytat matka, jak rozmawia\u0107 z dzie\u0107mi o wojnie, opisy do zdj\u0119\u0107 dziecka, test z dzieci z bullerbyn, kalina imi\u0119, zabawka na roczek dla ch\u0142opca, prezent dla nastolatk\u00f3w 2021, wiktor, marianna imi\u0119, zagadki dla 4 latka, uk\u0142ad s\u0142oneczny dla dzieci<\/p>\n<p>yyyyy<\/p>\n<p>&nbsp;<\/p>\n","protected":false},"excerpt":{"rendered":"<p>TOMY &#8211; ZNIKOPIS &#8211; Megasketcher Classique &#8211; E6555 Ju\u017c pora rozpocz\u0105\u0107 niesamowit\u0105 zabaw\u0119! Tym razem przedstawiamy zestaw idealny dla wszystkich mi\u0142o\u015bnik\u00f3w rysowania, malowania! Oto Znikopis! W\u0142a\u015bnie tak! Twoja zabawa nie b\u0119dzie mia\u0142a ko\u0144ca! W komplecie znajdziesz fantastyczn\u0105 tablic\u0119 oraz specjalny pisak, kt\u00f3rym mo\u017cesz pisa\u0107, a nast\u0119pnie zmazywa\u0107 swoje dzie\u0142a! Znikopis to niesamowita zabawa, kt\u00f3ra wzbogaca [&hellip;]<\/p>\n","protected":false},"featured_media":10676,"comment_status":"closed","ping_status":"open","template":"","meta":[],"product_cat":[1327,21],"product_tag":[758,689,868,762],"class_list":["post-10675","product","type-product","status-publish","has-post-thumbnail","hentry","product_cat-tomy","product_cat-zabawki-plastyczne","product_tag-julian","product_tag-linda","product_tag-quizy-dla-dzieci","product_tag-trudne-zagadki-dla-dzieci"],"_links":{"self":[{"href":"http:\/\/klubmamgdynia.pl\/index.php\/wp-json\/wp\/v2\/product\/10675","targetHints":{"allow":["GET"]}}],"collection":[{"href":"http:\/\/klubmamgdynia.pl\/index.php\/wp-json\/wp\/v2\/product"}],"about":[{"href":"http:\/\/klubmamgdynia.pl\/index.php\/wp-json\/wp\/v2\/types\/product"}],"replies":[{"embeddable":true,"href":"http:\/\/klubmamgdynia.pl\/index.php\/wp-json\/wp\/v2\/comments?post=10675"}],"wp:featuredmedia":[{"embeddable":true,"href":"http:\/\/klubmamgdynia.pl\/index.php\/wp-json\/wp\/v2\/media\/10676"}],"wp:attachment":[{"href":"http:\/\/klubmamgdynia.pl\/index.php\/wp-json\/wp\/v2\/media?parent=10675"}],"wp:term":[{"taxonomy":"product_cat","embeddable":true,"href":"http:\/\/klubmamgdynia.pl\/index.php\/wp-json\/wp\/v2\/product_cat?post=10675"},{"taxonomy":"product_tag","embeddable":true,"href":"http:\/\/klubmamgdynia.pl\/index.php\/wp-json\/wp\/v2\/product_tag?post=10675"}],"curies":[{"name":"wp","href":"https:\/\/api.w.org\/{rel}","templated":true}]}}