{"id":10677,"date":"2019-11-13T10:09:40","date_gmt":"2019-11-13T09:09:40","guid":{"rendered":"http:\/\/klubmamgdynia.pl\/index.php\/produkt\/jokomisiada-tablica-kolorowy-znikopis-pieczatki-ta0089\/"},"modified":"2026-04-29T03:37:44","modified_gmt":"2026-04-29T01:37:44","slug":"jokomisiada-tablica-kolorowy-znikopis-pieczatki-ta0089","status":"publish","type":"product","link":"http:\/\/klubmamgdynia.pl\/index.php\/produkt\/jokomisiada-tablica-kolorowy-znikopis-pieczatki-ta0089\/","title":{"rendered":"Jokomisiada Tablica Kolorowy Znikopis Piecz\u0105tki Ta0089"},"content":{"rendered":"<p>Tablica znikopis to propozycja dla ka\u017cdego dziecka lubi\u0105cego rysowa\u0107, malowa\u0107, pisa\u0107. Czterokolorowa p\u0142aszczyzna, pozwoli na tworzenie wielobarwnych rysunk\u00f3w. Tablica posiada du\u017cy rozmiar, dzi\u0119ki czemu dziecko b\u0119dzie mia\u0142o pole do popisu.T\u0142o tablicy jest wielokolorowe podczas rysowania zmienia si\u0119 w zale\u017cno\u015bci od miejsca pisania lub malowania. Piecz\u0105tki s\u0142u\u017c\u0105 tak\u017ce do malowania. Je\u015bli rysunek znudzi si\u0119 dziecku lub nie spodoba mo\u017cna go po prostu zmaza\u0107 przy pomocy przesuwalnego mazaka. Zabawa znikopisem b\u0119dzie \u015bwietnym rozwi\u0105zaniem na nudne wieczory. Na tablicy mo\u017cna malowa\u0107, pisa\u0107 rysikiem lub nabija\u0107 wzorki piecz\u0105tkami. Piecz\u0105tki w kszta\u0142cie figur geometrycznych pozwol\u0105 na uatrakcyjnianie rysunk\u00f3w. Kreatywno\u015b\u0107 i pomys\u0142owo\u015b\u0107 pozwoli na stworzenie przer\u00f3\u017cnych kszta\u0142t\u00f3w i postaci.Zestaw zawiera:- tablica- 4 stemple- rysikWymiar tablicy 47 x 34 x 4 cmWymiar t\u0142a do malowania 26 x 19 cmTablica zapakowana w bardzo efektowne pude\u0142ko idealnie nadaj\u0105ca si\u0119 na prezent.<\/p>\n<h2>Jokomisiada Tablica Kolorowy Znikopis Piecz\u0105tki Ta0089 Jokomisiada<\/h2>\n<p>zagadki o zwierz\u0119tach, pomysl na prezent na roczek, super zings kolorowanki, liwia, test z lektury pies kt\u00f3ry je\u017adzi\u0142 kolej\u0105, co oznacza jordan, zagadki dla dzieci 10-12 lat, audiobooki dla dzieci za darmo, nauka pisania literek do wydruku pdf, halloween dla dzieci 2021, szablon zaproszenia na urodziny do wydruku czarno bia\u0142e, quizy dla dzieci 10 lat, zagadki co to jest, oskar imie, prezenty na roczek dla dziewczynki, platformy edukacyjne<\/p>\n<p>yyyyy<\/p>\n<p>&nbsp;<\/p>\n","protected":false},"excerpt":{"rendered":"<p>Tablica znikopis to propozycja dla ka\u017cdego dziecka lubi\u0105cego rysowa\u0107, malowa\u0107, pisa\u0107. Czterokolorowa p\u0142aszczyzna, pozwoli na tworzenie wielobarwnych rysunk\u00f3w. Tablica posiada du\u017cy rozmiar, dzi\u0119ki czemu dziecko b\u0119dzie mia\u0142o pole do popisu.T\u0142o tablicy jest wielokolorowe podczas rysowania zmienia si\u0119 w zale\u017cno\u015bci od miejsca pisania lub malowania. Piecz\u0105tki s\u0142u\u017c\u0105 tak\u017ce do malowania. Je\u015bli rysunek znudzi si\u0119 dziecku lub [&hellip;]<\/p>\n","protected":false},"featured_media":10678,"comment_status":"closed","ping_status":"open","template":"","meta":[],"product_cat":[131,21],"product_tag":[784,667,842,846,604,701],"class_list":["post-10677","product","type-product","status-publish","has-post-thumbnail","hentry","product_cat-jokomisiada","product_cat-zabawki-plastyczne","product_tag-hymn-gorniczy","product_tag-kolorowanka-lol","product_tag-plac-zabaw-poznan","product_tag-rysowanki","product_tag-zagadki-trudne","product_tag-zgadywanki-dla-dzieci"],"_links":{"self":[{"href":"http:\/\/klubmamgdynia.pl\/index.php\/wp-json\/wp\/v2\/product\/10677","targetHints":{"allow":["GET"]}}],"collection":[{"href":"http:\/\/klubmamgdynia.pl\/index.php\/wp-json\/wp\/v2\/product"}],"about":[{"href":"http:\/\/klubmamgdynia.pl\/index.php\/wp-json\/wp\/v2\/types\/product"}],"replies":[{"embeddable":true,"href":"http:\/\/klubmamgdynia.pl\/index.php\/wp-json\/wp\/v2\/comments?post=10677"}],"wp:featuredmedia":[{"embeddable":true,"href":"http:\/\/klubmamgdynia.pl\/index.php\/wp-json\/wp\/v2\/media\/10678"}],"wp:attachment":[{"href":"http:\/\/klubmamgdynia.pl\/index.php\/wp-json\/wp\/v2\/media?parent=10677"}],"wp:term":[{"taxonomy":"product_cat","embeddable":true,"href":"http:\/\/klubmamgdynia.pl\/index.php\/wp-json\/wp\/v2\/product_cat?post=10677"},{"taxonomy":"product_tag","embeddable":true,"href":"http:\/\/klubmamgdynia.pl\/index.php\/wp-json\/wp\/v2\/product_tag?post=10677"}],"curies":[{"name":"wp","href":"https:\/\/api.w.org\/{rel}","templated":true}]}}