{"id":1068,"date":"2023-11-30T11:05:50","date_gmt":"2023-11-30T10:05:50","guid":{"rendered":"http:\/\/klubmamgdynia.pl\/?post_type=product&#038;p=1068"},"modified":"2026-04-03T22:25:52","modified_gmt":"2026-04-03T20:25:52","slug":"tactic-lumo-stars-dzik-sika-classic","status":"publish","type":"product","link":"http:\/\/klubmamgdynia.pl\/index.php\/produkt\/tactic-lumo-stars-dzik-sika-classic\/","title":{"rendered":"Tactic Lumo Stars Dzik Sika Classic"},"content":{"rendered":"<p>Autor:ISBN: 3+EAN: 6416739553627Wydawnictwo: TacticWydanie: ,12x15x8,5 cmStrony:PluszakLumo Stars &#8211; Dzika Sika.Wielko\u015b\u0107: 15 cm<\/p>\n<h2>Tactic Lumo Stars Dzik Sika Classic Tactic<\/h2>\n<p>prezent dla nastolatk\u00f3w ch\u0142opc\u00f3w, \u017carty na prima aprilis w domu, zagadki trudne, bajki dla dzieci online, atrakcje wroc\u0142aw i okolice, straszne filmy dla dzieci, bardzo trudne zagadki, traktor do druku, kolorowanki na andrzejki do wydruku, quiz o bo\u017cym narodzeniu<\/p>\n<p>yyyyy<\/p>\n<p>&nbsp;<\/p>\n","protected":false},"excerpt":{"rendered":"<p>Autor:ISBN: 3+EAN: 6416739553627Wydawnictwo: TacticWydanie: ,12x15x8,5 cmStrony:PluszakLumo Stars &#8211; Dzika Sika.Wielko\u015b\u0107: 15 cm Tactic Lumo Stars Dzik Sika Classic Tactic prezent dla nastolatk\u00f3w ch\u0142opc\u00f3w, \u017carty na prima aprilis w domu, zagadki trudne, bajki dla dzieci online, atrakcje wroc\u0142aw i okolice, straszne filmy dla dzieci, bardzo trudne zagadki, traktor do druku, kolorowanki na andrzejki do wydruku, quiz [&hellip;]<\/p>\n","protected":false},"featured_media":1069,"comment_status":"closed","ping_status":"open","template":"","meta":[],"product_cat":[42,243],"product_tag":[662,745,675,592,597],"class_list":["post-1068","product","type-product","status-publish","has-post-thumbnail","hentry","product_cat-maskotki","product_cat-tactic","product_tag-bajki-na-dobranoc","product_tag-prezent-dla-15-latki","product_tag-test-z-lektury-kajko-i-kokosz-szkola-latania","product_tag-zagadki-dla-dzieci","product_tag-zagadki-o-zimie"],"_links":{"self":[{"href":"http:\/\/klubmamgdynia.pl\/index.php\/wp-json\/wp\/v2\/product\/1068","targetHints":{"allow":["GET"]}}],"collection":[{"href":"http:\/\/klubmamgdynia.pl\/index.php\/wp-json\/wp\/v2\/product"}],"about":[{"href":"http:\/\/klubmamgdynia.pl\/index.php\/wp-json\/wp\/v2\/types\/product"}],"replies":[{"embeddable":true,"href":"http:\/\/klubmamgdynia.pl\/index.php\/wp-json\/wp\/v2\/comments?post=1068"}],"wp:featuredmedia":[{"embeddable":true,"href":"http:\/\/klubmamgdynia.pl\/index.php\/wp-json\/wp\/v2\/media\/1069"}],"wp:attachment":[{"href":"http:\/\/klubmamgdynia.pl\/index.php\/wp-json\/wp\/v2\/media?parent=1068"}],"wp:term":[{"taxonomy":"product_cat","embeddable":true,"href":"http:\/\/klubmamgdynia.pl\/index.php\/wp-json\/wp\/v2\/product_cat?post=1068"},{"taxonomy":"product_tag","embeddable":true,"href":"http:\/\/klubmamgdynia.pl\/index.php\/wp-json\/wp\/v2\/product_tag?post=1068"}],"curies":[{"name":"wp","href":"https:\/\/api.w.org\/{rel}","templated":true}]}}