{"id":10681,"date":"2016-07-23T15:28:01","date_gmt":"2016-07-23T13:28:01","guid":{"rendered":"http:\/\/klubmamgdynia.pl\/index.php\/produkt\/norimpex-tablica-znikopis-pastelowy-domek-1005445\/"},"modified":"2026-04-30T07:56:23","modified_gmt":"2026-04-30T05:56:23","slug":"norimpex-tablica-znikopis-pastelowy-domek-1005445","status":"publish","type":"product","link":"http:\/\/klubmamgdynia.pl\/index.php\/produkt\/norimpex-tablica-znikopis-pastelowy-domek-1005445\/","title":{"rendered":"NORIMPEX Tablica znikopis Pastelowy domek 1005445"},"content":{"rendered":"<p>Tablica znikopis w kszta\u0142cie ba\u015bniowego domku z kszta\u0142tami do odrysowania.<\/p>\n<h2>NORIMPEX Tablica znikopis Pastelowy domek 1005445 Norimpex<\/h2>\n<p>pola imie, kiedy dzieci chodza na halloween, tulipany kolorowanki, znaczenie imienia julian, kolorowanki lol, wydarzenia dla dzieci warszawa, zadania dla 7 latka do druku, kolorowanki \u015bwi\u0119to niepodleg\u0142o\u015bci do druku, dobranoc zimowo, labirynt psi patrol, quiz o stolicach europy, malowanie past\u0105 do z\u0119b\u00f3w, zagadki rymowane, cytaty dziecko, kolorowanki do wydruku postacie z bajek<\/p>\n<p>yyyyy<\/p>\n<p>&nbsp;<\/p>\n","protected":false},"excerpt":{"rendered":"<p>Tablica znikopis w kszta\u0142cie ba\u015bniowego domku z kszta\u0142tami do odrysowania. NORIMPEX Tablica znikopis Pastelowy domek 1005445 Norimpex pola imie, kiedy dzieci chodza na halloween, tulipany kolorowanki, znaczenie imienia julian, kolorowanki lol, wydarzenia dla dzieci warszawa, zadania dla 7 latka do druku, kolorowanki \u015bwi\u0119to niepodleg\u0142o\u015bci do druku, dobranoc zimowo, labirynt psi patrol, quiz o stolicach europy, [&hellip;]<\/p>\n","protected":false},"featured_media":10682,"comment_status":"closed","ping_status":"open","template":"","meta":[],"product_cat":[554,21],"product_tag":[644,674,764,725],"class_list":["post-10681","product","type-product","status-publish","has-post-thumbnail","hentry","product_cat-norimpex","product_cat-zabawki-plastyczne","product_tag-mia","product_tag-miasto-dzieci","product_tag-prezenty-na-roczek-dla-dziewczynki","product_tag-zgadywanki"],"_links":{"self":[{"href":"http:\/\/klubmamgdynia.pl\/index.php\/wp-json\/wp\/v2\/product\/10681","targetHints":{"allow":["GET"]}}],"collection":[{"href":"http:\/\/klubmamgdynia.pl\/index.php\/wp-json\/wp\/v2\/product"}],"about":[{"href":"http:\/\/klubmamgdynia.pl\/index.php\/wp-json\/wp\/v2\/types\/product"}],"replies":[{"embeddable":true,"href":"http:\/\/klubmamgdynia.pl\/index.php\/wp-json\/wp\/v2\/comments?post=10681"}],"wp:featuredmedia":[{"embeddable":true,"href":"http:\/\/klubmamgdynia.pl\/index.php\/wp-json\/wp\/v2\/media\/10682"}],"wp:attachment":[{"href":"http:\/\/klubmamgdynia.pl\/index.php\/wp-json\/wp\/v2\/media?parent=10681"}],"wp:term":[{"taxonomy":"product_cat","embeddable":true,"href":"http:\/\/klubmamgdynia.pl\/index.php\/wp-json\/wp\/v2\/product_cat?post=10681"},{"taxonomy":"product_tag","embeddable":true,"href":"http:\/\/klubmamgdynia.pl\/index.php\/wp-json\/wp\/v2\/product_tag?post=10681"}],"curies":[{"name":"wp","href":"https:\/\/api.w.org\/{rel}","templated":true}]}}