{"id":10683,"date":"2013-07-28T17:08:44","date_gmt":"2013-07-28T15:08:44","guid":{"rendered":"http:\/\/klubmamgdynia.pl\/index.php\/produkt\/tomy-ricky-zoom-zestaw-z-przyczepa\/"},"modified":"2026-04-24T20:30:17","modified_gmt":"2026-04-24T18:30:17","slug":"tomy-ricky-zoom-zestaw-z-przyczepa","status":"publish","type":"product","link":"http:\/\/klubmamgdynia.pl\/index.php\/produkt\/tomy-ricky-zoom-zestaw-z-przyczepa\/","title":{"rendered":"Tomy Ricky Zoom Zestaw Z Przyczep\u0105"},"content":{"rendered":"<p>Rozpocznij przygod\u0119 z ulubion\u0105 postaci\u0105 z Ricky Zoom!Te zabawki motocyklowe s\u0105 gotowe, aby o\u017cywi\u0107 wyobra\u017ani\u0119. Dzi\u0119ki fachowo zaprojektowanym oponom bez problemu stoj\u0105 stabilnie po zatrzymaniu, a ich przednie ko\u0142a maj\u0105 ruchy przegubowe, kt\u00f3re pozwalaj\u0105 im skr\u0119ca\u0107 w lewo i prawo. Do ka\u017cdego motoru do\u0142\u0105czone jest specjalne akcesorium, kt\u00f3re pomo\u017ce w zabawie.Mo\u017cesz nawet wymienia\u0107 akcesoria mi\u0119dzy postaciami, aby prze\u017cywa\u0107 bardziej pomys\u0142owe przygody! Ka\u017cda figurka sprzedawana osobno. Istnieje wiele zabawek Ricky Zoom ze \u015bwiata Wheelford, zar\u00f3wno figurki, jak i zestawy. Ka\u017cdy wiernie oddaje ducha, energi\u0119 i rado\u015b\u0107 z serialu telewizyjnego ,,Ricky Zoom&#8221; i przenosi je do domu Twojego ma\u0142ego fana Ricky Zoom. NAZWA RICKY ZOOM ZESTAW Z PRZYCZEP\u0104 PRODUCENT TOMY WIEK 3+ EAN 0053941200923 Znajd\u017a podobne wed\u0142ug klucza: TOMY ZESTAW (420154)<\/p>\n<h2>Tomy Ricky Zoom Zestaw Z Przyczep\u0105 Tomy<\/h2>\n<p>szymon znaczenie imiona, szablon zaproszenia na urodziny do wydruku czarno bia\u0142e, prezenty na roczek, cytat o dzieciach, film animowany o \u015bwi\u0119tach, bajki dla niemowl\u0105t, na roczek dla dziewczynki, kolorowanki dla dziewczynek do druku, rodzina sentencja, kajko i kokosz szko\u0142a latania test z odpowiedziami, milan imie, rozalia imie, imi\u0119 nadia, tupu tup po \u015bniegu tekst, wilga, wielkanocne zagadki, milena<\/p>\n<p>yyyyy<\/p>\n<p>&nbsp;<\/p>\n","protected":false},"excerpt":{"rendered":"<p>Rozpocznij przygod\u0119 z ulubion\u0105 postaci\u0105 z Ricky Zoom!Te zabawki motocyklowe s\u0105 gotowe, aby o\u017cywi\u0107 wyobra\u017ani\u0119. Dzi\u0119ki fachowo zaprojektowanym oponom bez problemu stoj\u0105 stabilnie po zatrzymaniu, a ich przednie ko\u0142a maj\u0105 ruchy przegubowe, kt\u00f3re pozwalaj\u0105 im skr\u0119ca\u0107 w lewo i prawo. Do ka\u017cdego motoru do\u0142\u0105czone jest specjalne akcesorium, kt\u00f3re pomo\u017ce w zabawie.Mo\u017cesz nawet wymienia\u0107 akcesoria mi\u0119dzy [&hellip;]<\/p>\n","protected":false},"featured_media":10684,"comment_status":"closed","ping_status":"open","template":"","meta":[],"product_cat":[83,1327],"product_tag":[602,693,713],"class_list":["post-10683","product","type-product","status-publish","has-post-thumbnail","hentry","product_cat-auta-i-inne-pojazdy-do-zabawy","product_cat-tomy","product_tag-quiz-o-zwierzetach-domowych","product_tag-zagadki-dla-doroslych","product_tag-zagadki-logiczne-z-odpowiedziami"],"_links":{"self":[{"href":"http:\/\/klubmamgdynia.pl\/index.php\/wp-json\/wp\/v2\/product\/10683","targetHints":{"allow":["GET"]}}],"collection":[{"href":"http:\/\/klubmamgdynia.pl\/index.php\/wp-json\/wp\/v2\/product"}],"about":[{"href":"http:\/\/klubmamgdynia.pl\/index.php\/wp-json\/wp\/v2\/types\/product"}],"replies":[{"embeddable":true,"href":"http:\/\/klubmamgdynia.pl\/index.php\/wp-json\/wp\/v2\/comments?post=10683"}],"wp:featuredmedia":[{"embeddable":true,"href":"http:\/\/klubmamgdynia.pl\/index.php\/wp-json\/wp\/v2\/media\/10684"}],"wp:attachment":[{"href":"http:\/\/klubmamgdynia.pl\/index.php\/wp-json\/wp\/v2\/media?parent=10683"}],"wp:term":[{"taxonomy":"product_cat","embeddable":true,"href":"http:\/\/klubmamgdynia.pl\/index.php\/wp-json\/wp\/v2\/product_cat?post=10683"},{"taxonomy":"product_tag","embeddable":true,"href":"http:\/\/klubmamgdynia.pl\/index.php\/wp-json\/wp\/v2\/product_tag?post=10683"}],"curies":[{"name":"wp","href":"https:\/\/api.w.org\/{rel}","templated":true}]}}