{"id":10685,"date":"2023-06-08T03:41:08","date_gmt":"2023-06-08T01:41:08","guid":{"rendered":"http:\/\/klubmamgdynia.pl\/?post_type=product&#038;p=10685"},"modified":"2026-04-04T07:48:09","modified_gmt":"2026-04-04T05:48:09","slug":"farba-olejna-120ml-phoenix-301-orange-yellow","status":"publish","type":"product","link":"http:\/\/klubmamgdynia.pl\/index.php\/produkt\/farba-olejna-120ml-phoenix-301-orange-yellow\/","title":{"rendered":"FARBA OLEJNA 120ml PHOENIX 301 ORANGE YELLOW"},"content":{"rendered":"<p>Wysokiej jako\u015bci farby olejne marki Phoenix &#8211; tuba 120 ml. Dzi\u0119ki zastosowaniu przy produkcji najwy\u017cszej jako\u015bci pigment\u00f3w i oleju, farby te doskonale kryj\u0105 oraz daj\u0105 niezwykle mocne nasycenie kolorem. S\u0105 bardzo trwa\u0142e. Ka\u017cda tubka pakowana jest w oddzielne, estetyczne pude\u0142ko.Niew\u0105tpliw\u0105 zalet\u0105 farb Phoenix Oil Colour tuba 120 ml jest du\u017ca pojemno\u015b\u0107 skorelowana z atrakcyjn\u0105 cen\u0105.Farby polecamy zar\u00f3wno profesjonalnym jak i pocz\u0105tkuj\u0105cym Artystom.Kolory traktuj pogl\u0105dowo, ich odcie\u0144 wy\u015bwietlany na stronie sklepu zale\u017cy od ustawie\u0144 monitora.<\/p>\n<h2>FARBA OLEJNA 120ml PHOENIX 301 ORANGE YELLOW AEQ<\/h2>\n<p>quizy dla dzieci o zwierz\u0119tach, walentynka dla syna, cyferki do druku, roczek prezent, alan imi\u0119, atrakcje dla dzieci wroc\u0142aw i okolice, \u015bw przemys\u0142aw, kr\u00f3tkie zagadki dla dzieci<\/p>\n<p>yyyyy<\/p>\n<p>&nbsp;<\/p>\n","protected":false},"excerpt":{"rendered":"<p>Wysokiej jako\u015bci farby olejne marki Phoenix &#8211; tuba 120 ml. Dzi\u0119ki zastosowaniu przy produkcji najwy\u017cszej jako\u015bci pigment\u00f3w i oleju, farby te doskonale kryj\u0105 oraz daj\u0105 niezwykle mocne nasycenie kolorem. S\u0105 bardzo trwa\u0142e. Ka\u017cda tubka pakowana jest w oddzielne, estetyczne pude\u0142ko.Niew\u0105tpliw\u0105 zalet\u0105 farb Phoenix Oil Colour tuba 120 ml jest du\u017ca pojemno\u015b\u0107 skorelowana z atrakcyjn\u0105 cen\u0105.Farby [&hellip;]<\/p>\n","protected":false},"featured_media":10686,"comment_status":"closed","ping_status":"open","template":"","meta":[],"product_cat":[1921,1397],"product_tag":[702,748,704,726],"class_list":["post-10685","product","type-product","status-publish","has-post-thumbnail","hentry","product_cat-aeq","product_cat-farby-i-media-malarskie","product_tag-co-kupic-na-roczek-dla-dziewczynki","product_tag-okolice-wroclawia-atrakcje","product_tag-prezent-dla-nastolatka","product_tag-quiz-zemsta"],"_links":{"self":[{"href":"http:\/\/klubmamgdynia.pl\/index.php\/wp-json\/wp\/v2\/product\/10685","targetHints":{"allow":["GET"]}}],"collection":[{"href":"http:\/\/klubmamgdynia.pl\/index.php\/wp-json\/wp\/v2\/product"}],"about":[{"href":"http:\/\/klubmamgdynia.pl\/index.php\/wp-json\/wp\/v2\/types\/product"}],"replies":[{"embeddable":true,"href":"http:\/\/klubmamgdynia.pl\/index.php\/wp-json\/wp\/v2\/comments?post=10685"}],"wp:featuredmedia":[{"embeddable":true,"href":"http:\/\/klubmamgdynia.pl\/index.php\/wp-json\/wp\/v2\/media\/10686"}],"wp:attachment":[{"href":"http:\/\/klubmamgdynia.pl\/index.php\/wp-json\/wp\/v2\/media?parent=10685"}],"wp:term":[{"taxonomy":"product_cat","embeddable":true,"href":"http:\/\/klubmamgdynia.pl\/index.php\/wp-json\/wp\/v2\/product_cat?post=10685"},{"taxonomy":"product_tag","embeddable":true,"href":"http:\/\/klubmamgdynia.pl\/index.php\/wp-json\/wp\/v2\/product_tag?post=10685"}],"curies":[{"name":"wp","href":"https:\/\/api.w.org\/{rel}","templated":true}]}}