{"id":10693,"date":"2023-12-02T22:20:33","date_gmt":"2023-12-02T21:20:33","guid":{"rendered":"http:\/\/klubmamgdynia.pl\/?post_type=product&#038;p=10693"},"modified":"2026-05-17T21:59:39","modified_gmt":"2026-05-17T19:59:39","slug":"kids-euroswan-love-pirates-zestaw-naczyn-talerz-miska-kubek","status":"publish","type":"product","link":"http:\/\/klubmamgdynia.pl\/index.php\/produkt\/kids-euroswan-love-pirates-zestaw-naczyn-talerz-miska-kubek\/","title":{"rendered":"Kids Euroswan Love Pirates Zestaw Naczy\u0144 Talerz Miska Kubek"},"content":{"rendered":"<p>Piraci zestaw \u015bniadaniowy melamina 3 czPrze\u015bliczny graficznie zestaw z melaminy.Kubek ok. : 6,5 x 10 cmTalerzyk ok. :20 cmMiseczka ok. :16,5 x 6 cm<\/p>\n<h2>Kids Euroswan Love Pirates Zestaw Naczy\u0144 Talerz Miska Kubek Kids Euroswan<\/h2>\n<p>dzie\u0144 dziecka dla nastolatk\u00f3w, co\u015b dla nastolatk\u00f3w, proste zagadki, z\u0142ote my\u015bli o przyja\u017ani, w\u0142ochy, znaczenie imiona dawid, test z lektury asiunia, zabawy z 7 latkiem, cytaty dla mamy, ahmed, nauka j\u0119zyka polskiego dla dzieci z ukrainy materia\u0142y, lucjan imi\u0119, sonia imi\u0119, prezent na pierwsze urodziny, zabawy na dzie\u0144 dziecka w szkole, prezent na 1 urodziny, my jeste\u015bmy krasnoludki tekst, atrakcje dla dzieci warszawa, piosenka na dzie\u0144 nauczyciela przedszkole, zagadki na logike, piosenka dla mamy tekst<\/p>\n<p>yyyyy<\/p>\n<p>&nbsp;<\/p>\n","protected":false},"excerpt":{"rendered":"<p>Piraci zestaw \u015bniadaniowy melamina 3 czPrze\u015bliczny graficznie zestaw z melaminy.Kubek ok. : 6,5 x 10 cmTalerzyk ok. :20 cmMiseczka ok. :16,5 x 6 cm Kids Euroswan Love Pirates Zestaw Naczy\u0144 Talerz Miska Kubek Kids Euroswan dzie\u0144 dziecka dla nastolatk\u00f3w, co\u015b dla nastolatk\u00f3w, proste zagadki, z\u0142ote my\u015bli o przyja\u017ani, w\u0142ochy, znaczenie imiona dawid, test z lektury [&hellip;]<\/p>\n","protected":false},"featured_media":10694,"comment_status":"closed","ping_status":"open","template":"","meta":[],"product_cat":[1103,215],"product_tag":[819,763,758,612,587],"class_list":["post-10693","product","type-product","status-publish","has-post-thumbnail","hentry","product_cat-kids-euroswan","product_cat-naczynia-i-sztucce-dla-dzieci","product_tag-co-kupic-nastolatce-na-swieta","product_tag-fabian","product_tag-julian","product_tag-kolorowanki-do-druku","product_tag-skalne-miasto"],"_links":{"self":[{"href":"http:\/\/klubmamgdynia.pl\/index.php\/wp-json\/wp\/v2\/product\/10693","targetHints":{"allow":["GET"]}}],"collection":[{"href":"http:\/\/klubmamgdynia.pl\/index.php\/wp-json\/wp\/v2\/product"}],"about":[{"href":"http:\/\/klubmamgdynia.pl\/index.php\/wp-json\/wp\/v2\/types\/product"}],"replies":[{"embeddable":true,"href":"http:\/\/klubmamgdynia.pl\/index.php\/wp-json\/wp\/v2\/comments?post=10693"}],"wp:featuredmedia":[{"embeddable":true,"href":"http:\/\/klubmamgdynia.pl\/index.php\/wp-json\/wp\/v2\/media\/10694"}],"wp:attachment":[{"href":"http:\/\/klubmamgdynia.pl\/index.php\/wp-json\/wp\/v2\/media?parent=10693"}],"wp:term":[{"taxonomy":"product_cat","embeddable":true,"href":"http:\/\/klubmamgdynia.pl\/index.php\/wp-json\/wp\/v2\/product_cat?post=10693"},{"taxonomy":"product_tag","embeddable":true,"href":"http:\/\/klubmamgdynia.pl\/index.php\/wp-json\/wp\/v2\/product_tag?post=10693"}],"curies":[{"name":"wp","href":"https:\/\/api.w.org\/{rel}","templated":true}]}}