{"id":10697,"date":"2013-08-08T00:01:07","date_gmt":"2013-08-07T22:01:07","guid":{"rendered":"http:\/\/klubmamgdynia.pl\/index.php\/produkt\/aeq-farba-akrylowa-phoenix-100ml-217-indian-yellow\/"},"modified":"2026-04-06T09:59:17","modified_gmt":"2026-04-06T07:59:17","slug":"aeq-farba-akrylowa-phoenix-100ml-217-indian-yellow","status":"publish","type":"product","link":"http:\/\/klubmamgdynia.pl\/index.php\/produkt\/aeq-farba-akrylowa-phoenix-100ml-217-indian-yellow\/","title":{"rendered":"AEQ Farba akrylowa PHOENIX 100ml &#8211; 217 INDIAN YELLOW"},"content":{"rendered":"<p>Farby akrylowe firmy Phoenix w tubach o pojemno\u015bci 100ml &#8211; charakteryzuj\u0105 si\u0119 bardzo \u017cywym walorem i doskona\u0142ym kryciem. Farby te doskonale nadaj\u0105 si\u0119 do malowania po drewnie, ceramice, plastiku.Szeroka paleta kolor\u00f3w umo\u017cliwia odpowiednie dobranie farby.znajduj\u0105 uznanie zar\u00f3wno do\u015bwiadczonych jak i pocz\u0105tkuj\u0105cych malarzy.Kolory traktuj pogl\u0105dowo, ich odcie\u0144 zale\u017cy do ustawie\u0144 monitora<\/p>\n<h2>AEQ Farba akrylowa PHOENIX 100ml &#8211; 217 INDIAN YELLOW AEQ<\/h2>\n<p>mitologia test, zagadki rymowane, wierszyki o wakacjach kr\u00f3tkie, mandala kolorowanka, cytat dla mamy, zabawy z pi\u0142k\u0105, bajki na dobranoc dla dzieci, miriam imi\u0119, audiobooki dla dzieci za darmo, nowe quizy do rozwi\u0105zania, rysunki krok po kroku, mia, co robi\u0107 z dzieckiem w warszawie<\/p>\n<p>yyyyy<\/p>\n<p>&nbsp;<\/p>\n","protected":false},"excerpt":{"rendered":"<p>Farby akrylowe firmy Phoenix w tubach o pojemno\u015bci 100ml &#8211; charakteryzuj\u0105 si\u0119 bardzo \u017cywym walorem i doskona\u0142ym kryciem. Farby te doskonale nadaj\u0105 si\u0119 do malowania po drewnie, ceramice, plastiku.Szeroka paleta kolor\u00f3w umo\u017cliwia odpowiednie dobranie farby.znajduj\u0105 uznanie zar\u00f3wno do\u015bwiadczonych jak i pocz\u0105tkuj\u0105cych malarzy.Kolory traktuj pogl\u0105dowo, ich odcie\u0144 zale\u017cy do ustawie\u0144 monitora AEQ Farba akrylowa PHOENIX 100ml [&hellip;]<\/p>\n","protected":false},"featured_media":10698,"comment_status":"closed","ping_status":"open","template":"","meta":[],"product_cat":[1921,1397],"product_tag":[699,717,846,840],"class_list":["post-10697","product","type-product","status-publish","has-post-thumbnail","hentry","product_cat-aeq","product_cat-farby-i-media-malarskie","product_tag-kolorowanki-do-druku-dla-dziewczyn","product_tag-prezent-roczek","product_tag-rysowanki","product_tag-stare-bajki"],"_links":{"self":[{"href":"http:\/\/klubmamgdynia.pl\/index.php\/wp-json\/wp\/v2\/product\/10697","targetHints":{"allow":["GET"]}}],"collection":[{"href":"http:\/\/klubmamgdynia.pl\/index.php\/wp-json\/wp\/v2\/product"}],"about":[{"href":"http:\/\/klubmamgdynia.pl\/index.php\/wp-json\/wp\/v2\/types\/product"}],"replies":[{"embeddable":true,"href":"http:\/\/klubmamgdynia.pl\/index.php\/wp-json\/wp\/v2\/comments?post=10697"}],"wp:featuredmedia":[{"embeddable":true,"href":"http:\/\/klubmamgdynia.pl\/index.php\/wp-json\/wp\/v2\/media\/10698"}],"wp:attachment":[{"href":"http:\/\/klubmamgdynia.pl\/index.php\/wp-json\/wp\/v2\/media?parent=10697"}],"wp:term":[{"taxonomy":"product_cat","embeddable":true,"href":"http:\/\/klubmamgdynia.pl\/index.php\/wp-json\/wp\/v2\/product_cat?post=10697"},{"taxonomy":"product_tag","embeddable":true,"href":"http:\/\/klubmamgdynia.pl\/index.php\/wp-json\/wp\/v2\/product_tag?post=10697"}],"curies":[{"name":"wp","href":"https:\/\/api.w.org\/{rel}","templated":true}]}}