{"id":10699,"date":"2011-04-09T22:48:42","date_gmt":"2011-04-09T20:48:42","guid":{"rendered":"http:\/\/klubmamgdynia.pl\/index.php\/produkt\/dromader-witrazyki-13002366\/"},"modified":"2026-04-06T03:55:00","modified_gmt":"2026-04-06T01:55:00","slug":"dromader-witrazyki-13002366","status":"publish","type":"product","link":"http:\/\/klubmamgdynia.pl\/index.php\/produkt\/dromader-witrazyki-13002366\/","title":{"rendered":"Dromader Witra\u017cyki (13002366)"},"content":{"rendered":"<p>Dromader Zestaw kreatywny Witra\u017cykiWykonaj samodzielnie witra\u017cykowe zawieszki i udekoruj sw\u00f3j pok\u00f3j.Zawarto\u015b\u0107 zestawu:8 witra\u017cyk\u00f3w,3 kolory farby,p\u0119dzelek,wst\u0105\u017cka.<\/p>\n<h2>Dromader Witra\u017cyki (13002366) Dromader<\/h2>\n<p>stanis\u0142awa znaczenie imienia, film rodzinny o \u015bwi\u0119tach, oryginalny prezent dla nastolatk\u00f3w, sentencja rodzina, lol surprise kolorowanki, cytaty o dziecku i mamie, iwo, po\u0142\u0105cz kropki do druku \u0142atwe, nietypowe imiona damskie<\/p>\n<p>yyyyy<\/p>\n<p>&nbsp;<\/p>\n","protected":false},"excerpt":{"rendered":"<p>Dromader Zestaw kreatywny Witra\u017cykiWykonaj samodzielnie witra\u017cykowe zawieszki i udekoruj sw\u00f3j pok\u00f3j.Zawarto\u015b\u0107 zestawu:8 witra\u017cyk\u00f3w,3 kolory farby,p\u0119dzelek,wst\u0105\u017cka. Dromader Witra\u017cyki (13002366) Dromader stanis\u0142awa znaczenie imienia, film rodzinny o \u015bwi\u0119tach, oryginalny prezent dla nastolatk\u00f3w, sentencja rodzina, lol surprise kolorowanki, cytaty o dziecku i mamie, iwo, po\u0142\u0105cz kropki do druku \u0142atwe, nietypowe imiona damskie yyyyy &nbsp;<\/p>\n","protected":false},"featured_media":10700,"comment_status":"closed","ping_status":"open","template":"","meta":[],"product_cat":[60,21],"product_tag":[685,759,684,633,701],"class_list":["post-10699","product","type-product","status-publish","has-post-thumbnail","hentry","product_cat-dromader","product_cat-zabawki-plastyczne","product_tag-cytaty-o-rodzinie","product_tag-pomysly-na-prezent-dla-nastolatkow","product_tag-prezent-dla-dziewczynki-na-roczek","product_tag-zagadki-z-odpowiedziami","product_tag-zgadywanki-dla-dzieci"],"_links":{"self":[{"href":"http:\/\/klubmamgdynia.pl\/index.php\/wp-json\/wp\/v2\/product\/10699","targetHints":{"allow":["GET"]}}],"collection":[{"href":"http:\/\/klubmamgdynia.pl\/index.php\/wp-json\/wp\/v2\/product"}],"about":[{"href":"http:\/\/klubmamgdynia.pl\/index.php\/wp-json\/wp\/v2\/types\/product"}],"replies":[{"embeddable":true,"href":"http:\/\/klubmamgdynia.pl\/index.php\/wp-json\/wp\/v2\/comments?post=10699"}],"wp:featuredmedia":[{"embeddable":true,"href":"http:\/\/klubmamgdynia.pl\/index.php\/wp-json\/wp\/v2\/media\/10700"}],"wp:attachment":[{"href":"http:\/\/klubmamgdynia.pl\/index.php\/wp-json\/wp\/v2\/media?parent=10699"}],"wp:term":[{"taxonomy":"product_cat","embeddable":true,"href":"http:\/\/klubmamgdynia.pl\/index.php\/wp-json\/wp\/v2\/product_cat?post=10699"},{"taxonomy":"product_tag","embeddable":true,"href":"http:\/\/klubmamgdynia.pl\/index.php\/wp-json\/wp\/v2\/product_tag?post=10699"}],"curies":[{"name":"wp","href":"https:\/\/api.w.org\/{rel}","templated":true}]}}