{"id":1070,"date":"2015-11-15T17:03:21","date_gmt":"2015-11-15T16:03:21","guid":{"rendered":"http:\/\/klubmamgdynia.pl\/index.php\/produkt\/kierownica-symulator\/"},"modified":"2026-04-29T09:45:01","modified_gmt":"2026-04-29T07:45:01","slug":"kierownica-symulator","status":"publish","type":"product","link":"http:\/\/klubmamgdynia.pl\/index.php\/produkt\/kierownica-symulator\/","title":{"rendered":"Kierownica Symulator"},"content":{"rendered":"<p>Kierownica symulator Smily Play uruchamiana jest przy pomocy specjalnego w\u0142\u0105cznika w kszta\u0142cie kluczyka. Jest to analogiczna sytuacja jak w prawdziwym aucie przekr\u0119cenie kluczyka w stacyjce powoduje uruchomienie silnika. Zabawka wydaje r\u00f3wnie\u017c odg\u0142osy imituj\u0105ce d\u017awi\u0119k pracy prawdziwego silnika. W centralnym miejscu znajduje si\u0119 specjalny wy\u015bwietlacz z ruchom\u0105 drog\u0105. Kierownica posiada 6 przycisk\u00f3w funkcyjnych, dzi\u0119ki kt\u00f3rym us\u0142yszymy: sygna\u0142 policyjnego radiowozu, syren\u0119 wozu stra\u017cy po\u017carnej d\u017awi\u0119k alarmowy pogotowia ratunkowego szczekanie pieska miauczeine kotka kwakanie kaczki Wymaga trzech baterii typu AA 1.5V. kwakanie kaczki Wymaga trzech baterii typu AA 1.5V.<\/p>\n<h2>Kierownica Symulator Doris<\/h2>\n<p>lilianna, bal halloween dla dzieci 2021, sentencje o dzieciach, rainbow dash kolorowanka, bajki dla dzieci do czytania, zagadki dla doros\u0142ych<\/p>\n<p>yyyyy<\/p>\n<p>&nbsp;<\/p>\n","protected":false},"excerpt":{"rendered":"<p>Kierownica symulator Smily Play uruchamiana jest przy pomocy specjalnego w\u0142\u0105cznika w kszta\u0142cie kluczyka. Jest to analogiczna sytuacja jak w prawdziwym aucie przekr\u0119cenie kluczyka w stacyjce powoduje uruchomienie silnika. Zabawka wydaje r\u00f3wnie\u017c odg\u0142osy imituj\u0105ce d\u017awi\u0119k pracy prawdziwego silnika. W centralnym miejscu znajduje si\u0119 specjalny wy\u015bwietlacz z ruchom\u0105 drog\u0105. Kierownica posiada 6 przycisk\u00f3w funkcyjnych, dzi\u0119ki kt\u00f3rym us\u0142yszymy: [&hellip;]<\/p>\n","protected":false},"featured_media":1071,"comment_status":"closed","ping_status":"open","template":"","meta":[],"product_cat":[338,39],"product_tag":[719,718,606,760],"class_list":["post-1070","product","type-product","status-publish","has-post-thumbnail","hentry","product_cat-doris","product_cat-zabawki-interaktywne","product_tag-dziecko-cytaty-zlote-mysli","product_tag-prezent-na-roczek-dla-chrzesniaka","product_tag-stala-pod-sniegiem","product_tag-zagadka-matematyczna"],"_links":{"self":[{"href":"http:\/\/klubmamgdynia.pl\/index.php\/wp-json\/wp\/v2\/product\/1070","targetHints":{"allow":["GET"]}}],"collection":[{"href":"http:\/\/klubmamgdynia.pl\/index.php\/wp-json\/wp\/v2\/product"}],"about":[{"href":"http:\/\/klubmamgdynia.pl\/index.php\/wp-json\/wp\/v2\/types\/product"}],"replies":[{"embeddable":true,"href":"http:\/\/klubmamgdynia.pl\/index.php\/wp-json\/wp\/v2\/comments?post=1070"}],"wp:featuredmedia":[{"embeddable":true,"href":"http:\/\/klubmamgdynia.pl\/index.php\/wp-json\/wp\/v2\/media\/1071"}],"wp:attachment":[{"href":"http:\/\/klubmamgdynia.pl\/index.php\/wp-json\/wp\/v2\/media?parent=1070"}],"wp:term":[{"taxonomy":"product_cat","embeddable":true,"href":"http:\/\/klubmamgdynia.pl\/index.php\/wp-json\/wp\/v2\/product_cat?post=1070"},{"taxonomy":"product_tag","embeddable":true,"href":"http:\/\/klubmamgdynia.pl\/index.php\/wp-json\/wp\/v2\/product_tag?post=1070"}],"curies":[{"name":"wp","href":"https:\/\/api.w.org\/{rel}","templated":true}]}}