{"id":10705,"date":"2021-05-02T10:18:06","date_gmt":"2021-05-02T08:18:06","guid":{"rendered":"http:\/\/klubmamgdynia.pl\/index.php\/produkt\/dromader-zbuduj-wlasny-domek-7396\/"},"modified":"2026-05-17T22:42:21","modified_gmt":"2026-05-17T20:42:21","slug":"dromader-zbuduj-wlasny-domek-7396","status":"publish","type":"product","link":"http:\/\/klubmamgdynia.pl\/index.php\/produkt\/dromader-zbuduj-wlasny-domek-7396\/","title":{"rendered":"DROMADER Zbuduj w\u0142asny domek 7396"},"content":{"rendered":"<p>Dromader Zbuduj w\u0142asny domek to fantastyczny zestaw serii \u201ezr\u00f3b to sam\u201d dla dziewczynek marz\u0105cych o domku dla lalek. Najpierw Twoj\u0105 c\u00f3rk\u0119 czeka tw\u00f3rcze sk\u0142adanie element\u00f3w, a nast\u0119pnie wiele kreatywnych zabaw figurkami lub laleczkami. Konstrukcja wymaga dekorowania, wi\u0119c dziewczynki b\u0119d\u0105 mog\u0142y wykaza\u0107 si\u0119 umiej\u0119tno\u015bciami manualnymi. Atutem zabawki jest otwarta zabudowa i bezproblemowy dost\u0119p do wn\u0119trza.Spe\u0142nij marzenia swojego dziecka i pozw\u00f3l skonstruowa\u0107 fantazyjny domek. Arkusze s\u0105 gotowe do monta\u017cu. Wystarczy post\u0119powa\u0107 zgodnie z instrukcj\u0105, aby wkr\u00f3tce cieszy\u0107 si\u0119 urocz\u0105 will\u0105. Wn\u0119trze mieszkania dziewczynki mog\u0105 zaaran\u017cowa\u0107 wed\u0142ug w\u0142asnej pomys\u0142owo\u015bci. Dwupi\u0119trowa zabudowa zach\u0119ci dzieci do kreowania fascynuj\u0105cych scenek, przy u\u017cyciu ulubionych figurek lub laleczek.Zalety:\u2022 Lekka ale solidna konstrukcja;\u2022 Swobodny dost\u0119p do wn\u0119trza domku;\u2022 Samodzielnie zbudowany domek zachwyci wygl\u0105dem i wywo\u0142a mn\u00f3stwo pozytywnych emocji;\u2022 Drewniany domek dla lalek spe\u0142ni marzenia dziewczynek;\u2022 Kreatywny zestaw dla mi\u0142o\u015bniczek zabaw w dom, rodzin\u0119;W zestawie:\u2022 Drewniane arkusze;\u2022 Kolorowe kalkomanie;\u2022 Szpatu\u0142ka.Cechy:\u2022 Wiek dziecka: od 6 lat.<\/p>\n<h2>DROMADER Zbuduj w\u0142asny domek 7396 Dromader<\/h2>\n<p>prezent dla nastolatka, papuga kolorowanka, gry i zabawy ruchowe, prezenty dla nastolatk\u00f3w do 50 z\u0142, god\u0142o polski do druku, laurka dla babci, nela imi\u0119, motto dla nauczyciela, co \u0142apie ale nie rzuca, sentencje o przyja\u017ani, aniela znaczenie imienia, zagadki dla 7 latk\u00f3w, kolorowanki dla dziewczynek, zaproszenia na urodziny dla dzieci do druku, quizy ma\u0142y ksi\u0105\u017c\u0119, zagadki dla rodziny, quiz o usa<\/p>\n<p>yyyyy<\/p>\n<p>&nbsp;<\/p>\n","protected":false},"excerpt":{"rendered":"<p>Dromader Zbuduj w\u0142asny domek to fantastyczny zestaw serii \u201ezr\u00f3b to sam\u201d dla dziewczynek marz\u0105cych o domku dla lalek. Najpierw Twoj\u0105 c\u00f3rk\u0119 czeka tw\u00f3rcze sk\u0142adanie element\u00f3w, a nast\u0119pnie wiele kreatywnych zabaw figurkami lub laleczkami. Konstrukcja wymaga dekorowania, wi\u0119c dziewczynki b\u0119d\u0105 mog\u0142y wykaza\u0107 si\u0119 umiej\u0119tno\u015bciami manualnymi. Atutem zabawki jest otwarta zabudowa i bezproblemowy dost\u0119p do wn\u0119trza.Spe\u0142nij marzenia [&hellip;]<\/p>\n","protected":false},"featured_media":10706,"comment_status":"closed","ping_status":"open","template":"","meta":[],"product_cat":[60,21],"product_tag":[658,706,744,768],"class_list":["post-10705","product","type-product","status-publish","has-post-thumbnail","hentry","product_cat-dromader","product_cat-zabawki-plastyczne","product_tag-alan-znaczenie-imienia","product_tag-imie-kuba","product_tag-kolorowanki-swiateczne-do-wydruku","product_tag-krotkie-zagadki-logiczne"],"_links":{"self":[{"href":"http:\/\/klubmamgdynia.pl\/index.php\/wp-json\/wp\/v2\/product\/10705","targetHints":{"allow":["GET"]}}],"collection":[{"href":"http:\/\/klubmamgdynia.pl\/index.php\/wp-json\/wp\/v2\/product"}],"about":[{"href":"http:\/\/klubmamgdynia.pl\/index.php\/wp-json\/wp\/v2\/types\/product"}],"replies":[{"embeddable":true,"href":"http:\/\/klubmamgdynia.pl\/index.php\/wp-json\/wp\/v2\/comments?post=10705"}],"wp:featuredmedia":[{"embeddable":true,"href":"http:\/\/klubmamgdynia.pl\/index.php\/wp-json\/wp\/v2\/media\/10706"}],"wp:attachment":[{"href":"http:\/\/klubmamgdynia.pl\/index.php\/wp-json\/wp\/v2\/media?parent=10705"}],"wp:term":[{"taxonomy":"product_cat","embeddable":true,"href":"http:\/\/klubmamgdynia.pl\/index.php\/wp-json\/wp\/v2\/product_cat?post=10705"},{"taxonomy":"product_tag","embeddable":true,"href":"http:\/\/klubmamgdynia.pl\/index.php\/wp-json\/wp\/v2\/product_tag?post=10705"}],"curies":[{"name":"wp","href":"https:\/\/api.w.org\/{rel}","templated":true}]}}