{"id":10707,"date":"2022-09-10T07:44:59","date_gmt":"2022-09-10T05:44:59","guid":{"rendered":"http:\/\/klubmamgdynia.pl\/index.php\/produkt\/technok-toys-piramidka-kubeczki-do-ukladania-wieza-5el-5385\/"},"modified":"2026-04-04T05:46:17","modified_gmt":"2026-04-04T03:46:17","slug":"technok-toys-piramidka-kubeczki-do-ukladania-wieza-5el-5385","status":"publish","type":"product","link":"http:\/\/klubmamgdynia.pl\/index.php\/produkt\/technok-toys-piramidka-kubeczki-do-ukladania-wieza-5el-5385\/","title":{"rendered":"Technok Toys Piramidka Kubeczki Do Uk\u0142adania Wie\u017ca 5El. 5385"},"content":{"rendered":"<p>Kubeczki do uk\u0142adania do zabawy w wodzie i piasku. Zestaw idealny do zabawy na wiele sposob\u00f3w. Kubeczki mo\u017cna uk\u0142ada\u0107 jeden na drugim, tworz\u0105c wie\u017c\u0119 lub wk\u0142ada\u0107 jeden w drugi. Doskona\u0142e do zabawy w wodzie, idealnie sprawdz\u0105 si\u0119 podczas k\u0105pieli. Kubeczkami maluszek mo\u017ce bawi\u0107 si\u0119 r\u00f3wnie\u017c w piaskownicy lub na pla\u017cy, tworz\u0105c przepi\u0119kne babki z piasku.W zestawie 5 kubeczk\u00f3w w r\u00f3\u017cnych kolorach.<\/p>\n<h2>Technok Toys Piramidka Kubeczki Do Uk\u0142adania Wie\u017ca 5El. 5385 Maksik<\/h2>\n<p>bajka o sowie, \u015bmieszne zagadki matematyczne, zosia samosia, roza imie, nietypowe imiona, bal halloween dla dzieci 2021, prezenty na roczek, imi\u0119 iwo, \u017carty na prima aprilis w domu, jednoro\u017cec kolorowanka do druku, basen \u015bl\u0105sk, bajki do czytania psi patrol, kartk\u00f3wki z zegara, znaczenie imienia alan, zagadki walentynkowe, kawa\u0142y na prima aprilis dla rodzic\u00f3w, test z lektury kajko i kokosz szko\u0142a latania, smok wawelski bajka, zagadki na dzie\u0144 przedszkolaka, kolorowanka spiderman<\/p>\n<p>yyyyy<\/p>\n<p>&nbsp;<\/p>\n","protected":false},"excerpt":{"rendered":"<p>Kubeczki do uk\u0142adania do zabawy w wodzie i piasku. Zestaw idealny do zabawy na wiele sposob\u00f3w. Kubeczki mo\u017cna uk\u0142ada\u0107 jeden na drugim, tworz\u0105c wie\u017c\u0119 lub wk\u0142ada\u0107 jeden w drugi. Doskona\u0142e do zabawy w wodzie, idealnie sprawdz\u0105 si\u0119 podczas k\u0105pieli. Kubeczkami maluszek mo\u017ce bawi\u0107 si\u0119 r\u00f3wnie\u017c w piaskownicy lub na pla\u017cy, tworz\u0105c przepi\u0119kne babki z piasku.W [&hellip;]<\/p>\n","protected":false},"featured_media":10708,"comment_status":"closed","ping_status":"open","template":"","meta":[],"product_cat":[1201,61],"product_tag":[686,670,816,767],"class_list":["post-10707","product","type-product","status-publish","has-post-thumbnail","hentry","product_cat-maksik","product_cat-zabawki-edukacyjne-dla-niemowlat","product_tag-co-na-roczek-dla-chlopca","product_tag-irma","product_tag-place-zabaw-warszawa","product_tag-zaproszenia-urodzinowe-do-druku"],"_links":{"self":[{"href":"http:\/\/klubmamgdynia.pl\/index.php\/wp-json\/wp\/v2\/product\/10707","targetHints":{"allow":["GET"]}}],"collection":[{"href":"http:\/\/klubmamgdynia.pl\/index.php\/wp-json\/wp\/v2\/product"}],"about":[{"href":"http:\/\/klubmamgdynia.pl\/index.php\/wp-json\/wp\/v2\/types\/product"}],"replies":[{"embeddable":true,"href":"http:\/\/klubmamgdynia.pl\/index.php\/wp-json\/wp\/v2\/comments?post=10707"}],"wp:featuredmedia":[{"embeddable":true,"href":"http:\/\/klubmamgdynia.pl\/index.php\/wp-json\/wp\/v2\/media\/10708"}],"wp:attachment":[{"href":"http:\/\/klubmamgdynia.pl\/index.php\/wp-json\/wp\/v2\/media?parent=10707"}],"wp:term":[{"taxonomy":"product_cat","embeddable":true,"href":"http:\/\/klubmamgdynia.pl\/index.php\/wp-json\/wp\/v2\/product_cat?post=10707"},{"taxonomy":"product_tag","embeddable":true,"href":"http:\/\/klubmamgdynia.pl\/index.php\/wp-json\/wp\/v2\/product_tag?post=10707"}],"curies":[{"name":"wp","href":"https:\/\/api.w.org\/{rel}","templated":true}]}}