{"id":10709,"date":"2017-04-05T14:22:58","date_gmt":"2017-04-05T12:22:58","guid":{"rendered":"http:\/\/klubmamgdynia.pl\/index.php\/produkt\/trifox-malowidla-dla-lalek-slon\/"},"modified":"2026-04-03T10:41:23","modified_gmt":"2026-04-03T08:41:23","slug":"trifox-malowidla-dla-lalek-slon","status":"publish","type":"product","link":"http:\/\/klubmamgdynia.pl\/index.php\/produkt\/trifox-malowidla-dla-lalek-slon\/","title":{"rendered":"Trifox Malowid\u0142a Dla Lalek S\u0142o\u0144"},"content":{"rendered":"<p>Malowid\u0142a dla lalek s\u0142o\u0144&#8230;<\/p>\n<h2>Trifox Malowid\u0142a Dla Lalek S\u0142o\u0144 Trifox<\/h2>\n<p>quizy online, zagadki logiczne z odpowiedziami, kolorowanka ninjago, upominek dla nastolatk\u00f3w<\/p>\n<p>yyyyy<\/p>\n<p>&nbsp;<\/p>\n","protected":false},"excerpt":{"rendered":"<p>Malowid\u0142a dla lalek s\u0142o\u0144&#8230; Trifox Malowid\u0142a Dla Lalek S\u0142o\u0144 Trifox quizy online, zagadki logiczne z odpowiedziami, kolorowanka ninjago, upominek dla nastolatk\u00f3w yyyyy &nbsp;<\/p>\n","protected":false},"featured_media":10710,"comment_status":"closed","ping_status":"open","template":"","meta":[],"product_cat":[172,308],"product_tag":[740,755,744],"class_list":["post-10709","product","type-product","status-publish","has-post-thumbnail","hentry","product_cat-akcesoria-dla-lalek","product_cat-trifox","product_tag-fajne-prezenty-dla-nastolatkow","product_tag-henryk","product_tag-kolorowanki-swiateczne-do-wydruku"],"_links":{"self":[{"href":"http:\/\/klubmamgdynia.pl\/index.php\/wp-json\/wp\/v2\/product\/10709","targetHints":{"allow":["GET"]}}],"collection":[{"href":"http:\/\/klubmamgdynia.pl\/index.php\/wp-json\/wp\/v2\/product"}],"about":[{"href":"http:\/\/klubmamgdynia.pl\/index.php\/wp-json\/wp\/v2\/types\/product"}],"replies":[{"embeddable":true,"href":"http:\/\/klubmamgdynia.pl\/index.php\/wp-json\/wp\/v2\/comments?post=10709"}],"wp:featuredmedia":[{"embeddable":true,"href":"http:\/\/klubmamgdynia.pl\/index.php\/wp-json\/wp\/v2\/media\/10710"}],"wp:attachment":[{"href":"http:\/\/klubmamgdynia.pl\/index.php\/wp-json\/wp\/v2\/media?parent=10709"}],"wp:term":[{"taxonomy":"product_cat","embeddable":true,"href":"http:\/\/klubmamgdynia.pl\/index.php\/wp-json\/wp\/v2\/product_cat?post=10709"},{"taxonomy":"product_tag","embeddable":true,"href":"http:\/\/klubmamgdynia.pl\/index.php\/wp-json\/wp\/v2\/product_tag?post=10709"}],"curies":[{"name":"wp","href":"https:\/\/api.w.org\/{rel}","templated":true}]}}